{"id":2,"date":"2024-02-21T13:43:47","date_gmt":"2024-02-21T12:43:47","guid":{"rendered":"https:\/\/www.downssyndrom.no\/hordaland\/?page_id=2"},"modified":"2024-04-08T14:56:26","modified_gmt":"2024-04-08T12:56:26","slug":"testside","status":"publish","type":"page","link":"https:\/\/www.downssyndrom.no\/vestland\/","title":{"rendered":"Downs Syndrom Vestland"},"content":{"rendered":"\n\t<div class=\"dsn-hero has-global-padding is-layout-constrained alignfull is-style-default wp-block-dsn-hero has-background has-secondary-100-background-color\">\n\t\t<div class=\"dsn-hero__content alignwide\">\n\t\t\t<div class=\"dsn-hero__blocks\">\n\t\t\t\t\n\n<h1 class=\"wp-block-heading\" id=\"h-velkommen-til-downs-syndrom-vestland\">Velkommen til Downs Syndrom Vestland<\/h1>\n\n\n<p class=\"t2-ingress wp-block-t2-ingress\">Downs Syndrom Vestland er et lokallag for medlemmer av Downs Syndrom Norge . Vi har arrangementer i omr\u00e5det rundt Bergen. F\u00f8lg oss p\u00e5 facebook eller meld deg inn i SPOND gruppen v\u00e5r for \u00e5 f\u00e5 info om arrangementer.<\/p>\n\n\n<div class=\"wp-block-buttons is-layout-flex wp-block-buttons-is-layout-flex\">\n<div class=\"wp-block-button has-icon has-icon-arrowOutward\"><a class=\"wp-block-button__link wp-element-button\" href=\"https:\/\/www.downssyndrom.no\/bli-medlem\/\">Bli medlem<svg xmlns=\"http:\/\/www.w3.org\/2000\/svg\" viewBox=\"0 0 24 24\" height=\"24\" width=\"24\" class=\"t2-icon t2-icon-arrowoutward\" aria-hidden=\"true\" focusable=\"false\"><path d=\"m16 8.398438-8.875 8.902343c-.199219.199219-.4375.300781-.710938.300781-.277343 0-.515624-.101562-.714843-.300781-.199219-.199219-.300781-.4375-.300781-.714843 0-.273438.101562-.511719.300781-.710938L14.601562 7H7c-.285156 0-.519531-.097656-.710938-.289062C6.097656 6.519531 6 6.285156 6 6c0-.285156.097656-.519531.289062-.710938C6.480469 5.097656 6.714844 5 7 5h10c.285156 0 .519531.097656.710938.289062C17.902344 5.480469 18 5.714844 18 6v10c0 .285156-.097656.519531-.289062.710938C17.519531 16.902344 17.285156 17 17 17c-.285156 0-.519531-.097656-.710938-.289062C16.097656 16.519531 16 16.285156 16 16Zm0 0\" fill=\"currentColor\" \/><\/svg><\/a><\/div>\n\n\n\n<div class=\"wp-block-button is-style-link-button has-icon has-icon-linkExternal\"><a class=\"wp-block-button__link wp-element-button\" href=\"https:\/\/www.facebook.com\/groups\/163258727036093\" target=\"_blank\" rel=\"noreferrer noopener\">Bes\u00f8k oss p\u00e5 Facebook<svg xmlns=\"http:\/\/www.w3.org\/2000\/svg\" viewBox=\"0 0 24 24\" height=\"24\" width=\"24\" class=\"t2-icon t2-icon-linkexternal\" aria-hidden=\"true\" focusable=\"false\"><path d=\"M5 21c-.5 0-1-.2-1.4-.6S3 19.6 3 19V5c0-.6.2-1 .6-1.4S4.5 3 5 3h6c.3 0 .5.1.7.3.2.2.3.4.3.7 0 .3-.1.5-.3.7-.2.2-.4.3-.7.3H5v14h14v-6c0-.3.1-.5.3-.7.2-.2.4-.3.7-.3s.5.1.7.3c.2.2.3.4.3.7v6c0 .6-.2 1-.6 1.4s-.8.6-1.4.6H5zm4-6c-.2-.2-.3-.4-.3-.7s.1-.5.3-.7L17.6 5H15c-.3 0-.5-.1-.7-.3-.2-.2-.3-.4-.3-.7 0-.3.1-.5.3-.7.2-.2.4-.3.7-.3h5c.3 0 .5.1.7.3.2.2.3.4.3.7v5c0 .3-.1.5-.3.7-.2.2-.4.3-.7.3s-.5-.1-.7-.3c-.2-.2-.3-.4-.3-.7V6.4L10.4 15c-.2.2-.4.3-.7.3s-.5-.1-.7-.3z\" fill=\"currentColor\" \/><\/svg><\/a><\/div>\n\n\n\n<div class=\"wp-block-button is-style-link-button has-icon has-icon-linkExternal\"><a class=\"wp-block-button__link wp-element-button\" href=\"https:\/\/group.spond.com\/BEMGE\" target=\"_blank\" rel=\"noreferrer noopener\">SPOND<svg xmlns=\"http:\/\/www.w3.org\/2000\/svg\" viewBox=\"0 0 24 24\" height=\"24\" width=\"24\" class=\"t2-icon t2-icon-linkexternal\" aria-hidden=\"true\" focusable=\"false\"><path d=\"M5 21c-.5 0-1-.2-1.4-.6S3 19.6 3 19V5c0-.6.2-1 .6-1.4S4.5 3 5 3h6c.3 0 .5.1.7.3.2.2.3.4.3.7 0 .3-.1.5-.3.7-.2.2-.4.3-.7.3H5v14h14v-6c0-.3.1-.5.3-.7.2-.2.4-.3.7-.3s.5.1.7.3c.2.2.3.4.3.7v6c0 .6-.2 1-.6 1.4s-.8.6-1.4.6H5zm4-6c-.2-.2-.3-.4-.3-.7s.1-.5.3-.7L17.6 5H15c-.3 0-.5-.1-.7-.3-.2-.2-.3-.4-.3-.7 0-.3.1-.5.3-.7.2-.2.4-.3.7-.3h5c.3 0 .5.1.7.3.2.2.3.4.3.7v5c0 .3-.1.5-.3.7-.2.2-.4.3-.7.3s-.5-.1-.7-.3c-.2-.2-.3-.4-.3-.7V6.4L10.4 15c-.2.2-.4.3-.7.3s-.5-.1-.7-.3z\" fill=\"currentColor\" \/><\/svg><\/a><\/div>\n<\/div>\n\n\t\t\t<\/div>\n\t\t\t<img fetchpriority=\"high\" decoding=\"async\" width=\"960\" height=\"629\" src=\"https:\/\/www.downssyndrom.no\/content\/uploads\/sites\/10\/2024\/04\/Downs-syndrom-vestland.jpg\" class=\"dsn-hero__image\" alt=\"\" style=\"object-position: 47% 39%\" loading=\"eager\" \/>\t\t<\/div>\n\t<\/div>\n\t\n\n\n<div class=\"wp-block-columns alignwide are-vertically-aligned-center is-layout-flex wp-container-core-columns-is-layout-28f84493 wp-block-columns-is-layout-flex\">\n<div class=\"wp-block-column is-vertically-aligned-center is-layout-flow wp-block-column-is-layout-flow\">\n<figure class=\"wp-block-image size-full\"><img loading=\"lazy\" decoding=\"async\" width=\"1000\" height=\"750\" src=\"https:\/\/www.downssyndrom.no\/content\/uploads\/sites\/10\/2024\/04\/Rockesokker-6.png\" alt=\"\" class=\"wp-image-114\" srcset=\"https:\/\/www.downssyndrom.no\/content\/uploads\/sites\/10\/2024\/04\/Rockesokker-6.png 1000w, https:\/\/www.downssyndrom.no\/content\/uploads\/sites\/10\/2024\/04\/Rockesokker-6-300x225.png 300w, https:\/\/www.downssyndrom.no\/content\/uploads\/sites\/10\/2024\/04\/Rockesokker-6-768x576.png 768w\" sizes=\"auto, (max-width: 1000px) 100vw, 1000px\" \/><\/figure>\n<\/div>\n\n\n\n<div class=\"wp-block-column is-vertically-aligned-center is-layout-flow wp-block-column-is-layout-flow\">\n<h2 class=\"wp-block-heading\" id=\"h-stott-oss-ved-a-bli-grasrotgiver\">St\u00f8tt oss ved \u00e5 bli Grasrotgiver!<\/h2>\n\n\n\n<p>Du m\u00e5 v\u00e6re kunde hos Norsk Tipping for \u00e5 bli grasrotgiver. Du kan sende SMS Grasrotandelen \u00aborg.nr\u00bb (org nr= 989775871) til 2020 (tjenesten er gratis).<\/p>\n\n\n\n<div class=\"wp-block-buttons is-layout-flex wp-block-buttons-is-layout-flex\">\n<div class=\"wp-block-button has-icon has-icon-linkExternal\"><a class=\"wp-block-button__link wp-element-button\" href=\"https:\/\/www.norsk-tipping.no\/grasrotandelen\/din-mottaker\/989775871\" target=\"_blank\" rel=\"noreferrer noopener\">Les mer om \u00e5 bli Grasrotgiver<svg xmlns=\"http:\/\/www.w3.org\/2000\/svg\" viewBox=\"0 0 24 24\" height=\"24\" width=\"24\" class=\"t2-icon t2-icon-linkexternal\" aria-hidden=\"true\" focusable=\"false\"><path d=\"M5 21c-.5 0-1-.2-1.4-.6S3 19.6 3 19V5c0-.6.2-1 .6-1.4S4.5 3 5 3h6c.3 0 .5.1.7.3.2.2.3.4.3.7 0 .3-.1.5-.3.7-.2.2-.4.3-.7.3H5v14h14v-6c0-.3.1-.5.3-.7.2-.2.4-.3.7-.3s.5.1.7.3c.2.2.3.4.3.7v6c0 .6-.2 1-.6 1.4s-.8.6-1.4.6H5zm4-6c-.2-.2-.3-.4-.3-.7s.1-.5.3-.7L17.6 5H15c-.3 0-.5-.1-.7-.3-.2-.2-.3-.4-.3-.7 0-.3.1-.5.3-.7.2-.2.4-.3.7-.3h5c.3 0 .5.1.7.3.2.2.3.4.3.7v5c0 .3-.1.5-.3.7-.2.2-.4.3-.7.3s-.5-.1-.7-.3c-.2-.2-.3-.4-.3-.7V6.4L10.4 15c-.2.2-.4.3-.7.3s-.5-.1-.7-.3z\" fill=\"currentColor\" \/><\/svg><\/a><\/div>\n<\/div>\n<\/div>\n<\/div>\n\n\n\n<div class=\"wp-block-columns alignwide is-layout-flex wp-container-core-columns-is-layout-28f84493 wp-block-columns-is-layout-flex\">\n<div class=\"wp-block-column is-vertically-aligned-center is-layout-flow wp-block-column-is-layout-flow\">\n<h2 class=\"wp-block-heading\" id=\"kjaere-nybakte-foreldre\">Kj\u00e6re nybakte foreldre!<\/h2>\n\n\n\n<p>Velkommen til oss! Her kan du bli kjent med andre i samme situasjon, og f\u00e5 gode r\u00e5d fra noen som har barn et par \u00e5r eldre enn ditt.<\/p>\n\n\n\n<div class=\"wp-block-buttons is-layout-flex wp-block-buttons-is-layout-flex\">\n<div class=\"wp-block-button is-style-outline is-style-outline--1 has-icon has-icon-email\"><a class=\"wp-block-button__link wp-element-button\" href=\"mailto:vestland@downssyndrom.no\" target=\"_blank\" rel=\"noreferrer noopener\">Kontakt oss for \u00e5 f\u00e5 vite mer<svg xmlns=\"http:\/\/www.w3.org\/2000\/svg\" viewBox=\"0 0 24 24\" height=\"24\" width=\"24\" class=\"t2-icon t2-icon-email\" aria-hidden=\"true\" focusable=\"false\"><path d=\"M12 22c-1.4 0-2.7-.3-3.9-.8-1.2-.5-2.3-1.2-3.2-2.1s-1.6-2-2.1-3.2S2 13.4 2 12s.3-2.7.8-3.9S4 5.8 4.9 4.9s2-1.6 3.2-2.2S10.6 2 12 2s2.7.3 3.9.8S18.2 4 19.1 5s1.6 2 2.1 3.2c.5 1.1.8 2.4.8 3.8v1.4c0 1-.3 1.8-1 2.5s-1.5 1-2.5 1c-.6 0-1.2-.1-1.7-.4-.5-.3-.9-.6-1.3-1.1-.4.4-1 .8-1.6 1.1-.6.3-1.3.4-2 .4-1.4 0-2.6-.5-3.5-1.5S7 13.4 7 12s.5-2.6 1.5-3.5S10.6 7 12 7s2.6.5 3.5 1.5S17 10.6 17 12v1.4c0 .5.1.9.5 1.1.3.3.6.4 1 .4s.8-.1 1.1-.4c.3-.3.4-.7.4-1.1V12c0-2.2-.8-4.1-2.4-5.6C16.1 4.8 14.2 4 12 4s-4.1.8-5.6 2.4S4 9.8 4 12s.8 4.1 2.4 5.6C7.9 19.2 9.8 20 12 20h4c.3 0 .5.1.7.3.2.2.3.4.3.7s-.1.5-.3.7c-.2.2-.4.3-.7.3h-4zm0-7c.8 0 1.5-.3 2.1-.9s.9-1.3.9-2.1-.3-1.5-.9-2.1c-.6-.6-1.3-.9-2.1-.9s-1.5.3-2.1.9c-.6.6-.9 1.3-.9 2.1s.3 1.5.9 2.1c.6.6 1.3.9 2.1.9z\" fill=\"currentColor\" \/><\/svg><\/a><\/div>\n<\/div>\n<\/div>\n\n\n\n<div class=\"wp-block-column is-layout-flow wp-block-column-is-layout-flow\">\n<figure class=\"wp-block-image size-large\"><img decoding=\"async\" src=\"https:\/\/www.downssyndrom.no\/content\/uploads\/sites\/4\/2024\/01\/VU_Kompetanse_Bildebank_Mars_2022_027-819x1024.jpg\" alt=\"Babyf\u00f8tter\" class=\"wp-image-1020\" style=\"aspect-ratio:4\/3;object-fit:cover\"\/><\/figure>\n<\/div>\n<\/div>\n\n\n\n<div class=\"wp-block-columns alignwide is-layout-flex wp-container-core-columns-is-layout-28f84493 wp-block-columns-is-layout-flex\">\n<div class=\"wp-block-column is-layout-flow wp-block-column-is-layout-flow\">\n<figure class=\"wp-block-image size-large\"><img decoding=\"async\" src=\"https:\/\/www.downssyndrom.no\/content\/uploads\/sites\/4\/2024\/01\/IMG_4923-941x1024.jpeg\" alt=\"Jente som sitter ved PC\" class=\"wp-image-1008\" style=\"aspect-ratio:4\/3;object-fit:cover\"\/><\/figure>\n<\/div>\n\n\n\n<div class=\"wp-block-column is-vertically-aligned-center is-layout-flow wp-block-column-is-layout-flow\">\n<h2 class=\"wp-block-heading\" id=\"nyttige-lenker\">Nyttige lenker<\/h2>\n\n\n\n<p>Kulturetaten i Bergen kommune tilbyr en rekke aktiviteter spesielt tilrettelagt personer med utviklingshemming, innen blant annet &nbsp;kunst og h\u00e5ndverk, musikk, teater og dans.&nbsp;Lenkene finner du p\u00e5 Bergen kommune side nettsider.<\/p>\n\n\n\n<div class=\"wp-block-buttons is-layout-flex wp-block-buttons-is-layout-flex\">\n<div class=\"wp-block-button is-style-outline is-style-outline--2 has-icon has-icon-linkExternal\"><a class=\"wp-block-button__link wp-element-button\" href=\"https:\/\/www.bergen.kommune.no\/innbyggerhjelpen\/kultur-idrett-og-fritid\/fritid\/tilrettelagt-fritid\/kulturtilbud-og-fritidstilbud-til-personer-med-utviklingshemming\" target=\"_blank\" rel=\"noreferrer noopener\">Bergen kommune<svg xmlns=\"http:\/\/www.w3.org\/2000\/svg\" viewBox=\"0 0 24 24\" height=\"24\" width=\"24\" class=\"t2-icon t2-icon-linkexternal\" aria-hidden=\"true\" focusable=\"false\"><path d=\"M5 21c-.5 0-1-.2-1.4-.6S3 19.6 3 19V5c0-.6.2-1 .6-1.4S4.5 3 5 3h6c.3 0 .5.1.7.3.2.2.3.4.3.7 0 .3-.1.5-.3.7-.2.2-.4.3-.7.3H5v14h14v-6c0-.3.1-.5.3-.7.2-.2.4-.3.7-.3s.5.1.7.3c.2.2.3.4.3.7v6c0 .6-.2 1-.6 1.4s-.8.6-1.4.6H5zm4-6c-.2-.2-.3-.4-.3-.7s.1-.5.3-.7L17.6 5H15c-.3 0-.5-.1-.7-.3-.2-.2-.3-.4-.3-.7 0-.3.1-.5.3-.7.2-.2.4-.3.7-.3h5c.3 0 .5.1.7.3.2.2.3.4.3.7v5c0 .3-.1.5-.3.7-.2.2-.4.3-.7.3s-.5-.1-.7-.3c-.2-.2-.3-.4-.3-.7V6.4L10.4 15c-.2.2-.4.3-.7.3s-.5-.1-.7-.3z\" fill=\"currentColor\" \/><\/svg><\/a><\/div>\n<\/div>\n<\/div>\n<\/div>\n\n\n\n<div class=\"wp-block-columns alignwide is-layout-flex wp-container-core-columns-is-layout-28f84493 wp-block-columns-is-layout-flex\">\n<div class=\"wp-block-column is-vertically-aligned-center is-layout-flow wp-block-column-is-layout-flow\">\n<h2 class=\"wp-block-heading\" id=\"trenger-du-noen-a-snakke-med\">Trenger du noen \u00e5 snakke med?<\/h2>\n\n\n\n<p>Vil du snakke med en likeperson som har erfaring med hverdagslivet med Downs syndrom? Da er du velkommen til \u00e5 ringe inn til v\u00e5r likepersontelefon p\u00e5 tlf: 462 87 348.<\/p>\n\n\n\n<div class=\"wp-block-buttons is-layout-flex wp-block-buttons-is-layout-flex\">\n<div class=\"wp-block-button is-style-outline is-style-outline--3 has-icon has-icon-linkExternal\"><a class=\"wp-block-button__link wp-element-button\" href=\"https:\/\/www.downssyndrom.no\/kontakt-oss\/likepersontelefon\/\" target=\"_blank\" rel=\"noreferrer noopener\">Les mer og ring likepersontelefonen<svg xmlns=\"http:\/\/www.w3.org\/2000\/svg\" viewBox=\"0 0 24 24\" height=\"24\" width=\"24\" class=\"t2-icon t2-icon-linkexternal\" aria-hidden=\"true\" focusable=\"false\"><path d=\"M5 21c-.5 0-1-.2-1.4-.6S3 19.6 3 19V5c0-.6.2-1 .6-1.4S4.5 3 5 3h6c.3 0 .5.1.7.3.2.2.3.4.3.7 0 .3-.1.5-.3.7-.2.2-.4.3-.7.3H5v14h14v-6c0-.3.1-.5.3-.7.2-.2.4-.3.7-.3s.5.1.7.3c.2.2.3.4.3.7v6c0 .6-.2 1-.6 1.4s-.8.6-1.4.6H5zm4-6c-.2-.2-.3-.4-.3-.7s.1-.5.3-.7L17.6 5H15c-.3 0-.5-.1-.7-.3-.2-.2-.3-.4-.3-.7 0-.3.1-.5.3-.7.2-.2.4-.3.7-.3h5c.3 0 .5.1.7.3.2.2.3.4.3.7v5c0 .3-.1.5-.3.7-.2.2-.4.3-.7.3s-.5-.1-.7-.3c-.2-.2-.3-.4-.3-.7V6.4L10.4 15c-.2.2-.4.3-.7.3s-.5-.1-.7-.3z\" fill=\"currentColor\" \/><\/svg><\/a><\/div>\n<\/div>\n<\/div>\n\n\n\n<div class=\"wp-block-column is-layout-flow wp-block-column-is-layout-flow\">\n<figure class=\"wp-block-image size-large\"><img decoding=\"async\" src=\"https:\/\/www.downssyndrom.no\/content\/uploads\/sites\/4\/2024\/01\/IMG_5019-835x1024.jpeg\" alt=\"\" class=\"wp-image-989\" style=\"aspect-ratio:4\/3;object-fit:cover\"\/><\/figure>\n<\/div>\n<\/div>\n","protected":false},"excerpt":{"rendered":"","protected":false},"author":1,"featured_media":0,"parent":0,"menu_order":0,"comment_status":"closed","ping_status":"open","template":"","meta":{"alternative_post_author":"","footnotes":""},"class_list":["post-2","page","type-page","status-publish","hentry"],"yoast_head":"<!-- This site is optimized with the Yoast SEO Premium plugin v26.4-RC2 (Yoast SEO v26.4-RC2) - https:\/\/yoast.com\/wordpress\/plugins\/seo\/ -->\n<title>Downs Syndrom Vestland - Downs Syndrom Vestland<\/title>\n<meta name=\"robots\" content=\"index, follow, max-snippet:-1, max-image-preview:large, max-video-preview:-1\" \/>\n<link rel=\"canonical\" href=\"https:\/\/www.downssyndrom.no\/vestland\/\" \/>\n<meta property=\"og:locale\" content=\"nb_NO\" \/>\n<meta property=\"og:type\" content=\"article\" \/>\n<meta property=\"og:title\" content=\"Downs Syndrom Vestland\" \/>\n<meta property=\"og:url\" content=\"https:\/\/www.downssyndrom.no\/vestland\/\" \/>\n<meta property=\"og:site_name\" content=\"Downs Syndrom Vestland\" \/>\n<meta property=\"article:modified_time\" content=\"2024-04-08T12:56:26+00:00\" \/>\n<meta property=\"og:image\" content=\"https:\/\/www.downssyndrom.no\/content\/uploads\/sites\/10\/2024\/04\/Rockesokker-6.png\" \/>\n<meta name=\"twitter:card\" content=\"summary_large_image\" \/>\n<meta name=\"twitter:label1\" content=\"Ansl. lesetid\" \/>\n\t<meta name=\"twitter:data1\" content=\"2 minutter\" \/>\n<script type=\"application\/ld+json\" class=\"yoast-schema-graph\">{\"@context\":\"https:\/\/schema.org\",\"@graph\":[{\"@type\":\"WebPage\",\"@id\":\"https:\/\/www.downssyndrom.no\/vestland\/\",\"url\":\"https:\/\/www.downssyndrom.no\/vestland\/\",\"name\":\"Downs Syndrom Vestland - Downs Syndrom Vestland\",\"isPartOf\":{\"@id\":\"https:\/\/www.downssyndrom.no\/vestland\/#website\"},\"primaryImageOfPage\":{\"@id\":\"https:\/\/www.downssyndrom.no\/vestland\/#primaryimage\"},\"image\":{\"@id\":\"https:\/\/www.downssyndrom.no\/vestland\/#primaryimage\"},\"thumbnailUrl\":\"https:\/\/www.downssyndrom.no\/content\/uploads\/sites\/10\/2024\/04\/Rockesokker-6.png\",\"datePublished\":\"2024-02-21T12:43:47+00:00\",\"dateModified\":\"2024-04-08T12:56:26+00:00\",\"breadcrumb\":{\"@id\":\"https:\/\/www.downssyndrom.no\/vestland\/#breadcrumb\"},\"inLanguage\":\"nb-NO\",\"potentialAction\":[{\"@type\":\"ReadAction\",\"target\":[\"https:\/\/www.downssyndrom.no\/vestland\/\"]}]},{\"@type\":\"ImageObject\",\"inLanguage\":\"nb-NO\",\"@id\":\"https:\/\/www.downssyndrom.no\/vestland\/#primaryimage\",\"url\":\"https:\/\/www.downssyndrom.no\/content\/uploads\/sites\/10\/2024\/04\/Rockesokker-6.png\",\"contentUrl\":\"https:\/\/www.downssyndrom.no\/content\/uploads\/sites\/10\/2024\/04\/Rockesokker-6.png\"},{\"@type\":\"BreadcrumbList\",\"@id\":\"https:\/\/www.downssyndrom.no\/vestland\/#breadcrumb\",\"itemListElement\":[{\"@type\":\"ListItem\",\"position\":1,\"name\":\"Hjem\",\"item\":\"https:\/\/www.downssyndrom.no\/vestland\/\"},{\"@type\":\"ListItem\",\"position\":2,\"name\":\"Downs Syndrom Vestland\"}]},{\"@type\":\"WebSite\",\"@id\":\"https:\/\/www.downssyndrom.no\/vestland\/#website\",\"url\":\"https:\/\/www.downssyndrom.no\/vestland\/\",\"name\":\"Downs Syndrom Vestland\",\"description\":\"\",\"publisher\":{\"@id\":\"https:\/\/www.downssyndrom.no\/vestland\/#organization\"},\"potentialAction\":[{\"@type\":\"SearchAction\",\"target\":{\"@type\":\"EntryPoint\",\"urlTemplate\":\"https:\/\/www.downssyndrom.no\/vestland\/?s={search_term_string}\"},\"query-input\":{\"@type\":\"PropertyValueSpecification\",\"valueRequired\":true,\"valueName\":\"search_term_string\"}}],\"inLanguage\":\"nb-NO\"},{\"@type\":\"Organization\",\"@id\":\"https:\/\/www.downssyndrom.no\/vestland\/#organization\",\"name\":\"Downs Syndrom Vestland\",\"url\":\"https:\/\/www.downssyndrom.no\/vestland\/\",\"logo\":{\"@type\":\"ImageObject\",\"inLanguage\":\"nb-NO\",\"@id\":\"https:\/\/www.downssyndrom.no\/vestland\/#\/schema\/logo\/image\/\",\"url\":\"https:\/\/www.downssyndrom.no\/content\/uploads\/sites\/10\/2024\/03\/cropped-logo-downs-syndrom-vestland.png\",\"contentUrl\":\"https:\/\/www.downssyndrom.no\/content\/uploads\/sites\/10\/2024\/03\/cropped-logo-downs-syndrom-vestland.png\",\"width\":1523,\"height\":387,\"caption\":\"Downs Syndrom Vestland\"},\"image\":{\"@id\":\"https:\/\/www.downssyndrom.no\/vestland\/#\/schema\/logo\/image\/\"}}]}<\/script>\n<!-- \/ Yoast SEO Premium plugin. -->","yoast_head_json":{"title":"Downs Syndrom Vestland - Downs Syndrom Vestland","robots":{"index":"index","follow":"follow","max-snippet":"max-snippet:-1","max-image-preview":"max-image-preview:large","max-video-preview":"max-video-preview:-1"},"canonical":"https:\/\/www.downssyndrom.no\/vestland\/","og_locale":"nb_NO","og_type":"article","og_title":"Downs Syndrom Vestland","og_url":"https:\/\/www.downssyndrom.no\/vestland\/","og_site_name":"Downs Syndrom Vestland","article_modified_time":"2024-04-08T12:56:26+00:00","og_image":[{"url":"https:\/\/www.downssyndrom.no\/content\/uploads\/sites\/10\/2024\/04\/Rockesokker-6.png","type":"","width":"","height":""}],"twitter_card":"summary_large_image","twitter_misc":{"Ansl. lesetid":"2 minutter"},"schema":{"@context":"https:\/\/schema.org","@graph":[{"@type":"WebPage","@id":"https:\/\/www.downssyndrom.no\/vestland\/","url":"https:\/\/www.downssyndrom.no\/vestland\/","name":"Downs Syndrom Vestland - Downs Syndrom Vestland","isPartOf":{"@id":"https:\/\/www.downssyndrom.no\/vestland\/#website"},"primaryImageOfPage":{"@id":"https:\/\/www.downssyndrom.no\/vestland\/#primaryimage"},"image":{"@id":"https:\/\/www.downssyndrom.no\/vestland\/#primaryimage"},"thumbnailUrl":"https:\/\/www.downssyndrom.no\/content\/uploads\/sites\/10\/2024\/04\/Rockesokker-6.png","datePublished":"2024-02-21T12:43:47+00:00","dateModified":"2024-04-08T12:56:26+00:00","breadcrumb":{"@id":"https:\/\/www.downssyndrom.no\/vestland\/#breadcrumb"},"inLanguage":"nb-NO","potentialAction":[{"@type":"ReadAction","target":["https:\/\/www.downssyndrom.no\/vestland\/"]}]},{"@type":"ImageObject","inLanguage":"nb-NO","@id":"https:\/\/www.downssyndrom.no\/vestland\/#primaryimage","url":"https:\/\/www.downssyndrom.no\/content\/uploads\/sites\/10\/2024\/04\/Rockesokker-6.png","contentUrl":"https:\/\/www.downssyndrom.no\/content\/uploads\/sites\/10\/2024\/04\/Rockesokker-6.png"},{"@type":"BreadcrumbList","@id":"https:\/\/www.downssyndrom.no\/vestland\/#breadcrumb","itemListElement":[{"@type":"ListItem","position":1,"name":"Hjem","item":"https:\/\/www.downssyndrom.no\/vestland\/"},{"@type":"ListItem","position":2,"name":"Downs Syndrom Vestland"}]},{"@type":"WebSite","@id":"https:\/\/www.downssyndrom.no\/vestland\/#website","url":"https:\/\/www.downssyndrom.no\/vestland\/","name":"Downs Syndrom Vestland","description":"","publisher":{"@id":"https:\/\/www.downssyndrom.no\/vestland\/#organization"},"potentialAction":[{"@type":"SearchAction","target":{"@type":"EntryPoint","urlTemplate":"https:\/\/www.downssyndrom.no\/vestland\/?s={search_term_string}"},"query-input":{"@type":"PropertyValueSpecification","valueRequired":true,"valueName":"search_term_string"}}],"inLanguage":"nb-NO"},{"@type":"Organization","@id":"https:\/\/www.downssyndrom.no\/vestland\/#organization","name":"Downs Syndrom Vestland","url":"https:\/\/www.downssyndrom.no\/vestland\/","logo":{"@type":"ImageObject","inLanguage":"nb-NO","@id":"https:\/\/www.downssyndrom.no\/vestland\/#\/schema\/logo\/image\/","url":"https:\/\/www.downssyndrom.no\/content\/uploads\/sites\/10\/2024\/03\/cropped-logo-downs-syndrom-vestland.png","contentUrl":"https:\/\/www.downssyndrom.no\/content\/uploads\/sites\/10\/2024\/03\/cropped-logo-downs-syndrom-vestland.png","width":1523,"height":387,"caption":"Downs Syndrom Vestland"},"image":{"@id":"https:\/\/www.downssyndrom.no\/vestland\/#\/schema\/logo\/image\/"}}]}},"_links":{"self":[{"href":"https:\/\/www.downssyndrom.no\/vestland\/wp-json\/wp\/v2\/pages\/2","targetHints":{"allow":["GET"]}}],"collection":[{"href":"https:\/\/www.downssyndrom.no\/vestland\/wp-json\/wp\/v2\/pages"}],"about":[{"href":"https:\/\/www.downssyndrom.no\/vestland\/wp-json\/wp\/v2\/types\/page"}],"author":[{"embeddable":true,"href":"https:\/\/www.downssyndrom.no\/vestland\/wp-json\/wp\/v2\/users\/1"}],"replies":[{"embeddable":true,"href":"https:\/\/www.downssyndrom.no\/vestland\/wp-json\/wp\/v2\/comments?post=2"}],"version-history":[{"count":5,"href":"https:\/\/www.downssyndrom.no\/vestland\/wp-json\/wp\/v2\/pages\/2\/revisions"}],"predecessor-version":[{"id":122,"href":"https:\/\/www.downssyndrom.no\/vestland\/wp-json\/wp\/v2\/pages\/2\/revisions\/122"}],"wp:attachment":[{"href":"https:\/\/www.downssyndrom.no\/vestland\/wp-json\/wp\/v2\/media?parent=2"}],"curies":[{"name":"wp","href":"https:\/\/api.w.org\/{rel}","templated":true}]}}