{"id":122,"date":"2024-04-08T20:21:18","date_gmt":"2024-04-08T18:21:18","guid":{"rendered":"https:\/\/www.downssyndrom.no\/trondelag-sor\/?page_id=122"},"modified":"2025-08-18T12:34:40","modified_gmt":"2025-08-18T10:34:40","slug":"kontakt-oss","status":"publish","type":"page","link":"https:\/\/www.downssyndrom.no\/trondelag-sor\/kontakt-oss\/","title":{"rendered":"Kontakt oss"},"content":{"rendered":"\n\t<div class=\"dsn-hero has-global-padding is-layout-constrained alignfull wp-block-dsn-hero has-background has-colombia-blue-background-color\">\n\t\t<div class=\"dsn-hero__content alignwide\">\n\t\t\t<div class=\"dsn-hero__blocks\">\n\t\t\t\t\n<h1 class=\"wp-block-post-title\">Kontakt oss<\/h1>\n\n\n<p>Ta gjerne kontakt p\u00e5 telefon eller e-post dersom du har sp\u00f8rsm\u00e5l.<\/p>\n\n\n\n<div class=\"wp-block-buttons is-layout-flex wp-block-buttons-is-layout-flex\">\n<div class=\"wp-block-button has-icon has-icon-email\"><a class=\"wp-block-button__link wp-element-button\" href=\"mailto:trondelagsor@downssyndrom.no\" target=\"_blank\" rel=\"noreferrer noopener\">Kontakt oss<svg xmlns=\"http:\/\/www.w3.org\/2000\/svg\" viewBox=\"0 0 24 24\" height=\"24\" width=\"24\" class=\"t2-icon t2-icon-email\" aria-hidden=\"true\" focusable=\"false\"><path d=\"M12 22c-1.4 0-2.7-.3-3.9-.8-1.2-.5-2.3-1.2-3.2-2.1s-1.6-2-2.1-3.2S2 13.4 2 12s.3-2.7.8-3.9S4 5.8 4.9 4.9s2-1.6 3.2-2.2S10.6 2 12 2s2.7.3 3.9.8S18.2 4 19.1 5s1.6 2 2.1 3.2c.5 1.1.8 2.4.8 3.8v1.4c0 1-.3 1.8-1 2.5s-1.5 1-2.5 1c-.6 0-1.2-.1-1.7-.4-.5-.3-.9-.6-1.3-1.1-.4.4-1 .8-1.6 1.1-.6.3-1.3.4-2 .4-1.4 0-2.6-.5-3.5-1.5S7 13.4 7 12s.5-2.6 1.5-3.5S10.6 7 12 7s2.6.5 3.5 1.5S17 10.6 17 12v1.4c0 .5.1.9.5 1.1.3.3.6.4 1 .4s.8-.1 1.1-.4c.3-.3.4-.7.4-1.1V12c0-2.2-.8-4.1-2.4-5.6C16.1 4.8 14.2 4 12 4s-4.1.8-5.6 2.4S4 9.8 4 12s.8 4.1 2.4 5.6C7.9 19.2 9.8 20 12 20h4c.3 0 .5.1.7.3.2.2.3.4.3.7s-.1.5-.3.7c-.2.2-.4.3-.7.3h-4zm0-7c.8 0 1.5-.3 2.1-.9s.9-1.3.9-2.1-.3-1.5-.9-2.1c-.6-.6-1.3-.9-2.1-.9s-1.5.3-2.1.9c-.6.6-.9 1.3-.9 2.1s.3 1.5.9 2.1c.6.6 1.3.9 2.1.9z\" fill=\"currentColor\" \/><\/svg><\/a><\/div>\n\n\n\n<div class=\"wp-block-button is-style-link-button has-icon has-icon-facebook\"><a class=\"wp-block-button__link wp-element-button\" href=\"https:\/\/www.facebook.com\/downssyndromtrondelagsor\" target=\"_blank\" rel=\"noreferrer noopener\">Bes\u00f8k oss p\u00e5 Facebook<svg xmlns=\"http:\/\/www.w3.org\/2000\/svg\" viewBox=\"0 0 24 24\" height=\"24\" width=\"24\" class=\"t2-icon t2-icon-facebook\" aria-hidden=\"true\" focusable=\"false\"><path d=\"M5 3h14a2 2 0 0 1 2 2v14a2 2 0 0 1-2 2H5a2 2 0 0 1-2-2V5a2 2 0 0 1 2-2m13 2h-2.5A3.5 3.5 0 0 0 12 8.5V11h-2v3h2v7h3v-7h3v-3h-3V9a1 1 0 0 1 1-1h2V5z\" fill=\"currentColor\" \/><\/svg><\/a><\/div>\n<\/div>\n\n\t\t\t<\/div>\n\t\t\t<img fetchpriority=\"high\" decoding=\"async\" width=\"1000\" height=\"750\" src=\"https:\/\/www.downssyndrom.no\/content\/uploads\/sites\/7\/2024\/04\/Rockesokker-6-2.png\" class=\"dsn-hero__image\" alt=\"\" style=\"object-position: 50% 50%\" loading=\"eager\" \/>\t\t<\/div>\n\t<\/div>\n\t\n\n\n<h2 class=\"wp-block-heading\" id=\"h-styret\">Styret<\/h2>\n\n\n\n<p>Styret i Downs Syndrom Tr\u00f8ndelag S\u00f8r best\u00e5r av foreldre som alle har barn med Downs syndrom. I perioden 2024 &#8211; 2025 best\u00e5r styret av:<\/p>\n\n\n\n<p>Helen Mastad Skogstad (leder)<br>Tel: <a href=\"tel:91399668\">913 99 668<\/a><br>E-post: <a href=\"mailto:helen.skogstad@gmail.com\" target=\"_blank\" rel=\"noreferrer noopener\">helen.skogstad@gmail.com<\/a><\/p>\n\n\n\n<p>Marit Elisabeth Ydse (kasserer)<br>Tel: <a href=\"tel:47280789\">472 80 789<\/a><br>E-post: <a href=\"mailto:me-ydse@roros.net\" target=\"_blank\" rel=\"noreferrer noopener\">me-ydse@roros.net<\/a><\/p>\n\n\n\n<p>Mette Br\u00e5<br>Tel: <a href=\"tel:45483527\">454 83 527<\/a> <br>E-post: <a href=\"mailto:mette77_2000@yahoo.no\" target=\"_blank\" rel=\"noreferrer noopener\">mette77_2000@yahoo.no<\/a><\/p>\n\n\n\n<p>Stine Stavrum<br>Tel: <a href=\"tel:97160270\">971 60 270<\/a> <br>E-post: <a href=\"mailto:stineeidsor@gmail.com\" target=\"_blank\" rel=\"noreferrer noopener\">stineeidsor@gmail.com<\/a><\/p>\n\n\n\n<div class=\"wp-block-group alignfull has-colombia-blue-block-background-color has-background has-global-padding is-layout-constrained wp-block-group-is-layout-constrained\">\n<h2 class=\"wp-block-heading\" id=\"h-trenger-du-noen-a-snakke-med\">Trenger du noen \u00e5 snakke med?<\/h2>\n\n\n\n<p>Vil du snakke med en likeperson som har erfaring med hverdagslivet med Downs syndrom? Kontakt en av v\u00e5re lokale likepersoner:<\/p>\n\n\n\n<ul class=\"wp-block-list\">\n<li>Ann Kristin Torp Bakken, <a href=\"tel:41637400\">416 37 400<\/a>, <a href=\"mailto:ann.kristin.torp@gmail.com\" target=\"_blank\" rel=\"noreferrer noopener\">ann.kristin.torp@gmail.com<\/a> <\/li>\n\n\n\n<li>Stig O. Bakken, <a href=\"tel:90183336\">901 83 336<\/a>, <a href=\"mailto:stig.o.bakken@gmail.com\" target=\"_blank\" rel=\"noreferrer noopener\">stig.o.bakken@gmail.com<\/a><\/li>\n<\/ul>\n\n\n\n<p>Eller ring inn til Downs Syndrom Norges likepersontelefon: <a href=\"tel:46287348\">462 87 348<\/a><\/p>\n\n\n\n<div class=\"wp-block-buttons is-layout-flex wp-block-buttons-is-layout-flex\">\n<div class=\"wp-block-button is-style-link-button has-icon has-icon-arrowOutward\"><a class=\"wp-block-button__link wp-element-button\" href=\"https:\/\/www.downssyndrom.no\/kontakt-oss\/likepersontelefon\/\" target=\"_blank\" rel=\"noreferrer noopener\">For mer informasjon om Downs Syndrom Norges likepersontelefon og \u00e5pningstider<svg xmlns=\"http:\/\/www.w3.org\/2000\/svg\" viewBox=\"0 0 24 24\" height=\"24\" width=\"24\" class=\"t2-icon t2-icon-arrowoutward\" aria-hidden=\"true\" focusable=\"false\"><path d=\"m16 8.398438-8.875 8.902343c-.199219.199219-.4375.300781-.710938.300781-.277343 0-.515624-.101562-.714843-.300781-.199219-.199219-.300781-.4375-.300781-.714843 0-.273438.101562-.511719.300781-.710938L14.601562 7H7c-.285156 0-.519531-.097656-.710938-.289062C6.097656 6.519531 6 6.285156 6 6c0-.285156.097656-.519531.289062-.710938C6.480469 5.097656 6.714844 5 7 5h10c.285156 0 .519531.097656.710938.289062C17.902344 5.480469 18 5.714844 18 6v10c0 .285156-.097656.519531-.289062.710938C17.519531 16.902344 17.285156 17 17 17c-.285156 0-.519531-.097656-.710938-.289062C16.097656 16.519531 16 16.285156 16 16Zm0 0\" fill=\"currentColor\" \/><\/svg><\/a><\/div>\n<\/div>\n<\/div>\n","protected":false},"excerpt":{"rendered":"","protected":false},"author":4,"featured_media":0,"parent":0,"menu_order":0,"comment_status":"closed","ping_status":"closed","template":"","meta":{"alternative_post_author":"","footnotes":""},"class_list":["post-122","page","type-page","status-publish","hentry"],"yoast_head":"<!-- This site is optimized with the Yoast SEO Premium plugin v26.4-RC2 (Yoast SEO v26.4-RC2) - https:\/\/yoast.com\/wordpress\/plugins\/seo\/ -->\n<title>Kontakt oss - Downs Syndrom Tr\u00f8ndelag S\u00f8r<\/title>\n<meta name=\"robots\" content=\"index, follow, max-snippet:-1, max-image-preview:large, max-video-preview:-1\" \/>\n<link rel=\"canonical\" href=\"https:\/\/www.downssyndrom.no\/trondelag-sor\/kontakt-oss\/\" \/>\n<meta property=\"og:locale\" content=\"nb_NO\" \/>\n<meta property=\"og:type\" content=\"article\" \/>\n<meta property=\"og:title\" content=\"Kontakt oss\" \/>\n<meta property=\"og:url\" content=\"https:\/\/www.downssyndrom.no\/trondelag-sor\/kontakt-oss\/\" \/>\n<meta property=\"og:site_name\" content=\"Downs Syndrom Tr\u00f8ndelag S\u00f8r\" \/>\n<meta property=\"article:modified_time\" content=\"2025-08-18T10:34:40+00:00\" \/>\n<meta name=\"twitter:card\" content=\"summary_large_image\" \/>\n<meta name=\"twitter:label1\" content=\"Ansl. lesetid\" \/>\n\t<meta name=\"twitter:data1\" content=\"1 minutt\" \/>\n<script type=\"application\/ld+json\" class=\"yoast-schema-graph\">{\"@context\":\"https:\/\/schema.org\",\"@graph\":[{\"@type\":\"WebPage\",\"@id\":\"https:\/\/www.downssyndrom.no\/trondelag-sor\/kontakt-oss\/\",\"url\":\"https:\/\/www.downssyndrom.no\/trondelag-sor\/kontakt-oss\/\",\"name\":\"Kontakt oss - Downs Syndrom Tr\u00f8ndelag S\u00f8r\",\"isPartOf\":{\"@id\":\"https:\/\/www.downssyndrom.no\/trondelag-sor\/#website\"},\"datePublished\":\"2024-04-08T18:21:18+00:00\",\"dateModified\":\"2025-08-18T10:34:40+00:00\",\"breadcrumb\":{\"@id\":\"https:\/\/www.downssyndrom.no\/trondelag-sor\/kontakt-oss\/#breadcrumb\"},\"inLanguage\":\"nb-NO\",\"potentialAction\":[{\"@type\":\"ReadAction\",\"target\":[\"https:\/\/www.downssyndrom.no\/trondelag-sor\/kontakt-oss\/\"]}]},{\"@type\":\"BreadcrumbList\",\"@id\":\"https:\/\/www.downssyndrom.no\/trondelag-sor\/kontakt-oss\/#breadcrumb\",\"itemListElement\":[{\"@type\":\"ListItem\",\"position\":1,\"name\":\"Hjem\",\"item\":\"https:\/\/www.downssyndrom.no\/trondelag-sor\/\"},{\"@type\":\"ListItem\",\"position\":2,\"name\":\"Kontakt oss\"}]},{\"@type\":\"WebSite\",\"@id\":\"https:\/\/www.downssyndrom.no\/trondelag-sor\/#website\",\"url\":\"https:\/\/www.downssyndrom.no\/trondelag-sor\/\",\"name\":\"Downs Syndrom Tr\u00f8ndelag S\u00f8r\",\"description\":\"\",\"publisher\":{\"@id\":\"https:\/\/www.downssyndrom.no\/trondelag-sor\/#organization\"},\"potentialAction\":[{\"@type\":\"SearchAction\",\"target\":{\"@type\":\"EntryPoint\",\"urlTemplate\":\"https:\/\/www.downssyndrom.no\/trondelag-sor\/?s={search_term_string}\"},\"query-input\":{\"@type\":\"PropertyValueSpecification\",\"valueRequired\":true,\"valueName\":\"search_term_string\"}}],\"inLanguage\":\"nb-NO\"},{\"@type\":\"Organization\",\"@id\":\"https:\/\/www.downssyndrom.no\/trondelag-sor\/#organization\",\"name\":\"Downs Syndrom Tr\u00f8ndelag S\u00f8r\",\"url\":\"https:\/\/www.downssyndrom.no\/trondelag-sor\/\",\"logo\":{\"@type\":\"ImageObject\",\"inLanguage\":\"nb-NO\",\"@id\":\"https:\/\/www.downssyndrom.no\/trondelag-sor\/#\/schema\/logo\/image\/\",\"url\":\"https:\/\/www.downssyndrom.no\/content\/uploads\/sites\/7\/2024\/03\/cropped-logo-downs-syndrom-trondelag-sor.png\",\"contentUrl\":\"https:\/\/www.downssyndrom.no\/content\/uploads\/sites\/7\/2024\/03\/cropped-logo-downs-syndrom-trondelag-sor.png\",\"width\":1523,\"height\":387,\"caption\":\"Downs Syndrom Tr\u00f8ndelag S\u00f8r\"},\"image\":{\"@id\":\"https:\/\/www.downssyndrom.no\/trondelag-sor\/#\/schema\/logo\/image\/\"}}]}<\/script>\n<!-- \/ Yoast SEO Premium plugin. -->","yoast_head_json":{"title":"Kontakt oss - Downs Syndrom Tr\u00f8ndelag S\u00f8r","robots":{"index":"index","follow":"follow","max-snippet":"max-snippet:-1","max-image-preview":"max-image-preview:large","max-video-preview":"max-video-preview:-1"},"canonical":"https:\/\/www.downssyndrom.no\/trondelag-sor\/kontakt-oss\/","og_locale":"nb_NO","og_type":"article","og_title":"Kontakt oss","og_url":"https:\/\/www.downssyndrom.no\/trondelag-sor\/kontakt-oss\/","og_site_name":"Downs Syndrom Tr\u00f8ndelag S\u00f8r","article_modified_time":"2025-08-18T10:34:40+00:00","twitter_card":"summary_large_image","twitter_misc":{"Ansl. lesetid":"1 minutt"},"schema":{"@context":"https:\/\/schema.org","@graph":[{"@type":"WebPage","@id":"https:\/\/www.downssyndrom.no\/trondelag-sor\/kontakt-oss\/","url":"https:\/\/www.downssyndrom.no\/trondelag-sor\/kontakt-oss\/","name":"Kontakt oss - Downs Syndrom Tr\u00f8ndelag S\u00f8r","isPartOf":{"@id":"https:\/\/www.downssyndrom.no\/trondelag-sor\/#website"},"datePublished":"2024-04-08T18:21:18+00:00","dateModified":"2025-08-18T10:34:40+00:00","breadcrumb":{"@id":"https:\/\/www.downssyndrom.no\/trondelag-sor\/kontakt-oss\/#breadcrumb"},"inLanguage":"nb-NO","potentialAction":[{"@type":"ReadAction","target":["https:\/\/www.downssyndrom.no\/trondelag-sor\/kontakt-oss\/"]}]},{"@type":"BreadcrumbList","@id":"https:\/\/www.downssyndrom.no\/trondelag-sor\/kontakt-oss\/#breadcrumb","itemListElement":[{"@type":"ListItem","position":1,"name":"Hjem","item":"https:\/\/www.downssyndrom.no\/trondelag-sor\/"},{"@type":"ListItem","position":2,"name":"Kontakt oss"}]},{"@type":"WebSite","@id":"https:\/\/www.downssyndrom.no\/trondelag-sor\/#website","url":"https:\/\/www.downssyndrom.no\/trondelag-sor\/","name":"Downs Syndrom Tr\u00f8ndelag S\u00f8r","description":"","publisher":{"@id":"https:\/\/www.downssyndrom.no\/trondelag-sor\/#organization"},"potentialAction":[{"@type":"SearchAction","target":{"@type":"EntryPoint","urlTemplate":"https:\/\/www.downssyndrom.no\/trondelag-sor\/?s={search_term_string}"},"query-input":{"@type":"PropertyValueSpecification","valueRequired":true,"valueName":"search_term_string"}}],"inLanguage":"nb-NO"},{"@type":"Organization","@id":"https:\/\/www.downssyndrom.no\/trondelag-sor\/#organization","name":"Downs Syndrom Tr\u00f8ndelag S\u00f8r","url":"https:\/\/www.downssyndrom.no\/trondelag-sor\/","logo":{"@type":"ImageObject","inLanguage":"nb-NO","@id":"https:\/\/www.downssyndrom.no\/trondelag-sor\/#\/schema\/logo\/image\/","url":"https:\/\/www.downssyndrom.no\/content\/uploads\/sites\/7\/2024\/03\/cropped-logo-downs-syndrom-trondelag-sor.png","contentUrl":"https:\/\/www.downssyndrom.no\/content\/uploads\/sites\/7\/2024\/03\/cropped-logo-downs-syndrom-trondelag-sor.png","width":1523,"height":387,"caption":"Downs Syndrom Tr\u00f8ndelag S\u00f8r"},"image":{"@id":"https:\/\/www.downssyndrom.no\/trondelag-sor\/#\/schema\/logo\/image\/"}}]}},"_links":{"self":[{"href":"https:\/\/www.downssyndrom.no\/trondelag-sor\/wp-json\/wp\/v2\/pages\/122","targetHints":{"allow":["GET"]}}],"collection":[{"href":"https:\/\/www.downssyndrom.no\/trondelag-sor\/wp-json\/wp\/v2\/pages"}],"about":[{"href":"https:\/\/www.downssyndrom.no\/trondelag-sor\/wp-json\/wp\/v2\/types\/page"}],"author":[{"embeddable":true,"href":"https:\/\/www.downssyndrom.no\/trondelag-sor\/wp-json\/wp\/v2\/users\/4"}],"replies":[{"embeddable":true,"href":"https:\/\/www.downssyndrom.no\/trondelag-sor\/wp-json\/wp\/v2\/comments?post=122"}],"version-history":[{"count":4,"href":"https:\/\/www.downssyndrom.no\/trondelag-sor\/wp-json\/wp\/v2\/pages\/122\/revisions"}],"predecessor-version":[{"id":340,"href":"https:\/\/www.downssyndrom.no\/trondelag-sor\/wp-json\/wp\/v2\/pages\/122\/revisions\/340"}],"wp:attachment":[{"href":"https:\/\/www.downssyndrom.no\/trondelag-sor\/wp-json\/wp\/v2\/media?parent=122"}],"curies":[{"name":"wp","href":"https:\/\/api.w.org\/{rel}","templated":true}]}}