{"id":107,"date":"2024-04-08T19:58:46","date_gmt":"2024-04-08T17:58:46","guid":{"rendered":"https:\/\/www.downssyndrom.no\/trondelag-sor\/?page_id=107"},"modified":"2026-03-02T14:08:27","modified_gmt":"2026-03-02T13:08:27","slug":"om-oss","status":"publish","type":"page","link":"https:\/\/www.downssyndrom.no\/trondelag-sor\/om-oss\/","title":{"rendered":"Om oss"},"content":{"rendered":"\n\t<div class=\"dsn-hero has-global-padding is-layout-constrained alignfull is-style-default wp-block-dsn-hero has-background has-colombia-blue-background-color\">\n\t\t<div class=\"dsn-hero__content alignwide\">\n\t\t\t<div class=\"dsn-hero__blocks\">\n\t\t\t\t\n\n<h1 class=\"wp-block-heading\" id=\"h-om-oss\">Om oss<\/h1>\n\n\n\n<p>Downs Syndrom Tr\u00f8ndelag S\u00f8r er en forening for familier som har barn med Downs syndrom i S\u00f8r-Tr\u00f8ndelag.<\/p>\n\n\n\n<div class=\"wp-block-buttons is-layout-flex wp-block-buttons-is-layout-flex\">\n<div class=\"wp-block-button has-icon has-icon-arrowOutward\"><a class=\"wp-block-button__link wp-element-button\" href=\"https:\/\/www.downssyndrom.no\/bli-medlem\/\" target=\"_blank\" rel=\"noreferrer noopener\">Bli medlem<svg xmlns=\"http:\/\/www.w3.org\/2000\/svg\" viewBox=\"0 0 24 24\" height=\"24\" width=\"24\" class=\"t2-icon t2-icon-arrowoutward\" aria-hidden=\"true\" focusable=\"false\"><path d=\"m16 8.398438-8.875 8.902343c-.199219.199219-.4375.300781-.710938.300781-.277343 0-.515624-.101562-.714843-.300781-.199219-.199219-.300781-.4375-.300781-.714843 0-.273438.101562-.511719.300781-.710938L14.601562 7H7c-.285156 0-.519531-.097656-.710938-.289062C6.097656 6.519531 6 6.285156 6 6c0-.285156.097656-.519531.289062-.710938C6.480469 5.097656 6.714844 5 7 5h10c.285156 0 .519531.097656.710938.289062C17.902344 5.480469 18 5.714844 18 6v10c0 .285156-.097656.519531-.289062.710938C17.519531 16.902344 17.285156 17 17 17c-.285156 0-.519531-.097656-.710938-.289062C16.097656 16.519531 16 16.285156 16 16Zm0 0\" fill=\"currentColor\" \/><\/svg><\/a><\/div>\n\n\n\n<div class=\"wp-block-button is-style-link-button has-icon has-icon-arrowForward\"><a class=\"wp-block-button__link wp-element-button\" href=\"https:\/\/www.downssyndrom.no\/trondelag-sor\/arrangementer\/\">Sjekk ut aktivitetene v\u00e5re<svg xmlns=\"http:\/\/www.w3.org\/2000\/svg\" viewBox=\"0 0 24 24\" height=\"24\" width=\"24\" class=\"t2-icon t2-icon-arrowforward\" aria-hidden=\"true\" focusable=\"false\"><path d=\"M11.3 19.3c-.2-.2-.3-.4-.3-.7 0-.3.1-.5.3-.7l4.9-4.9H5c-.3 0-.5-.1-.7-.3-.2-.2-.3-.4-.3-.7s.1-.5.3-.7c.2-.2.4-.3.7-.3h11.2l-4.9-4.9c-.2-.2-.3-.4-.3-.7 0-.3.1-.5.3-.7.2-.2.4-.3.7-.3s.5.1.7.3l6.6 6.6c.1.1.2.2.2.3 0 .1.1.3.1.4 0 .1 0 .3-.1.4 0 .1-.1.2-.2.3l-6.6 6.6c-.2.2-.4.3-.7.3s-.5-.1-.7-.3z\" fill=\"currentColor\" \/><\/svg><\/a><\/div>\n<\/div>\n\n\t\t\t<\/div>\n\t\t\t<img fetchpriority=\"high\" decoding=\"async\" width=\"1000\" height=\"750\" src=\"https:\/\/www.downssyndrom.no\/content\/uploads\/sites\/7\/2024\/04\/Rockesokker-6-1.png\" class=\"dsn-hero__image\" alt=\"\" style=\"object-position: 50% 50%\" loading=\"eager\" \/>\t\t<\/div>\n\t<\/div>\n\t\n\n\n<p>Downs Syndrom Tr\u00f8ndelag S\u00f8r er en forening for familier som har barn med Downs syndrom. Vi m\u00f8tes noen ganger i \u00e5ret for sosiale og faglige treff. Vi \u00f8nsker \u00e5 legge til rette aktiviteter som passer de ulike aldersgruppene der barna og ungdommene f\u00e5r muligheten til \u00e5 bli bedre kjent med hverandre og knytte vennskap. Likeledes der s\u00f8sken f\u00e5r truffet andre i samme situasjon. Vi legger opp til en familiehelg i \u00e5ret der vi reiser bort.<\/p>\n\n\n\n<h3 class=\"wp-block-heading\" id=\"h-downs-syndrom-trondelag-sor-skal\">Downs Syndrom Tr\u00f8ndelag S\u00f8r skal<\/h3>\n\n\n\n<ul class=\"wp-block-list\">\n<li>Skape et sosialt og faglig nettverk for foresatte og barn med Downs syndrom i den s\u00f8rlige delen av Tr\u00f8ndelag hvor barna har en mulighet til \u00e5 bli kjent og f\u00e5 venner og hvor foreldre, s\u00f8sken og p\u00e5r\u00f8rende kan m\u00f8tes og utveksle erfaringer<\/li>\n\n\n\n<li>Samarbeide med helsevesen, skoler, barnehager osv. for \u00e5 bidra til en bedre forst\u00e5else for hvilke behov barn med Downs syndrom har<\/li>\n\n\n\n<li>Kunne tilby hjelp, st\u00f8tte og informasjon til foreldre med nyf\u00f8dte barn gjennom et samarbeid med St. Olavs Hospital. Kontakt oss om dere \u00f8nsker kontakt med en likeperson<\/li>\n\n\n\n<li>Drive samarbeid med andre tilsvarende organisasjoner<\/li>\n<\/ul>\n\n\n\n<div class=\"wp-block-buttons is-content-justification-right is-layout-flex wp-container-core-buttons-is-layout-d445cf74 wp-block-buttons-is-layout-flex\">\n<div class=\"wp-block-button is-style-link-button has-icon has-icon-arrowForward\"><a class=\"wp-block-button__link wp-element-button\" href=\"https:\/\/www.downssyndrom.no\/trondelag-sor\/kontakt-oss\/\">Bli bedre kjent med styret i Tr\u00f8ndelag S\u00f8r<svg xmlns=\"http:\/\/www.w3.org\/2000\/svg\" viewBox=\"0 0 24 24\" height=\"24\" width=\"24\" class=\"t2-icon t2-icon-arrowforward\" aria-hidden=\"true\" focusable=\"false\"><path d=\"M11.3 19.3c-.2-.2-.3-.4-.3-.7 0-.3.1-.5.3-.7l4.9-4.9H5c-.3 0-.5-.1-.7-.3-.2-.2-.3-.4-.3-.7s.1-.5.3-.7c.2-.2.4-.3.7-.3h11.2l-4.9-4.9c-.2-.2-.3-.4-.3-.7 0-.3.1-.5.3-.7.2-.2.4-.3.7-.3s.5.1.7.3l6.6 6.6c.1.1.2.2.2.3 0 .1.1.3.1.4 0 .1 0 .3-.1.4 0 .1-.1.2-.2.3l-6.6 6.6c-.2.2-.4.3-.7.3s-.5-.1-.7-.3z\" fill=\"currentColor\" \/><\/svg><\/a><\/div>\n<\/div>\n","protected":false},"excerpt":{"rendered":"","protected":false},"author":4,"featured_media":0,"parent":0,"menu_order":0,"comment_status":"closed","ping_status":"closed","template":"","meta":{"alternative_post_author":"","footnotes":""},"class_list":["post-107","page","type-page","status-publish","hentry"],"yoast_head":"<!-- This site is optimized with the Yoast SEO Premium plugin v26.4-RC2 (Yoast SEO v26.4-RC2) - https:\/\/yoast.com\/wordpress\/plugins\/seo\/ -->\n<title>Om oss - Downs Syndrom Tr\u00f8ndelag S\u00f8r<\/title>\n<meta name=\"robots\" content=\"index, follow, max-snippet:-1, max-image-preview:large, max-video-preview:-1\" \/>\n<link rel=\"canonical\" href=\"https:\/\/www.downssyndrom.no\/trondelag-sor\/om-oss\/\" \/>\n<meta property=\"og:locale\" content=\"nb_NO\" \/>\n<meta property=\"og:type\" content=\"article\" \/>\n<meta property=\"og:title\" content=\"Om oss\" \/>\n<meta property=\"og:url\" content=\"https:\/\/www.downssyndrom.no\/trondelag-sor\/om-oss\/\" \/>\n<meta property=\"og:site_name\" content=\"Downs Syndrom Tr\u00f8ndelag S\u00f8r\" \/>\n<meta property=\"article:modified_time\" content=\"2026-03-02T13:08:27+00:00\" \/>\n<meta name=\"twitter:card\" content=\"summary_large_image\" \/>\n<meta name=\"twitter:label1\" content=\"Ansl. lesetid\" \/>\n\t<meta name=\"twitter:data1\" content=\"2 minutter\" \/>\n<script type=\"application\/ld+json\" class=\"yoast-schema-graph\">{\"@context\":\"https:\/\/schema.org\",\"@graph\":[{\"@type\":\"WebPage\",\"@id\":\"https:\/\/www.downssyndrom.no\/trondelag-sor\/om-oss\/\",\"url\":\"https:\/\/www.downssyndrom.no\/trondelag-sor\/om-oss\/\",\"name\":\"Om oss - Downs Syndrom Tr\u00f8ndelag S\u00f8r\",\"isPartOf\":{\"@id\":\"https:\/\/www.downssyndrom.no\/trondelag-sor\/#website\"},\"datePublished\":\"2024-04-08T17:58:46+00:00\",\"dateModified\":\"2026-03-02T13:08:27+00:00\",\"breadcrumb\":{\"@id\":\"https:\/\/www.downssyndrom.no\/trondelag-sor\/om-oss\/#breadcrumb\"},\"inLanguage\":\"nb-NO\",\"potentialAction\":[{\"@type\":\"ReadAction\",\"target\":[\"https:\/\/www.downssyndrom.no\/trondelag-sor\/om-oss\/\"]}]},{\"@type\":\"BreadcrumbList\",\"@id\":\"https:\/\/www.downssyndrom.no\/trondelag-sor\/om-oss\/#breadcrumb\",\"itemListElement\":[{\"@type\":\"ListItem\",\"position\":1,\"name\":\"Hjem\",\"item\":\"https:\/\/www.downssyndrom.no\/trondelag-sor\/\"},{\"@type\":\"ListItem\",\"position\":2,\"name\":\"Om oss\"}]},{\"@type\":\"WebSite\",\"@id\":\"https:\/\/www.downssyndrom.no\/trondelag-sor\/#website\",\"url\":\"https:\/\/www.downssyndrom.no\/trondelag-sor\/\",\"name\":\"Downs Syndrom Tr\u00f8ndelag S\u00f8r\",\"description\":\"\",\"publisher\":{\"@id\":\"https:\/\/www.downssyndrom.no\/trondelag-sor\/#organization\"},\"potentialAction\":[{\"@type\":\"SearchAction\",\"target\":{\"@type\":\"EntryPoint\",\"urlTemplate\":\"https:\/\/www.downssyndrom.no\/trondelag-sor\/?s={search_term_string}\"},\"query-input\":{\"@type\":\"PropertyValueSpecification\",\"valueRequired\":true,\"valueName\":\"search_term_string\"}}],\"inLanguage\":\"nb-NO\"},{\"@type\":\"Organization\",\"@id\":\"https:\/\/www.downssyndrom.no\/trondelag-sor\/#organization\",\"name\":\"Downs Syndrom Tr\u00f8ndelag S\u00f8r\",\"url\":\"https:\/\/www.downssyndrom.no\/trondelag-sor\/\",\"logo\":{\"@type\":\"ImageObject\",\"inLanguage\":\"nb-NO\",\"@id\":\"https:\/\/www.downssyndrom.no\/trondelag-sor\/#\/schema\/logo\/image\/\",\"url\":\"https:\/\/www.downssyndrom.no\/content\/uploads\/sites\/7\/2024\/03\/cropped-logo-downs-syndrom-trondelag-sor.png\",\"contentUrl\":\"https:\/\/www.downssyndrom.no\/content\/uploads\/sites\/7\/2024\/03\/cropped-logo-downs-syndrom-trondelag-sor.png\",\"width\":1523,\"height\":387,\"caption\":\"Downs Syndrom Tr\u00f8ndelag S\u00f8r\"},\"image\":{\"@id\":\"https:\/\/www.downssyndrom.no\/trondelag-sor\/#\/schema\/logo\/image\/\"}}]}<\/script>\n<!-- \/ Yoast SEO Premium plugin. -->","yoast_head_json":{"title":"Om oss - Downs Syndrom Tr\u00f8ndelag S\u00f8r","robots":{"index":"index","follow":"follow","max-snippet":"max-snippet:-1","max-image-preview":"max-image-preview:large","max-video-preview":"max-video-preview:-1"},"canonical":"https:\/\/www.downssyndrom.no\/trondelag-sor\/om-oss\/","og_locale":"nb_NO","og_type":"article","og_title":"Om oss","og_url":"https:\/\/www.downssyndrom.no\/trondelag-sor\/om-oss\/","og_site_name":"Downs Syndrom Tr\u00f8ndelag S\u00f8r","article_modified_time":"2026-03-02T13:08:27+00:00","twitter_card":"summary_large_image","twitter_misc":{"Ansl. lesetid":"2 minutter"},"schema":{"@context":"https:\/\/schema.org","@graph":[{"@type":"WebPage","@id":"https:\/\/www.downssyndrom.no\/trondelag-sor\/om-oss\/","url":"https:\/\/www.downssyndrom.no\/trondelag-sor\/om-oss\/","name":"Om oss - Downs Syndrom Tr\u00f8ndelag S\u00f8r","isPartOf":{"@id":"https:\/\/www.downssyndrom.no\/trondelag-sor\/#website"},"datePublished":"2024-04-08T17:58:46+00:00","dateModified":"2026-03-02T13:08:27+00:00","breadcrumb":{"@id":"https:\/\/www.downssyndrom.no\/trondelag-sor\/om-oss\/#breadcrumb"},"inLanguage":"nb-NO","potentialAction":[{"@type":"ReadAction","target":["https:\/\/www.downssyndrom.no\/trondelag-sor\/om-oss\/"]}]},{"@type":"BreadcrumbList","@id":"https:\/\/www.downssyndrom.no\/trondelag-sor\/om-oss\/#breadcrumb","itemListElement":[{"@type":"ListItem","position":1,"name":"Hjem","item":"https:\/\/www.downssyndrom.no\/trondelag-sor\/"},{"@type":"ListItem","position":2,"name":"Om oss"}]},{"@type":"WebSite","@id":"https:\/\/www.downssyndrom.no\/trondelag-sor\/#website","url":"https:\/\/www.downssyndrom.no\/trondelag-sor\/","name":"Downs Syndrom Tr\u00f8ndelag S\u00f8r","description":"","publisher":{"@id":"https:\/\/www.downssyndrom.no\/trondelag-sor\/#organization"},"potentialAction":[{"@type":"SearchAction","target":{"@type":"EntryPoint","urlTemplate":"https:\/\/www.downssyndrom.no\/trondelag-sor\/?s={search_term_string}"},"query-input":{"@type":"PropertyValueSpecification","valueRequired":true,"valueName":"search_term_string"}}],"inLanguage":"nb-NO"},{"@type":"Organization","@id":"https:\/\/www.downssyndrom.no\/trondelag-sor\/#organization","name":"Downs Syndrom Tr\u00f8ndelag S\u00f8r","url":"https:\/\/www.downssyndrom.no\/trondelag-sor\/","logo":{"@type":"ImageObject","inLanguage":"nb-NO","@id":"https:\/\/www.downssyndrom.no\/trondelag-sor\/#\/schema\/logo\/image\/","url":"https:\/\/www.downssyndrom.no\/content\/uploads\/sites\/7\/2024\/03\/cropped-logo-downs-syndrom-trondelag-sor.png","contentUrl":"https:\/\/www.downssyndrom.no\/content\/uploads\/sites\/7\/2024\/03\/cropped-logo-downs-syndrom-trondelag-sor.png","width":1523,"height":387,"caption":"Downs Syndrom Tr\u00f8ndelag S\u00f8r"},"image":{"@id":"https:\/\/www.downssyndrom.no\/trondelag-sor\/#\/schema\/logo\/image\/"}}]}},"_links":{"self":[{"href":"https:\/\/www.downssyndrom.no\/trondelag-sor\/wp-json\/wp\/v2\/pages\/107","targetHints":{"allow":["GET"]}}],"collection":[{"href":"https:\/\/www.downssyndrom.no\/trondelag-sor\/wp-json\/wp\/v2\/pages"}],"about":[{"href":"https:\/\/www.downssyndrom.no\/trondelag-sor\/wp-json\/wp\/v2\/types\/page"}],"author":[{"embeddable":true,"href":"https:\/\/www.downssyndrom.no\/trondelag-sor\/wp-json\/wp\/v2\/users\/4"}],"replies":[{"embeddable":true,"href":"https:\/\/www.downssyndrom.no\/trondelag-sor\/wp-json\/wp\/v2\/comments?post=107"}],"version-history":[{"count":3,"href":"https:\/\/www.downssyndrom.no\/trondelag-sor\/wp-json\/wp\/v2\/pages\/107\/revisions"}],"predecessor-version":[{"id":387,"href":"https:\/\/www.downssyndrom.no\/trondelag-sor\/wp-json\/wp\/v2\/pages\/107\/revisions\/387"}],"wp:attachment":[{"href":"https:\/\/www.downssyndrom.no\/trondelag-sor\/wp-json\/wp\/v2\/media?parent=107"}],"curies":[{"name":"wp","href":"https:\/\/api.w.org\/{rel}","templated":true}]}}