{"id":41,"date":"2024-04-04T11:10:49","date_gmt":"2024-04-04T11:10:49","guid":{"rendered":"https:\/\/www.downssyndrom.no\/romerike\/?page_id=41"},"modified":"2026-02-10T21:50:55","modified_gmt":"2026-02-10T21:50:55","slug":"hva-skjer-pa-romerike","status":"publish","type":"page","link":"https:\/\/www.downssyndrom.no\/romerike\/hva-skjer-pa-romerike\/","title":{"rendered":"Hva skjer p\u00e5 Romerike?"},"content":{"rendered":"\n\t<div class=\"dsn-hero has-global-padding is-layout-constrained alignfull is-style-default wp-block-dsn-hero has-background has-colombia-blue-background-color\">\n\t\t<div class=\"dsn-hero__content alignwide\">\n\t\t\t<div class=\"dsn-hero__blocks\">\n\t\t\t\t\n\n<h1 class=\"wp-block-heading\" id=\"h-hva-skjer-pa-romerike\">Hva skjer p\u00e5 Romerike?<\/h1>\n\n\n\n<p>Her er en oversikt over hva som skjer i Ups &amp; Downs Romerike. Arrangementene er som regel for v\u00e5re medlemmer.<\/p>\n\n\t\t\t<\/div>\n\t\t\t<img fetchpriority=\"high\" decoding=\"async\" width=\"1000\" height=\"750\" src=\"https:\/\/www.downssyndrom.no\/content\/uploads\/sites\/2\/2024\/04\/Rockesokker-6.png\" class=\"dsn-hero__image\" alt=\"\" style=\"object-position: 50% 50%\" loading=\"eager\" \/>\t\t<\/div>\n\t<\/div>\n\t\n\n<div class=\"t2-query is-post-type-event with-taxonomy-filters with-sort-by-dropdown with-active-filters-pills wp-block-t2-query\" data-args=\"{&quot;id&quot;:&quot;&quot;,&quot;query&quot;:{&quot;is_t2_query&quot;:true,&quot;meta_query&quot;:[{&quot;key&quot;:&quot;event_start_datetime_ts&quot;,&quot;value&quot;:1777496975,&quot;compare&quot;:&quot;&gt;=&quot;,&quot;type&quot;:&quot;NUMERIC&quot;}],&quot;meta_key&quot;:&quot;event_start_datetime_ts&quot;,&quot;post_type&quot;:&quot;event&quot;,&quot;posts_per_page&quot;:9,&quot;order&quot;:&quot;ASC&quot;,&quot;orderby&quot;:&quot;meta_value_num&quot;},&quot;taxonomies&quot;:[],&quot;display_active_filters&quot;:true,&quot;display_pagination&quot;:true,&quot;display_post_type_filter&quot;:false}\"><form action=\"#\" method=\"get\" class=\"query-filters with-1-filters\"><fieldset class=\"t2-query__fieldset filter-sortby\">\n\t\t\t\t<label for=\"filter-select-sortby\">Sorter etter<\/label>\n\t\t\t\t<select id=\"filter-select-sortby\" name=\"sortby\" class=\"use-tom-select\">\n\t\t\t\t\t<option value=\"upcoming\" selected='selected'>Kommende arrangementer<\/option><option value=\"all\">Tidligere og kommende arrangementer<\/option>\n\t\t\t\t<\/select>\n\t\t\t<\/fieldset><\/form><ul class=\"query-active-filters no-active-filters\"><\/ul><ul class=\"query-results\"><li class=\"t2-featured-content post-356 event type-event status-publish has-post-thumbnail hentry\"><div class=\"t2-featured-template-post t2-featured-content is-post-type-event wp-block-t2-featured-template-post\"><a class=\"t2-post-link event-image wp-block-t2-post-link\" href=\"https:\/\/www.downssyndrom.no\/romerike\/arrangementer\/sommeravslutning-3\/\">\n<figure style=\"--t2-focal-point: 50% 50%;\" class=\"t2-post-featured-image has-image-ratio-4-3 wp-block-t2-post-featured-image\"><img loading=\"lazy\" decoding=\"async\" width=\"1000\" height=\"750\" src=\"https:\/\/www.downssyndrom.no\/content\/uploads\/sites\/2\/2024\/04\/Rockesokker-6-1.png\" class=\"attachment-post-thumbnail size-post-thumbnail wp-post-image\" alt=\"\" srcset=\"https:\/\/www.downssyndrom.no\/content\/uploads\/sites\/2\/2024\/04\/Rockesokker-6-1.png 1000w, https:\/\/www.downssyndrom.no\/content\/uploads\/sites\/2\/2024\/04\/Rockesokker-6-1-300x225.png 300w, https:\/\/www.downssyndrom.no\/content\/uploads\/sites\/2\/2024\/04\/Rockesokker-6-1-768x576.png 768w\" sizes=\"auto, (max-width: 1000px) 100vw, 1000px\" \/><\/figure>\n<div class=\"dekode-events-meta type-date wp-block-dekode-events-event-meta\"><div class=\"type-date\"><div class=\"icon\"><svg xmlns=\"http:\/\/www.w3.org\/2000\/svg\" viewBox=\"0 0 24 24\" height=\"24\" width=\"24\" class=\"t2-icon t2-icon-eventnote\" aria-hidden=\"true\" focusable=\"false\"><path d=\"M5 22c-.5 0-1-.2-1.4-.6S3 20.6 3 20V6c0-.6.2-1 .6-1.4S4.5 4 5 4h1V3c0-.3.1-.5.3-.7S6.7 2 7 2c.3 0 .5.1.7.3s.3.4.3.7v1h8V3c0-.3.1-.5.3-.7s.4-.3.7-.3.5.1.7.3c.2.2.3.4.3.7v1h1c.6 0 1 .2 1.4.6s.6.8.6 1.4v14c0 .6-.2 1-.6 1.4s-.8.6-1.4.6H5zm0-2h14V10H5v10zM5 8h14V6H5v2zm0 0V6v2zm3 6c-.3 0-.5-.1-.7-.3-.2-.2-.3-.4-.3-.7s.1-.5.3-.7c.2-.2.4-.3.7-.3h8c.3 0 .5.1.7.3.2.2.3.4.3.7s-.1.5-.3.7c-.2.2-.4.3-.7.3H8zm0 4c-.3 0-.5-.1-.7-.3-.2-.2-.3-.4-.3-.7s.1-.5.3-.7c.2-.2.4-.3.7-.3h5c.3 0 .5.1.7.3.2.2.3.4.3.7s-.1.5-.3.7c-.2.2-.4.3-.7.3H8z\" fill=\"currentColor\" \/><\/svg><\/div><p class=\"value\"><time datetime=\"2026-06-07 11:00:00\" class=\"date start\"><span class=\"date\"><span>07<\/span><span>jun<\/span><\/span><\/time><\/p><\/div><\/div>\n<\/a>\n<a class=\"t2-post-link post-title-link wp-block-t2-post-link\" href=\"https:\/\/www.downssyndrom.no\/romerike\/arrangementer\/sommeravslutning-3\/\">\n<div class=\"t2-post-dynamic-part is-source-attribute attr-post_type wp-block-t2-post-dynamic-part\">Arrangement<\/div>\n<h3 class=\"t2-post-title wp-block-t2-post-title\">Sommeravslutning<\/h3>\n\n<\/a>\n\n<div class=\"wp-block-group events-meta is-layout-flex wp-block-group-is-layout-flex\">\n\t\n\t<div class=\"dekode-events-meta type-type wp-block-dekode-events-event-meta\"><div class=\"type-type\"><div class=\"icon\"><svg xmlns=\"http:\/\/www.w3.org\/2000\/svg\" viewBox=\"0 0 24 24\" height=\"24\" width=\"24\" class=\"t2-icon t2-icon-wavinghand\" aria-hidden=\"true\" focusable=\"false\"><path d=\"M17.8 23c1.3-.2 2.5-.8 3.4-1.7 1-1 1.5-2.1 1.7-3.4 0-.2 0-.4-.2-.6s-.3-.3-.5-.3-.3.1-.5.2-.2.3-.2.5c-.1 1-.6 1.8-1.3 2.5s-1.5 1.1-2.5 1.3c-.2 0-.3.1-.5.3-.1.1-.2.2-.2.4s.1.4.2.6c.2.1.4.2.6.2zM1.8 7c.2 0 .3-.1.5-.2.1-.1.2-.3.3-.5.2-1 .6-1.8 1.3-2.5s1.5-1.1 2.5-1.3c.2 0 .3-.1.5-.3 0-.1.1-.2.1-.4s-.1-.4-.2-.6c-.2-.1-.4-.2-.6-.2-1.3.2-2.5.8-3.4 1.8S1.2 4.9 1.1 6.2c0 .2 0 .4.2.6.1.1.3.2.5.2zm1.7 13.5c-1.7-1.7-2.5-3.7-2.5-6s.8-4.3 2.5-6L7 4.9c.5-.5 1.1-.7 1.8-.7s1.3.2 1.8.7l.2.2c.1.1.1.1.1.2l2.5-2.5c.5-.5 1.1-.7 1.8-.7s1.3.2 1.8.7c0 .1.1.2.1.2l.2.2c.5-.3 1-.5 1.6-.4.6 0 1.1.3 1.5.7.4.4.6.8.7 1.3.1.5 0 1-.2 1.5.1 0 .2.1.3.2.1.1.2.1.3.2.5.5.7 1.1.7 1.8s-.2 1.3-.7 1.8l-.4.4c.1 0 .1.1.2.1l.2.2c.5.5.7 1.1.7 1.8s-.2 1.3-.7 1.8l-6 6c-1.7 1.7-3.7 2.5-6 2.5s-4.3-1-6-2.6zm3.2-11L9.2 7c.1-.1.1-.2.1-.4 0-.1 0-.2-.1-.3s-.2-.1-.4-.1c-.1 0-.2.1-.3.1L4.9 9.9c-.6.6-1.1 1.4-1.4 2.2-.3.7-.5 1.5-.5 2.4s.2 1.6.5 2.5c.3.8.8 1.5 1.4 2.1s1.3 1.1 2.2 1.4 1.6.5 2.4.5c.8 0 1.6-.2 2.4-.5s1.5-.8 2.1-1.4l6-6c.1-.1.1-.2.1-.4 0-.1 0-.2-.1-.3-.1-.1-.2-.2-.4-.2-.1 0-.2.1-.3.2l-2.8 2.8c-.2.2-.4.3-.7.3-.3 0-.5-.1-.7-.3-.2-.2-.3-.5-.3-.7 0-.3.1-.5.3-.7L20 8.9c.1-.1.1-.2.1-.4s0-.3-.1-.4c0-.1-.1-.1-.2-.1s-.2 0-.3.1l-4.3 4.2c-.2.2-.4.3-.7.3s-.5-.1-.7-.3c-.2-.2-.3-.4-.3-.7 0-.3.1-.5.3-.7l5.3-5.3c.1-.1.1-.2.1-.3s0-.2-.1-.3c-.1-.1-.2-.2-.4-.2s-.2 0-.4.2L13 10.3c-.2.2-.4.3-.7.3s-.5-.1-.7-.3c-.2-.2-.3-.4-.3-.7s.1-.5.3-.7L15.5 5c.1-.1.1-.2.1-.4 0-.1-.1-.2-.1-.3-.1-.1-.2-.2-.3-.2s-.3.1-.4.2l-6.3 6.3c.3.7.4 1.5.3 2.2-.1.8-.3 1.5-.7 2.2-.2.3-.4.4-.7.4-.3 0-.6-.1-.9-.4-.1-.1-.2-.3-.2-.5s0-.4.1-.6c.2-.4.4-.9.4-1.4 0-.5-.1-1-.3-1.4-.1-.3-.2-.6-.2-.8.1-.4.2-.6.4-.8z\" fill=\"currentColor\" \/><\/svg><\/div><p class=\"value\">Fysisk deltakelse<\/p><\/div><\/div>\n<\/div>\n\n<\/div>\n<\/li><li class=\"t2-featured-content post-358 event type-event status-publish has-post-thumbnail hentry\"><div class=\"t2-featured-template-post t2-featured-content is-post-type-event wp-block-t2-featured-template-post\"><a class=\"t2-post-link event-image wp-block-t2-post-link\" href=\"https:\/\/www.downssyndrom.no\/romerike\/arrangementer\/juleavslutning-3\/\">\n<figure style=\"--t2-focal-point: 50% 50%;\" class=\"t2-post-featured-image has-image-ratio-4-3 wp-block-t2-post-featured-image\"><img loading=\"lazy\" decoding=\"async\" width=\"300\" height=\"225\" src=\"https:\/\/www.downssyndrom.no\/content\/uploads\/sites\/2\/2024\/04\/Rockesokker-11-300x225-1.png\" class=\"attachment-post-thumbnail size-post-thumbnail wp-post-image\" alt=\"\" \/><\/figure>\n<div class=\"dekode-events-meta type-date wp-block-dekode-events-event-meta\"><div class=\"type-date\"><div class=\"icon\"><svg xmlns=\"http:\/\/www.w3.org\/2000\/svg\" viewBox=\"0 0 24 24\" height=\"24\" width=\"24\" class=\"t2-icon t2-icon-eventnote\" aria-hidden=\"true\" focusable=\"false\"><path d=\"M5 22c-.5 0-1-.2-1.4-.6S3 20.6 3 20V6c0-.6.2-1 .6-1.4S4.5 4 5 4h1V3c0-.3.1-.5.3-.7S6.7 2 7 2c.3 0 .5.1.7.3s.3.4.3.7v1h8V3c0-.3.1-.5.3-.7s.4-.3.7-.3.5.1.7.3c.2.2.3.4.3.7v1h1c.6 0 1 .2 1.4.6s.6.8.6 1.4v14c0 .6-.2 1-.6 1.4s-.8.6-1.4.6H5zm0-2h14V10H5v10zM5 8h14V6H5v2zm0 0V6v2zm3 6c-.3 0-.5-.1-.7-.3-.2-.2-.3-.4-.3-.7s.1-.5.3-.7c.2-.2.4-.3.7-.3h8c.3 0 .5.1.7.3.2.2.3.4.3.7s-.1.5-.3.7c-.2.2-.4.3-.7.3H8zm0 4c-.3 0-.5-.1-.7-.3-.2-.2-.3-.4-.3-.7s.1-.5.3-.7c.2-.2.4-.3.7-.3h5c.3 0 .5.1.7.3.2.2.3.4.3.7s-.1.5-.3.7c-.2.2-.4.3-.7.3H8z\" fill=\"currentColor\" \/><\/svg><\/div><p class=\"value\"><time datetime=\"2026-11-22 14:00:00\" class=\"date start\"><span class=\"date\"><span>22<\/span><span>nov<\/span><\/span><\/time><\/p><\/div><\/div>\n<\/a>\n<a class=\"t2-post-link post-title-link wp-block-t2-post-link\" href=\"https:\/\/www.downssyndrom.no\/romerike\/arrangementer\/juleavslutning-3\/\">\n<div class=\"t2-post-dynamic-part is-source-attribute attr-post_type wp-block-t2-post-dynamic-part\">Arrangement<\/div>\n<h3 class=\"t2-post-title wp-block-t2-post-title\">Juleavslutning<\/h3>\n\n<\/a>\n\n<div class=\"wp-block-group events-meta is-layout-flex wp-block-group-is-layout-flex\">\n\t\n\t<div class=\"dekode-events-meta type-type wp-block-dekode-events-event-meta\"><div class=\"type-type\"><div class=\"icon\"><svg xmlns=\"http:\/\/www.w3.org\/2000\/svg\" viewBox=\"0 0 24 24\" height=\"24\" width=\"24\" class=\"t2-icon t2-icon-wavinghand\" aria-hidden=\"true\" focusable=\"false\"><path d=\"M17.8 23c1.3-.2 2.5-.8 3.4-1.7 1-1 1.5-2.1 1.7-3.4 0-.2 0-.4-.2-.6s-.3-.3-.5-.3-.3.1-.5.2-.2.3-.2.5c-.1 1-.6 1.8-1.3 2.5s-1.5 1.1-2.5 1.3c-.2 0-.3.1-.5.3-.1.1-.2.2-.2.4s.1.4.2.6c.2.1.4.2.6.2zM1.8 7c.2 0 .3-.1.5-.2.1-.1.2-.3.3-.5.2-1 .6-1.8 1.3-2.5s1.5-1.1 2.5-1.3c.2 0 .3-.1.5-.3 0-.1.1-.2.1-.4s-.1-.4-.2-.6c-.2-.1-.4-.2-.6-.2-1.3.2-2.5.8-3.4 1.8S1.2 4.9 1.1 6.2c0 .2 0 .4.2.6.1.1.3.2.5.2zm1.7 13.5c-1.7-1.7-2.5-3.7-2.5-6s.8-4.3 2.5-6L7 4.9c.5-.5 1.1-.7 1.8-.7s1.3.2 1.8.7l.2.2c.1.1.1.1.1.2l2.5-2.5c.5-.5 1.1-.7 1.8-.7s1.3.2 1.8.7c0 .1.1.2.1.2l.2.2c.5-.3 1-.5 1.6-.4.6 0 1.1.3 1.5.7.4.4.6.8.7 1.3.1.5 0 1-.2 1.5.1 0 .2.1.3.2.1.1.2.1.3.2.5.5.7 1.1.7 1.8s-.2 1.3-.7 1.8l-.4.4c.1 0 .1.1.2.1l.2.2c.5.5.7 1.1.7 1.8s-.2 1.3-.7 1.8l-6 6c-1.7 1.7-3.7 2.5-6 2.5s-4.3-1-6-2.6zm3.2-11L9.2 7c.1-.1.1-.2.1-.4 0-.1 0-.2-.1-.3s-.2-.1-.4-.1c-.1 0-.2.1-.3.1L4.9 9.9c-.6.6-1.1 1.4-1.4 2.2-.3.7-.5 1.5-.5 2.4s.2 1.6.5 2.5c.3.8.8 1.5 1.4 2.1s1.3 1.1 2.2 1.4 1.6.5 2.4.5c.8 0 1.6-.2 2.4-.5s1.5-.8 2.1-1.4l6-6c.1-.1.1-.2.1-.4 0-.1 0-.2-.1-.3-.1-.1-.2-.2-.4-.2-.1 0-.2.1-.3.2l-2.8 2.8c-.2.2-.4.3-.7.3-.3 0-.5-.1-.7-.3-.2-.2-.3-.5-.3-.7 0-.3.1-.5.3-.7L20 8.9c.1-.1.1-.2.1-.4s0-.3-.1-.4c0-.1-.1-.1-.2-.1s-.2 0-.3.1l-4.3 4.2c-.2.2-.4.3-.7.3s-.5-.1-.7-.3c-.2-.2-.3-.4-.3-.7 0-.3.1-.5.3-.7l5.3-5.3c.1-.1.1-.2.1-.3s0-.2-.1-.3c-.1-.1-.2-.2-.4-.2s-.2 0-.4.2L13 10.3c-.2.2-.4.3-.7.3s-.5-.1-.7-.3c-.2-.2-.3-.4-.3-.7s.1-.5.3-.7L15.5 5c.1-.1.1-.2.1-.4 0-.1-.1-.2-.1-.3-.1-.1-.2-.2-.3-.2s-.3.1-.4.2l-6.3 6.3c.3.7.4 1.5.3 2.2-.1.8-.3 1.5-.7 2.2-.2.3-.4.4-.7.4-.3 0-.6-.1-.9-.4-.1-.1-.2-.3-.2-.5s0-.4.1-.6c.2-.4.4-.9.4-1.4 0-.5-.1-1-.3-1.4-.1-.3-.2-.6-.2-.8.1-.4.2-.6.4-.8z\" fill=\"currentColor\" \/><\/svg><\/div><p class=\"value\">Fysisk deltakelse<\/p><\/div><\/div>\n<\/div>\n\n<\/div>\n<\/li><\/ul><nav class=\"query-pagination\" aria-label=\"Paginering\"><\/nav><\/div>\n\n\n<ul class=\"wp-block-list\"><\/ul>\n\n\n\n<p><strong>Fritidsaktiviteter<\/strong><\/p>\n\n\n\n<p>Det er mange tilrettelagte fritidstilbud i v\u00e5r region. Ups &amp; Downs Romerike vedlikeholder ikke lenger en oversikt over hvilke tilbud som finnes, da det er for mange til at vi klarer \u00e5 holde oversikten. Vi anbefaler deg isteden \u00e5 g\u00e5 til gode og oppdaterte kilder til denne typen informasjon:<\/p>\n\n\n\n<p>Norges idrettsforbund har oversikter over paraidrettstilbud i hele landet. <a href=\"https:\/\/www.idrettsforbundet.no\/idrettskrets\/viken\/paraidrett\/oversikt-paraidrettstilbud\/paraidrettstilbud\/\">Her finner dere tilbud i v\u00e5rt omr\u00e5de.<\/a> De har ogs\u00e5 egne parar\u00e5dgivere du kan ta kontakt med hvis du \u00f8nsker tips og veiledning.<\/p>\n\n\n\n<p>For tips vedr\u00f8rende aktiviteter \/ idebank og tilrettelegging kan man ogs\u00e5 se p\u00e5 nettsiden\u00a0<a href=\"https:\/\/www.funkability.no\/\" target=\"_blank\" rel=\"noreferrer noopener\">https:\/\/www.funkability.no\/<\/a>\u00a0som er utarbeidet av Beitost\u00f8len helsesportssenter (BHSS).<\/p>\n\n\n\n<p>Norges Sv\u00f8mmeforbund har en oversikt over ferdighetsmerkene. ta kontakt med din lokale sv\u00f8mmeklubb for mer informasjon om kurs og informasjon<\/p>\n\n\n\n<p>For utleie av utstyr i ditt lokalmilj\u00f8, se\u00a0<a href=\"http:\/\/www.bua.no\/\" target=\"_blank\" rel=\"noreferrer noopener\">www.bua.no<\/a>.<\/p>\n\n\n\n<p>Vi tar gjerne imot tips om aktiviteter. Send oss en mail, s\u00e5 deler vi det videre med alle v\u00e5re medlemmer!<\/p>\n","protected":false},"excerpt":{"rendered":"","protected":false},"author":4,"featured_media":0,"parent":0,"menu_order":0,"comment_status":"closed","ping_status":"closed","template":"","meta":{"alternative_post_author":"","footnotes":""},"class_list":["post-41","page","type-page","status-publish","hentry"],"yoast_head":"<!-- This site is optimized with the Yoast SEO Premium plugin v26.4-RC2 (Yoast SEO v26.4-RC2) - https:\/\/yoast.com\/wordpress\/plugins\/seo\/ -->\n<title>Hva skjer p\u00e5 Romerike? - Ups &amp; Downs Romerike<\/title>\n<meta name=\"robots\" content=\"index, follow, max-snippet:-1, max-image-preview:large, max-video-preview:-1\" \/>\n<link rel=\"canonical\" href=\"https:\/\/www.downssyndrom.no\/romerike\/hva-skjer-pa-romerike\/\" \/>\n<meta property=\"og:locale\" content=\"nb_NO\" \/>\n<meta property=\"og:type\" content=\"article\" \/>\n<meta property=\"og:title\" content=\"Hva skjer p\u00e5 Romerike?\" \/>\n<meta property=\"og:url\" content=\"https:\/\/www.downssyndrom.no\/romerike\/hva-skjer-pa-romerike\/\" \/>\n<meta property=\"og:site_name\" content=\"Ups &amp; Downs Romerike\" \/>\n<meta property=\"article:modified_time\" content=\"2026-02-10T21:50:55+00:00\" \/>\n<meta name=\"twitter:card\" content=\"summary_large_image\" \/>\n<meta name=\"twitter:label1\" content=\"Ansl. lesetid\" \/>\n\t<meta name=\"twitter:data1\" content=\"1 minutt\" \/>\n<script type=\"application\/ld+json\" class=\"yoast-schema-graph\">{\"@context\":\"https:\/\/schema.org\",\"@graph\":[{\"@type\":\"WebPage\",\"@id\":\"https:\/\/www.downssyndrom.no\/romerike\/hva-skjer-pa-romerike\/\",\"url\":\"https:\/\/www.downssyndrom.no\/romerike\/hva-skjer-pa-romerike\/\",\"name\":\"Hva skjer p\u00e5 Romerike? - Ups &amp; Downs Romerike\",\"isPartOf\":{\"@id\":\"https:\/\/www.downssyndrom.no\/romerike\/#website\"},\"datePublished\":\"2024-04-04T11:10:49+00:00\",\"dateModified\":\"2026-02-10T21:50:55+00:00\",\"breadcrumb\":{\"@id\":\"https:\/\/www.downssyndrom.no\/romerike\/hva-skjer-pa-romerike\/#breadcrumb\"},\"inLanguage\":\"nb-NO\",\"potentialAction\":[{\"@type\":\"ReadAction\",\"target\":[\"https:\/\/www.downssyndrom.no\/romerike\/hva-skjer-pa-romerike\/\"]}]},{\"@type\":\"BreadcrumbList\",\"@id\":\"https:\/\/www.downssyndrom.no\/romerike\/hva-skjer-pa-romerike\/#breadcrumb\",\"itemListElement\":[{\"@type\":\"ListItem\",\"position\":1,\"name\":\"Hjem\",\"item\":\"https:\/\/www.downssyndrom.no\/romerike\/\"},{\"@type\":\"ListItem\",\"position\":2,\"name\":\"Hva skjer p\u00e5 Romerike?\"}]},{\"@type\":\"WebSite\",\"@id\":\"https:\/\/www.downssyndrom.no\/romerike\/#website\",\"url\":\"https:\/\/www.downssyndrom.no\/romerike\/\",\"name\":\"Ups &amp; Downs Romerike\",\"description\":\"\",\"publisher\":{\"@id\":\"https:\/\/www.downssyndrom.no\/romerike\/#organization\"},\"potentialAction\":[{\"@type\":\"SearchAction\",\"target\":{\"@type\":\"EntryPoint\",\"urlTemplate\":\"https:\/\/www.downssyndrom.no\/romerike\/?s={search_term_string}\"},\"query-input\":{\"@type\":\"PropertyValueSpecification\",\"valueRequired\":true,\"valueName\":\"search_term_string\"}}],\"inLanguage\":\"nb-NO\"},{\"@type\":\"Organization\",\"@id\":\"https:\/\/www.downssyndrom.no\/romerike\/#organization\",\"name\":\"Ups &amp; Downs Romerike\",\"url\":\"https:\/\/www.downssyndrom.no\/romerike\/\",\"logo\":{\"@type\":\"ImageObject\",\"inLanguage\":\"nb-NO\",\"@id\":\"https:\/\/www.downssyndrom.no\/romerike\/#\/schema\/logo\/image\/\",\"url\":\"https:\/\/www.downssyndrom.no\/content\/uploads\/sites\/2\/2024\/03\/cropped-logo-ups-downs-romerike.png\",\"contentUrl\":\"https:\/\/www.downssyndrom.no\/content\/uploads\/sites\/2\/2024\/03\/cropped-logo-ups-downs-romerike.png\",\"width\":1523,\"height\":387,\"caption\":\"Ups &amp; Downs Romerike\"},\"image\":{\"@id\":\"https:\/\/www.downssyndrom.no\/romerike\/#\/schema\/logo\/image\/\"}}]}<\/script>\n<!-- \/ Yoast SEO Premium plugin. -->","yoast_head_json":{"title":"Hva skjer p\u00e5 Romerike? - Ups &amp; Downs Romerike","robots":{"index":"index","follow":"follow","max-snippet":"max-snippet:-1","max-image-preview":"max-image-preview:large","max-video-preview":"max-video-preview:-1"},"canonical":"https:\/\/www.downssyndrom.no\/romerike\/hva-skjer-pa-romerike\/","og_locale":"nb_NO","og_type":"article","og_title":"Hva skjer p\u00e5 Romerike?","og_url":"https:\/\/www.downssyndrom.no\/romerike\/hva-skjer-pa-romerike\/","og_site_name":"Ups &amp; Downs Romerike","article_modified_time":"2026-02-10T21:50:55+00:00","twitter_card":"summary_large_image","twitter_misc":{"Ansl. lesetid":"1 minutt"},"schema":{"@context":"https:\/\/schema.org","@graph":[{"@type":"WebPage","@id":"https:\/\/www.downssyndrom.no\/romerike\/hva-skjer-pa-romerike\/","url":"https:\/\/www.downssyndrom.no\/romerike\/hva-skjer-pa-romerike\/","name":"Hva skjer p\u00e5 Romerike? - Ups &amp; Downs Romerike","isPartOf":{"@id":"https:\/\/www.downssyndrom.no\/romerike\/#website"},"datePublished":"2024-04-04T11:10:49+00:00","dateModified":"2026-02-10T21:50:55+00:00","breadcrumb":{"@id":"https:\/\/www.downssyndrom.no\/romerike\/hva-skjer-pa-romerike\/#breadcrumb"},"inLanguage":"nb-NO","potentialAction":[{"@type":"ReadAction","target":["https:\/\/www.downssyndrom.no\/romerike\/hva-skjer-pa-romerike\/"]}]},{"@type":"BreadcrumbList","@id":"https:\/\/www.downssyndrom.no\/romerike\/hva-skjer-pa-romerike\/#breadcrumb","itemListElement":[{"@type":"ListItem","position":1,"name":"Hjem","item":"https:\/\/www.downssyndrom.no\/romerike\/"},{"@type":"ListItem","position":2,"name":"Hva skjer p\u00e5 Romerike?"}]},{"@type":"WebSite","@id":"https:\/\/www.downssyndrom.no\/romerike\/#website","url":"https:\/\/www.downssyndrom.no\/romerike\/","name":"Ups &amp; Downs Romerike","description":"","publisher":{"@id":"https:\/\/www.downssyndrom.no\/romerike\/#organization"},"potentialAction":[{"@type":"SearchAction","target":{"@type":"EntryPoint","urlTemplate":"https:\/\/www.downssyndrom.no\/romerike\/?s={search_term_string}"},"query-input":{"@type":"PropertyValueSpecification","valueRequired":true,"valueName":"search_term_string"}}],"inLanguage":"nb-NO"},{"@type":"Organization","@id":"https:\/\/www.downssyndrom.no\/romerike\/#organization","name":"Ups &amp; Downs Romerike","url":"https:\/\/www.downssyndrom.no\/romerike\/","logo":{"@type":"ImageObject","inLanguage":"nb-NO","@id":"https:\/\/www.downssyndrom.no\/romerike\/#\/schema\/logo\/image\/","url":"https:\/\/www.downssyndrom.no\/content\/uploads\/sites\/2\/2024\/03\/cropped-logo-ups-downs-romerike.png","contentUrl":"https:\/\/www.downssyndrom.no\/content\/uploads\/sites\/2\/2024\/03\/cropped-logo-ups-downs-romerike.png","width":1523,"height":387,"caption":"Ups &amp; Downs Romerike"},"image":{"@id":"https:\/\/www.downssyndrom.no\/romerike\/#\/schema\/logo\/image\/"}}]}},"_links":{"self":[{"href":"https:\/\/www.downssyndrom.no\/romerike\/wp-json\/wp\/v2\/pages\/41","targetHints":{"allow":["GET"]}}],"collection":[{"href":"https:\/\/www.downssyndrom.no\/romerike\/wp-json\/wp\/v2\/pages"}],"about":[{"href":"https:\/\/www.downssyndrom.no\/romerike\/wp-json\/wp\/v2\/types\/page"}],"author":[{"embeddable":true,"href":"https:\/\/www.downssyndrom.no\/romerike\/wp-json\/wp\/v2\/users\/4"}],"replies":[{"embeddable":true,"href":"https:\/\/www.downssyndrom.no\/romerike\/wp-json\/wp\/v2\/comments?post=41"}],"version-history":[{"count":4,"href":"https:\/\/www.downssyndrom.no\/romerike\/wp-json\/wp\/v2\/pages\/41\/revisions"}],"predecessor-version":[{"id":366,"href":"https:\/\/www.downssyndrom.no\/romerike\/wp-json\/wp\/v2\/pages\/41\/revisions\/366"}],"wp:attachment":[{"href":"https:\/\/www.downssyndrom.no\/romerike\/wp-json\/wp\/v2\/media?parent=41"}],"curies":[{"name":"wp","href":"https:\/\/api.w.org\/{rel}","templated":true}]}}