{"id":895,"date":"2017-06-06T20:10:11","date_gmt":"2017-06-06T18:10:11","guid":{"rendered":"http:\/\/www.upsanddownsoslo.no\/wp\/?page_id=9"},"modified":"2024-04-08T14:23:54","modified_gmt":"2024-04-08T12:23:54","slug":"kontaktoss","status":"publish","type":"page","link":"https:\/\/www.downssyndrom.no\/oslo\/kontaktoss\/","title":{"rendered":"Kontakt oss"},"content":{"rendered":"\n\t<div class=\"dsn-hero has-global-padding is-layout-constrained alignfull is-style-default wp-block-dsn-hero has-background has-colombia-blue-background-color\">\n\t\t<div class=\"dsn-hero__content alignwide\">\n\t\t\t<div class=\"dsn-hero__blocks\">\n\t\t\t\t\n<h1 class=\"wp-block-post-title\">Kontakt oss<\/h1>\n\n\n<p>Har du noen sp\u00f8rsm\u00e5l eller \u00f8nsker \u00e5 vite mer om hva som skjer i ditt n\u00e6romr\u00e5de? Her finner du kontaktinformasjon til Downs Syndrom Oslo.<\/p>\n\n\n\n<div class=\"wp-block-buttons is-content-justification-left is-layout-flex wp-container-core-buttons-is-layout-6a42c07d wp-block-buttons-is-layout-flex\">\n<div class=\"wp-block-button has-icon has-icon-email\"><a class=\"wp-block-button__link wp-element-button\" href=\"mailto:oslo@downssyndrom.no\" target=\"_blank\" rel=\"noreferrer noopener\">Send oss en e-post<svg xmlns=\"http:\/\/www.w3.org\/2000\/svg\" viewBox=\"0 0 24 24\" height=\"24\" width=\"24\" class=\"t2-icon t2-icon-email\" aria-hidden=\"true\" focusable=\"false\"><path d=\"M12 22c-1.4 0-2.7-.3-3.9-.8-1.2-.5-2.3-1.2-3.2-2.1s-1.6-2-2.1-3.2S2 13.4 2 12s.3-2.7.8-3.9S4 5.8 4.9 4.9s2-1.6 3.2-2.2S10.6 2 12 2s2.7.3 3.9.8S18.2 4 19.1 5s1.6 2 2.1 3.2c.5 1.1.8 2.4.8 3.8v1.4c0 1-.3 1.8-1 2.5s-1.5 1-2.5 1c-.6 0-1.2-.1-1.7-.4-.5-.3-.9-.6-1.3-1.1-.4.4-1 .8-1.6 1.1-.6.3-1.3.4-2 .4-1.4 0-2.6-.5-3.5-1.5S7 13.4 7 12s.5-2.6 1.5-3.5S10.6 7 12 7s2.6.5 3.5 1.5S17 10.6 17 12v1.4c0 .5.1.9.5 1.1.3.3.6.4 1 .4s.8-.1 1.1-.4c.3-.3.4-.7.4-1.1V12c0-2.2-.8-4.1-2.4-5.6C16.1 4.8 14.2 4 12 4s-4.1.8-5.6 2.4S4 9.8 4 12s.8 4.1 2.4 5.6C7.9 19.2 9.8 20 12 20h4c.3 0 .5.1.7.3.2.2.3.4.3.7s-.1.5-.3.7c-.2.2-.4.3-.7.3h-4zm0-7c.8 0 1.5-.3 2.1-.9s.9-1.3.9-2.1-.3-1.5-.9-2.1c-.6-.6-1.3-.9-2.1-.9s-1.5.3-2.1.9c-.6.6-.9 1.3-.9 2.1s.3 1.5.9 2.1c.6.6 1.3.9 2.1.9z\" fill=\"currentColor\" \/><\/svg><\/a><\/div>\n\n\n\n<div class=\"wp-block-button is-style-link-button has-icon has-icon-facebook\"><a class=\"wp-block-button__link wp-element-button\" href=\"https:\/\/www.facebook.com\/groups\/udoslo\" target=\"_blank\" rel=\"noreferrer noopener\">F\u00f8lg oss p\u00e5 Facebook<svg xmlns=\"http:\/\/www.w3.org\/2000\/svg\" viewBox=\"0 0 24 24\" height=\"24\" width=\"24\" class=\"t2-icon t2-icon-facebook\" aria-hidden=\"true\" focusable=\"false\"><path d=\"M5 3h14a2 2 0 0 1 2 2v14a2 2 0 0 1-2 2H5a2 2 0 0 1-2-2V5a2 2 0 0 1 2-2m13 2h-2.5A3.5 3.5 0 0 0 12 8.5V11h-2v3h2v7h3v-7h3v-3h-3V9a1 1 0 0 1 1-1h2V5z\" fill=\"currentColor\" \/><\/svg><\/a><\/div>\n\n\n\n<div class=\"wp-block-button is-style-link-button has-icon has-icon-people\"><a class=\"wp-block-button__link has-text-align-left wp-element-button\" href=\"https:\/\/www.downssyndrom.no\/oslo\/om-oss\/styret\/\">Bli kjent med styret i Downs Syndrom Oslo<svg xmlns=\"http:\/\/www.w3.org\/2000\/svg\" viewBox=\"0 0 24 24\" height=\"24\" width=\"24\" class=\"t2-icon t2-icon-people\" aria-hidden=\"true\" focusable=\"false\"><path d=\"M1 18c-.3 0-.5-.1-.7-.3-.2-.2-.3-.4-.3-.7v-.6c0-.7.4-1.3 1.1-1.8.7-.4 1.7-.6 2.9-.6h.6c.2 0 .4 0 .6.1-.2.3-.4.7-.5 1.1-.1.4-.2.8-.2 1.2V18H1zm6 0c-.3 0-.5-.1-.7-.3-.2-.2-.3-.4-.3-.7v-.6c0-1.1.6-2 1.7-2.6 1.1-.7 2.6-1 4.3-1 1.8 0 3.2.3 4.4 1 1.1.7 1.6 1.6 1.6 2.6v.6c0 .3-.1.5-.3.7-.2.2-.4.3-.7.3H7zm12.5 0v-1.6c0-.4-.1-.8-.2-1.2s-.3-.7-.5-1.1c.2 0 .4-.1.6-.1h.6c1.2 0 2.2.2 2.9.7.7.4 1.1 1 1.1 1.8v.5c0 .3-.1.5-.3.7-.2.2-.4.3-.7.3h-3.5zM4 13c-.5 0-1-.2-1.4-.6S2 11.6 2 11s.2-1 .6-1.4S3.5 9 4 9s1 .2 1.4.6c.4.4.6.8.6 1.4s-.2 1-.6 1.4c-.4.4-.8.6-1.4.6zm16 0c-.5 0-1-.2-1.4-.6-.4-.4-.6-.8-.6-1.4s.2-1 .6-1.4c.4-.4.9-.6 1.4-.6.6 0 1 .2 1.4.6s.6.8.6 1.4-.2 1-.6 1.4-.8.6-1.4.6zm-8-1c-.8 0-1.5-.3-2.1-.9C9.3 10.5 9 9.8 9 9s.3-1.5.9-2.1c.6-.6 1.3-.9 2.1-.9s1.5.3 2.1.9.9 1.3.9 2.1-.3 1.5-.9 2.1-1.3.9-2.1.9z\" fill=\"currentColor\" \/><\/svg><\/a><\/div>\n<\/div>\n\n\t\t\t<\/div>\n\t\t\t<img fetchpriority=\"high\" decoding=\"async\" width=\"1024\" height=\"683\" src=\"https:\/\/www.downssyndrom.no\/content\/uploads\/sites\/4\/2024\/04\/iStock-1423717908-1024x683.jpg\" class=\"dsn-hero__image\" alt=\"\" style=\"object-position: 69% 85%\" loading=\"eager\" \/>\t\t<\/div>\n\t<\/div>\n\t\n\n<div class=\"wp-block-t2-icon is-content-justification-center is-layout-flex wp-container-t2-icon-is-layout-a89b3969 wp-block-icon-is-layout-flex\"><svg xmlns=\"http:\/\/www.w3.org\/2000\/svg\" viewBox=\"0 0 274 299\" height=\"92\" width=\"92\" class=\"t2-icon t2-icon-decor-socks-3\" aria-hidden=\"true\" focusable=\"false\"><path fill=\"#79B5B8\" d=\"M.21 34.173c-.31 6.17 3.45 9.02 7.36 12.22 3.91 3.2 6.21 6.86 6.48 12 .32 5.9 3.56 15.34 11.11 14.16 5-.78 10.87-5.9 14.95-8.73 4.98-3.45 9.76-7.44 12.88-12.71 5.6-9.46 19.78-9.82 20.09-16.17.32-6.36-8.37-13.34-9.73-21.54-1.36-8.21-8.49-17.94-16.44-11.08-5.09 4.4-10.73 7.01-16.72 9.89-6.5 3.13-11.62 8.36-17.94 11.71C7.78 26.293.5 27.903.19 34.163l.02.01Z\"\/><path fill=\"#F8B648\" d=\"M27.97 81.213c2.19-2.9 9.5-5.9 16.1-10.53 6.6-4.63 5.68-7.51 12.72-10.17 7.03-2.66 13.83-11.17 16.79-13.86 2.96-2.68 9.87.84 6.48 4.92-3.39 4.08-4.9 9.49-10.54 12.58-5.64 3.08-12.57 3.62-17.02 7.65-4.45 4.03-14.53 18.22-21.13 19.13-6.59.91-6.63-5.46-3.41-9.73l.01.01Z\"\/><path fill=\"#FB7D6C\" d=\"M35.67 100.893c-1.3-7.15 5.6-9.46 11.5-14.12 5.9-4.66 12.55-10.35 17.53-14.53s16.55-15.99 20.1-12.81c3.56 3.19 2.59 8.45-2.81 10.3-5.4 1.86-9.05 7.52-15.76 10.9-6.72 3.38-12.43 11.6-16.82 17.93-4.38 6.33-12.21 10.72-13.74 2.33Z\"\/><path fill=\"#79B5B8\" d=\"M45.77 111.303c5.04-5.24 15.43-11.27 23.01-17.8 7.58-6.53 11.58-15.89 16.97-17.39 5.38-1.5 10.07 4.04 3.68 11.51-6.39 7.47-9.98 12.07-16.38 16.18-6.4 4.11-8.03 4.91-15.07 11.29-7.04 6.38-12.29 5.05-13.93 2.5-1.64-2.56 1.73-6.29 1.73-6.29h-.01Z\"\/><path fill=\"#F8B648\" d=\"M51.12 128.383c-.47-1.61-.03-3.01 6.15-6.24 6.18-3.23 18.79-11.28 22.05-16.25 3.26-4.97 7.71-5.64 12.01-10.2 4.3-4.57 6.91-7.27 11.02-4.59 4.11 2.68 2.65 10.75-4.73 13.39-7.39 2.64-10.96 6.89-20.51 13.85s-23.56 18.3-25.98 10.04h-.01Z\"\/><path fill=\"#FB7D6C\" d=\"M56.23 139.613c-.47-3.15 4.9-9.49 12.55-10.35 7.65-.86 18.01-9.9 23.49-13.17 5.47-3.27 13.73-12.77 19.14-7.55 5.4 5.22 1.51 8.75-6.6 11.71-8.11 2.96-11.66 10.22-18.15 12.73-6.5 2.51-12.97 4.67-19.58 9.29-6.61 4.62-10.31.9-10.84-2.66h-.01Z\"\/><path fill=\"#F8B648\" d=\"M63.24 155.183c-1.26-3.87 6.83-9.22 12.85-9.27 6.02-.06 15.26-4.38 24.531-12.77 9.27-8.39 13.73-12.77 17.66-9.92 3.93 2.85-6.23 11.37-11.8 13.04s-12.09 8.25-18.58 14.12c-6.49 5.87-21.44 14.69-24.66 4.79v.01Z\"\/><path fill=\"#79B5B8\" d=\"M105.171 151.953c-.4-5.3 2.17-8.03 7.88-12.53s9.48-5.55 11.91-8.08c2.43-2.53 6.82 1.58 8.63 8.04 1.8 6.46 7.41 18.24-.28 23.53-7.69 5.29-14.38.88-19.07-.95-4.69-1.83-8.85-7.16-9.06-10.01h-.01ZM70.63 170.413c-2.2-5.54 11.8-13.04 25.73-8.46 13.93 4.58 16.97 7.57 23.94 9.68 6.97 2.12 12.04 10.69 9.44 13.03-2.59 2.35-9.52-.83-17.01-6.86-7.49-6.04-17.42-9.18-25.74-5.7-8.31 3.48-14.8 2.27-16.38-1.7l.02.01Z\"\/><path fill=\"#F8B648\" d=\"M69.2 188.573c-2.48-5.65 4.4-6.68 13.1-7.14 8.7-.46 25.891 6.24 31.611 5.11 5.72-1.13 19.04 5.02 14.62 12.05-4.42 7.03-13.6-.5-19.63-3.81-6.03-3.31-13.04-4.72-21.62-3.02-8.58 1.7-15.53 2.59-18.07-3.2l-.01.01Z\"\/><path fill=\"#FB7D6C\" d=\"M64.73 203.753c-2.07-4.03 8.16-11.1 19.87-4.5s22.601 8.2 30.071 7.51c7.47-.69 17.539 10.43 11.169 13.83-6.36 3.4-9.36-4-16.76-4.72-7.4-.72-11.3-.56-17.41-5.82-6.11-5.26-10.7-5.49-17.16-3.68-6.46 1.8-8.01.84-9.78-2.61v-.01Z\"\/><path fill=\"#79B5B8\" d=\"M60.09 218.743c0-3.13 7.82-7.75 17.26-1.8 9.44 5.95 19.37 9.1 27.711 8.63 8.34-.47 21.07 6.89 17.78 12.56-3.29 5.68-17.59 1.43-25.19-2.49-7.59-3.92-14.05-2.11-21.9-4.45-7.85-2.34-15.67-8.74-15.67-12.46l.01.01Z\"\/><path fill=\"#FB7D6C\" d=\"M53.52 240.543c.54-4.27 9.11-5.21 19.17-1.17 10.07 4.04 24.86 5.48 31.91 6.18 7.04.7 18.75 11.02 9.97 16.6-8.77 5.58-13.01-5.42-24.89-8.49-11.88-3.07-25.59-1.45-31.22-5.8-5.63-4.35-5.24-5.04-4.95-7.33l.01.01Z\"\/><path fill=\"#79B5B8\" d=\"M53.01 268.653c1.99-4.5 2.06-5.92 7.31-4.59 5.24 1.32 5.37-1.15 10.9-2.11s9.23 3.11 13.1 7.02c3.88 3.91 8.09 1.11 10.76.71 2.67-.4 17.601 5.65 6.121 19.42-11.48 13.77-30.47 14.77-41.04 3.1s-7.15-23.54-7.15-23.54v-.01Z\"\/><path fill=\"#F8B648\" d=\"M212.23 293.373c.53.02 1.07 0 1.64-.05 5.05-.55 9.6-2.95 14.08-5.17 4.27-2.12 8.58-3.73 13.15-5.04 9.24-2.65 20.31-3.21 28.53-8.51 2.85-1.84 5.29-4.51 6.22-7.77 1.39-4.89-1.45-8.85-4.9-11.98-4.73-4.31-10.2-7.33-12.07-13.89-2.56-8.96-3.05-27.27-11.78-27.18-8.73.09-20.69 6.52-22.78 5.72-2.09-.8-4.52.75-8.11 4.72-3.6 3.97-7.2 2.75-13.1 5.44-5.9 2.69-11.79 7.86-10.4 11.1 1.39 3.25-5.24 3.9-2.91 9.9s6.11 14.07 8.96 24.34c1.93 6.96 4.99 17.98 13.47 18.37Z\"\/><path fill=\"#FB7D6C\" d=\"M188.19 230.893c3.52.39 7.24-3.69 14-7.17s20.73-9.94 25.92-9.95c5.19 0 18-4.28 17.88-9.6-.12-5.32-11.09-5.44-17.82.28-6.74 5.72-22.55 11.16-30.85 12.21-8.3 1.05-17.01 5.86-15.66 10.05 1.35 4.19 6.54 4.18 6.54 4.18h-.01ZM188.631 212.863c7.28-1.92 26.92-11.32 34.42-12.76 7.49-1.44 20.29-2.77 20.13-9.85-.16-7.09-9.72-4.2-15.78-.69-6.05 3.51-26.1 8.76-34.36 8.87-8.26.11-20.16 7.84-16.11 12.27 4.05 4.43 11.7 2.17 11.7 2.17v-.01Z\"\/><path fill=\"#79B5B8\" d=\"M183.511 195.183c6.54-2.31 17.11-8.21 25.36-8.09 8.25.12 23.16-3.58 26.41-7.69 3.25-4.1-5.29-8.49-14.92-4.19-9.63 4.3-19.83 5.74-26.92 5.9-7.08.16-17.56 2.3-21.24 8.15-3.68 5.85 4.47 8.34 11.3 5.92h.01Z\"\/><path fill=\"#FB7D6C\" d=\"M181.74 178.943c8.63-2.67 22.24-6.81 28.86-7.23 6.62-.42 19.791-2.08 20.591-6.88.8-4.8-9.72-4.2-19.31-.85-9.58 3.35-22.311 5.74-28.781 5.34-6.47-.4-14.149-.15-17.349 5.49-3.2 5.64 9.639 6.09 15.979 4.12l.01.01ZM166.47 169.423c4.63.2 9.18-4.79 16.65-8.47 7.48-3.68 20.14-7.37 27.26-5.53 7.12 1.84 15.4 1.27 16.79-3.63 1.39-4.9-6.8-6.43-15.69-5.29-8.89 1.14-10.06-4.57-20.54.28-10.48 4.85-14.87 8.19-23.39 11.48-8.52 3.28-10.03 10.77-1.08 11.16Z\"\/><path fill=\"#F8B648\" d=\"M166.011 153.973a8.35 8.35 0 0 0 3.69-2.09c2.02-1.98 2.88-4.75 4.47-7.04 1.72-2.48 3.86-4.66 5.6-7.14 2.44-3.48 5.13-8.19 2.79-12.4-1.79-3.22-4.59-5.8-7.66-7.78-2.87-1.84-5.46-3.96-8.98-4.38-6.47-.77-13.13 3.25-17.82 7.34-4.83 4.2-5.07 10.94-2.96 16.59 1.08 2.89 2.73 5.59 4.84 7.85 2.38 2.56 5.38 5.25 8.11 7.4 2.28 1.8 5.12 2.39 7.94 1.64l-.02.01Z\"\/><path fill=\"#FB7D6C\" d=\"M213.46 141.763c5.72-1.32 11.32-5.17 5.46-8.84-5.85-3.68-17.94-5.27-21.84-10.28-3.9-5.01-6.56-9.14-11.68-13.49s-12.44-20.25-17.74-23.07c-5.3-2.83-11.64 4.56-5.35 11.68 6.29 7.12 18.7 17.45 24.82 25.86 6.12 8.41 17.75 20.13 26.34 18.14h-.01Z\"\/><path fill=\"#79B5B8\" d=\"M215.891 123.933c5.33.23 15.83-5.91 11.8-8.09-4.03-2.18 1.31-3.01-2.35-5.53-3.66-2.52-8.63.45-14.5-3-6.11-3.59-11.65-8.05-16.93-12.77-6.85-6.13-14.71-12.57-24.22-13.54-.76-.08-1.57-.11-2.26.23-2.77 1.38.75 4.51 1.89 5.6 3.97 3.8 8.86 6.79 13.7 9.35 9.22 4.89 17.25 12.91 22.38 19.5 5.14 6.6 6.96 8.09 10.49 8.25Z\"\/><path fill=\"#FB7D6C\" d=\"M228.11 101.023c.08-.02.16-.04.25-.05 1.91-.44 4.27-1.27 2.85-3.49-1.54-2.43 5.76.37 2.64-3.78-3.12-4.15-7.36-4.33-18.51-8.36-11.15-4.03-26.87-11.32-32.6-15.12-5.73-3.79-14.18.56-10.38 5.44 3.8 4.89 16.99 5.23 26.74 11.67 8.52 5.64 17.7 16.09 29.02 13.69h-.01Z\"\/><path fill=\"#79B5B8\" d=\"M235.931 81.173c5.09-.37 9.71-3.47 5.99-4.81-3.72-1.34-3.57-1.93-3.94-4.3-.37-2.38-5.46-7.2-13.91-5.57s-18.99 0-25.61-5.02c-6.62-5.01-19.85-10.07-24.01-4s8.78 9.59 19.6 10.3c10.82.71 21.91 8.87 30.15 11.94 8.24 3.07 11.73 1.46 11.73 1.46Z\"\/><path fill=\"#FB7D6C\" d=\"M242.94 61.423c4.55-2.58 5.6-4 7.85-4.26 2.25-.26.23-5.18-5.7-7.21-5.93-2.03-15.71.37-21.27-1.76-5.57-2.13-18.47-9.3-27.92-9.01-9.45.29-16.66 5.99-9.68 10.9s15.2.31 28.58 4.56c13.38 4.25 22.93 9.74 28.13 6.78h.01Z\"\/><path fill=\"#F8B648\" d=\"M236.51 41.303c1.59.1 3.17-.15 4.6-.92 2.9-1.56 4.91-3.94 8.37-4.39 6.05-.8 9.32-2.66 6.03-5.75s-5.07-8.01-6.84-13.39c-1.77-5.39-11.14-14.88-25.23-8.3s-15.82 5.68-22.07 10.95-5.64 15.56 1.44 15.63c7.07.07 8.24-7.78 18.81-1.18 3.65 2.28 7.33 5.15 11.4 6.61 1.12.4 2.31.68 3.49.75v-.01Z\"\/><\/svg><\/div>\n\n\n<div class=\"wp-block-columns alignfull is-style-default has-colombia-blue-background-color has-background is-layout-flex wp-container-core-columns-is-layout-28f84493 wp-block-columns-is-layout-flex\">\n<div class=\"wp-block-column is-vertically-aligned-center is-layout-flow wp-block-column-is-layout-flow\">\n<h2 class=\"wp-block-heading\" id=\"noen-a-snakke-med-2\">Noen \u00e5 snakke med?<\/h2>\n\n\n\n<p>En likeperson har erfaring med hverdagslivet med Downs syndrom. Hvis du trenger noen \u00e5 snakke med kan du ringe inn til v\u00e5r likepersontelefon: 462 87 348.<\/p>\n\n\n\n<div class=\"wp-block-buttons is-layout-flex wp-block-buttons-is-layout-flex\">\n<div class=\"wp-block-button is-style-outline is-style-outline--1 has-icon has-icon-arrowOutward\"><a class=\"wp-block-button__link wp-element-button\" href=\"https:\/\/www.downssyndrom.no\/kontakt-oss\/likepersontelefon\/\" target=\"_blank\" rel=\"noreferrer noopener\">\u00c5pningstider og mer informasjon <svg xmlns=\"http:\/\/www.w3.org\/2000\/svg\" viewBox=\"0 0 24 24\" height=\"24\" width=\"24\" class=\"t2-icon t2-icon-arrowoutward\" aria-hidden=\"true\" focusable=\"false\"><path d=\"m16 8.398438-8.875 8.902343c-.199219.199219-.4375.300781-.710938.300781-.277343 0-.515624-.101562-.714843-.300781-.199219-.199219-.300781-.4375-.300781-.714843 0-.273438.101562-.511719.300781-.710938L14.601562 7H7c-.285156 0-.519531-.097656-.710938-.289062C6.097656 6.519531 6 6.285156 6 6c0-.285156.097656-.519531.289062-.710938C6.480469 5.097656 6.714844 5 7 5h10c.285156 0 .519531.097656.710938.289062C17.902344 5.480469 18 5.714844 18 6v10c0 .285156-.097656.519531-.289062.710938C17.519531 16.902344 17.285156 17 17 17c-.285156 0-.519531-.097656-.710938-.289062C16.097656 16.519531 16 16.285156 16 16Zm0 0\" fill=\"currentColor\" \/><\/svg><\/a><\/div>\n<\/div>\n<\/div>\n\n\n\n<div class=\"wp-block-column is-layout-flow wp-block-column-is-layout-flow\">\n<figure class=\"wp-block-image size-large\"><img loading=\"lazy\" decoding=\"async\" width=\"835\" height=\"1024\" src=\"https:\/\/www.downssyndrom.no\/content\/uploads\/sites\/4\/2024\/01\/IMG_5019-835x1024.jpeg\" alt=\"\" class=\"wp-image-989\" style=\"aspect-ratio:4\/3;object-fit:cover\" srcset=\"https:\/\/www.downssyndrom.no\/content\/uploads\/sites\/4\/2024\/01\/IMG_5019-835x1024.jpeg 835w, https:\/\/www.downssyndrom.no\/content\/uploads\/sites\/4\/2024\/01\/IMG_5019-245x300.jpeg 245w, https:\/\/www.downssyndrom.no\/content\/uploads\/sites\/4\/2024\/01\/IMG_5019-768x942.jpeg 768w, https:\/\/www.downssyndrom.no\/content\/uploads\/sites\/4\/2024\/01\/IMG_5019-1253x1536.jpeg 1253w, https:\/\/www.downssyndrom.no\/content\/uploads\/sites\/4\/2024\/01\/IMG_5019.jpeg 1601w\" sizes=\"auto, (max-width: 835px) 100vw, 835px\" \/><\/figure>\n<\/div>\n<\/div>\n","protected":false},"excerpt":{"rendered":"","protected":false},"author":54,"featured_media":972,"parent":0,"menu_order":0,"comment_status":"closed","ping_status":"closed","template":"","meta":{"alternative_post_author":"","footnotes":""},"class_list":["post-895","page","type-page","status-publish","has-post-thumbnail","hentry"],"yoast_head":"<!-- This site is optimized with the Yoast SEO Premium plugin v26.4-RC2 (Yoast SEO v26.4-RC2) - https:\/\/yoast.com\/wordpress\/plugins\/seo\/ -->\n<title>Kontakt oss - Downs Syndrom Oslo<\/title>\n<meta name=\"robots\" content=\"index, follow, max-snippet:-1, max-image-preview:large, max-video-preview:-1\" \/>\n<link rel=\"canonical\" href=\"https:\/\/www.downssyndrom.no\/oslo\/kontaktoss\/\" \/>\n<meta property=\"og:locale\" content=\"nb_NO\" \/>\n<meta property=\"og:type\" content=\"article\" \/>\n<meta property=\"og:title\" content=\"Kontakt oss\" \/>\n<meta property=\"og:url\" content=\"https:\/\/www.downssyndrom.no\/oslo\/kontaktoss\/\" \/>\n<meta property=\"og:site_name\" content=\"Downs Syndrom Oslo\" \/>\n<meta property=\"article:modified_time\" content=\"2024-04-08T12:23:54+00:00\" \/>\n<meta property=\"og:image\" content=\"https:\/\/www.downssyndrom.no\/content\/uploads\/sites\/4\/2024\/01\/VU_Kompetanse_Bildebank_Mars_2022_021-scaled.jpg\" \/>\n\t<meta property=\"og:image:width\" content=\"2048\" \/>\n\t<meta property=\"og:image:height\" content=\"2560\" \/>\n\t<meta property=\"og:image:type\" content=\"image\/jpeg\" \/>\n<meta name=\"twitter:card\" content=\"summary_large_image\" \/>\n<meta name=\"twitter:label1\" content=\"Ansl. lesetid\" \/>\n\t<meta name=\"twitter:data1\" content=\"1 minutt\" \/>\n<script type=\"application\/ld+json\" class=\"yoast-schema-graph\">{\"@context\":\"https:\/\/schema.org\",\"@graph\":[{\"@type\":\"WebPage\",\"@id\":\"https:\/\/www.downssyndrom.no\/oslo\/kontaktoss\/\",\"url\":\"https:\/\/www.downssyndrom.no\/oslo\/kontaktoss\/\",\"name\":\"Kontakt oss - Downs Syndrom Oslo\",\"isPartOf\":{\"@id\":\"https:\/\/www.downssyndrom.no\/oslo\/#website\"},\"primaryImageOfPage\":{\"@id\":\"https:\/\/www.downssyndrom.no\/oslo\/kontaktoss\/#primaryimage\"},\"image\":{\"@id\":\"https:\/\/www.downssyndrom.no\/oslo\/kontaktoss\/#primaryimage\"},\"thumbnailUrl\":\"https:\/\/www.downssyndrom.no\/content\/uploads\/sites\/4\/2024\/01\/VU_Kompetanse_Bildebank_Mars_2022_021-scaled.jpg\",\"datePublished\":\"2017-06-06T18:10:11+00:00\",\"dateModified\":\"2024-04-08T12:23:54+00:00\",\"breadcrumb\":{\"@id\":\"https:\/\/www.downssyndrom.no\/oslo\/kontaktoss\/#breadcrumb\"},\"inLanguage\":\"nb-NO\",\"potentialAction\":[{\"@type\":\"ReadAction\",\"target\":[\"https:\/\/www.downssyndrom.no\/oslo\/kontaktoss\/\"]}]},{\"@type\":\"ImageObject\",\"inLanguage\":\"nb-NO\",\"@id\":\"https:\/\/www.downssyndrom.no\/oslo\/kontaktoss\/#primaryimage\",\"url\":\"https:\/\/www.downssyndrom.no\/content\/uploads\/sites\/4\/2024\/01\/VU_Kompetanse_Bildebank_Mars_2022_021-scaled.jpg\",\"contentUrl\":\"https:\/\/www.downssyndrom.no\/content\/uploads\/sites\/4\/2024\/01\/VU_Kompetanse_Bildebank_Mars_2022_021-scaled.jpg\",\"width\":2048,\"height\":2560},{\"@type\":\"BreadcrumbList\",\"@id\":\"https:\/\/www.downssyndrom.no\/oslo\/kontaktoss\/#breadcrumb\",\"itemListElement\":[{\"@type\":\"ListItem\",\"position\":1,\"name\":\"Hjem\",\"item\":\"https:\/\/www.downssyndrom.no\/oslo\/\"},{\"@type\":\"ListItem\",\"position\":2,\"name\":\"Kontakt oss\"}]},{\"@type\":\"WebSite\",\"@id\":\"https:\/\/www.downssyndrom.no\/oslo\/#website\",\"url\":\"https:\/\/www.downssyndrom.no\/oslo\/\",\"name\":\"Downs Syndrom Oslo\",\"description\":\"\",\"publisher\":{\"@id\":\"https:\/\/www.downssyndrom.no\/oslo\/#organization\"},\"potentialAction\":[{\"@type\":\"SearchAction\",\"target\":{\"@type\":\"EntryPoint\",\"urlTemplate\":\"https:\/\/www.downssyndrom.no\/oslo\/?s={search_term_string}\"},\"query-input\":{\"@type\":\"PropertyValueSpecification\",\"valueRequired\":true,\"valueName\":\"search_term_string\"}}],\"inLanguage\":\"nb-NO\"},{\"@type\":\"Organization\",\"@id\":\"https:\/\/www.downssyndrom.no\/oslo\/#organization\",\"name\":\"Downs Syndrom Oslo\",\"url\":\"https:\/\/www.downssyndrom.no\/oslo\/\",\"logo\":{\"@type\":\"ImageObject\",\"inLanguage\":\"nb-NO\",\"@id\":\"https:\/\/www.downssyndrom.no\/oslo\/#\/schema\/logo\/image\/\",\"url\":\"https:\/\/www.downssyndrom.no\/content\/uploads\/sites\/4\/2024\/03\/cropped-logo-downs-syndrom-oslo.png\",\"contentUrl\":\"https:\/\/www.downssyndrom.no\/content\/uploads\/sites\/4\/2024\/03\/cropped-logo-downs-syndrom-oslo.png\",\"width\":1478,\"height\":386,\"caption\":\"Downs Syndrom Oslo\"},\"image\":{\"@id\":\"https:\/\/www.downssyndrom.no\/oslo\/#\/schema\/logo\/image\/\"}}]}<\/script>\n<!-- \/ Yoast SEO Premium plugin. -->","yoast_head_json":{"title":"Kontakt oss - Downs Syndrom Oslo","robots":{"index":"index","follow":"follow","max-snippet":"max-snippet:-1","max-image-preview":"max-image-preview:large","max-video-preview":"max-video-preview:-1"},"canonical":"https:\/\/www.downssyndrom.no\/oslo\/kontaktoss\/","og_locale":"nb_NO","og_type":"article","og_title":"Kontakt oss","og_url":"https:\/\/www.downssyndrom.no\/oslo\/kontaktoss\/","og_site_name":"Downs Syndrom Oslo","article_modified_time":"2024-04-08T12:23:54+00:00","og_image":[{"width":2048,"height":2560,"url":"https:\/\/www.downssyndrom.no\/content\/uploads\/sites\/4\/2024\/01\/VU_Kompetanse_Bildebank_Mars_2022_021-scaled.jpg","type":"image\/jpeg"}],"twitter_card":"summary_large_image","twitter_misc":{"Ansl. lesetid":"1 minutt"},"schema":{"@context":"https:\/\/schema.org","@graph":[{"@type":"WebPage","@id":"https:\/\/www.downssyndrom.no\/oslo\/kontaktoss\/","url":"https:\/\/www.downssyndrom.no\/oslo\/kontaktoss\/","name":"Kontakt oss - Downs Syndrom Oslo","isPartOf":{"@id":"https:\/\/www.downssyndrom.no\/oslo\/#website"},"primaryImageOfPage":{"@id":"https:\/\/www.downssyndrom.no\/oslo\/kontaktoss\/#primaryimage"},"image":{"@id":"https:\/\/www.downssyndrom.no\/oslo\/kontaktoss\/#primaryimage"},"thumbnailUrl":"https:\/\/www.downssyndrom.no\/content\/uploads\/sites\/4\/2024\/01\/VU_Kompetanse_Bildebank_Mars_2022_021-scaled.jpg","datePublished":"2017-06-06T18:10:11+00:00","dateModified":"2024-04-08T12:23:54+00:00","breadcrumb":{"@id":"https:\/\/www.downssyndrom.no\/oslo\/kontaktoss\/#breadcrumb"},"inLanguage":"nb-NO","potentialAction":[{"@type":"ReadAction","target":["https:\/\/www.downssyndrom.no\/oslo\/kontaktoss\/"]}]},{"@type":"ImageObject","inLanguage":"nb-NO","@id":"https:\/\/www.downssyndrom.no\/oslo\/kontaktoss\/#primaryimage","url":"https:\/\/www.downssyndrom.no\/content\/uploads\/sites\/4\/2024\/01\/VU_Kompetanse_Bildebank_Mars_2022_021-scaled.jpg","contentUrl":"https:\/\/www.downssyndrom.no\/content\/uploads\/sites\/4\/2024\/01\/VU_Kompetanse_Bildebank_Mars_2022_021-scaled.jpg","width":2048,"height":2560},{"@type":"BreadcrumbList","@id":"https:\/\/www.downssyndrom.no\/oslo\/kontaktoss\/#breadcrumb","itemListElement":[{"@type":"ListItem","position":1,"name":"Hjem","item":"https:\/\/www.downssyndrom.no\/oslo\/"},{"@type":"ListItem","position":2,"name":"Kontakt oss"}]},{"@type":"WebSite","@id":"https:\/\/www.downssyndrom.no\/oslo\/#website","url":"https:\/\/www.downssyndrom.no\/oslo\/","name":"Downs Syndrom Oslo","description":"","publisher":{"@id":"https:\/\/www.downssyndrom.no\/oslo\/#organization"},"potentialAction":[{"@type":"SearchAction","target":{"@type":"EntryPoint","urlTemplate":"https:\/\/www.downssyndrom.no\/oslo\/?s={search_term_string}"},"query-input":{"@type":"PropertyValueSpecification","valueRequired":true,"valueName":"search_term_string"}}],"inLanguage":"nb-NO"},{"@type":"Organization","@id":"https:\/\/www.downssyndrom.no\/oslo\/#organization","name":"Downs Syndrom Oslo","url":"https:\/\/www.downssyndrom.no\/oslo\/","logo":{"@type":"ImageObject","inLanguage":"nb-NO","@id":"https:\/\/www.downssyndrom.no\/oslo\/#\/schema\/logo\/image\/","url":"https:\/\/www.downssyndrom.no\/content\/uploads\/sites\/4\/2024\/03\/cropped-logo-downs-syndrom-oslo.png","contentUrl":"https:\/\/www.downssyndrom.no\/content\/uploads\/sites\/4\/2024\/03\/cropped-logo-downs-syndrom-oslo.png","width":1478,"height":386,"caption":"Downs Syndrom Oslo"},"image":{"@id":"https:\/\/www.downssyndrom.no\/oslo\/#\/schema\/logo\/image\/"}}]}},"_links":{"self":[{"href":"https:\/\/www.downssyndrom.no\/oslo\/wp-json\/wp\/v2\/pages\/895","targetHints":{"allow":["GET"]}}],"collection":[{"href":"https:\/\/www.downssyndrom.no\/oslo\/wp-json\/wp\/v2\/pages"}],"about":[{"href":"https:\/\/www.downssyndrom.no\/oslo\/wp-json\/wp\/v2\/types\/page"}],"author":[{"embeddable":true,"href":"https:\/\/www.downssyndrom.no\/oslo\/wp-json\/wp\/v2\/users\/54"}],"replies":[{"embeddable":true,"href":"https:\/\/www.downssyndrom.no\/oslo\/wp-json\/wp\/v2\/comments?post=895"}],"version-history":[{"count":5,"href":"https:\/\/www.downssyndrom.no\/oslo\/wp-json\/wp\/v2\/pages\/895\/revisions"}],"predecessor-version":[{"id":1578,"href":"https:\/\/www.downssyndrom.no\/oslo\/wp-json\/wp\/v2\/pages\/895\/revisions\/1578"}],"wp:featuredmedia":[{"embeddable":true,"href":"https:\/\/www.downssyndrom.no\/oslo\/wp-json\/wp\/v2\/media\/972"}],"wp:attachment":[{"href":"https:\/\/www.downssyndrom.no\/oslo\/wp-json\/wp\/v2\/media?parent=895"}],"curies":[{"name":"wp","href":"https:\/\/api.w.org\/{rel}","templated":true}]}}