{"id":591,"date":"2021-10-24T11:19:48","date_gmt":"2021-10-24T09:19:48","guid":{"rendered":"http:\/\/www.upsanddownsoslo.no\/?page_id=591"},"modified":"2024-04-08T21:37:10","modified_gmt":"2024-04-08T19:37:10","slug":"medlem","status":"publish","type":"page","link":"https:\/\/www.downssyndrom.no\/oslo\/medlem\/","title":{"rendered":"Bli medlem"},"content":{"rendered":"\n\t<div class=\"dsn-hero has-global-padding is-layout-constrained alignfull wp-block-dsn-hero has-background has-gunmetal-background-color\">\n\t\t<div class=\"dsn-hero__content alignwide\">\n\t\t\t<div class=\"dsn-hero__blocks\">\n\t\t\t\t\n<h1 class=\"wp-block-post-title\">Bli medlem<\/h1>\n\n<p class=\"t2-ingress wp-block-t2-ingress\">Som medlem av Downs Syndrom Oslo st\u00f8tter du v\u00e5rt arbeid og f\u00e5r invitasjon til v\u00e5re arrangementer. Antallet medlemmer har ogs\u00e5 betydning for hvor mye foreningen f\u00e5r i offentlig st\u00f8tte.  <\/p>\n\t\t\t<\/div>\n\t\t\t<img fetchpriority=\"high\" decoding=\"async\" width=\"835\" height=\"1024\" src=\"https:\/\/www.downssyndrom.no\/content\/uploads\/sites\/4\/2024\/01\/IMG_5019-835x1024.jpeg\" class=\"dsn-hero__image\" alt=\"\" style=\"object-position: 50% 50%\" loading=\"eager\" \/>\t\t<\/div>\n\t<\/div>\n\t\n\n\n<p>Meld deg inn via nettsidene til Downs Syndrom Norge. Der velger du lokallag Downs Syndrom Oslo.<\/p>\n\n\n\n<ul class=\"wp-block-list\">\n<li>Medlem kr. 200,- i \u00e5ret<\/li>\n\n\n\n<li>Ekstra familiemedlem kr. 100,- i \u00e5ret<\/li>\n<\/ul>\n\n\n\n<div class=\"wp-block-buttons is-layout-flex wp-block-buttons-is-layout-flex\">\n<div class=\"wp-block-button has-icon has-icon-arrowOutward\"><a class=\"wp-block-button__link wp-element-button\" href=\"https:\/\/www.downssyndrom.no\/bli-medlem\/\" target=\"_blank\" rel=\"noreferrer noopener\">Meld deg inn her<svg xmlns=\"http:\/\/www.w3.org\/2000\/svg\" viewBox=\"0 0 24 24\" height=\"24\" width=\"24\" class=\"t2-icon t2-icon-arrowoutward\" aria-hidden=\"true\" focusable=\"false\"><path d=\"m16 8.398438-8.875 8.902343c-.199219.199219-.4375.300781-.710938.300781-.277343 0-.515624-.101562-.714843-.300781-.199219-.199219-.300781-.4375-.300781-.714843 0-.273438.101562-.511719.300781-.710938L14.601562 7H7c-.285156 0-.519531-.097656-.710938-.289062C6.097656 6.519531 6 6.285156 6 6c0-.285156.097656-.519531.289062-.710938C6.480469 5.097656 6.714844 5 7 5h10c.285156 0 .519531.097656.710938.289062C17.902344 5.480469 18 5.714844 18 6v10c0 .285156-.097656.519531-.289062.710938C17.519531 16.902344 17.285156 17 17 17c-.285156 0-.519531-.097656-.710938-.289062C16.097656 16.519531 16 16.285156 16 16Zm0 0\" fill=\"currentColor\" \/><\/svg><\/a><\/div>\n<\/div>\n\n\n\n<p>Har du sp\u00f8rsm\u00e5l om medlemskapet eller innmeldingen h\u00f8rer vi gjerne fra deg.<\/p>\n\n\n<ul class=\"t2-link-list has-1-items has-auto-columns wp-block-t2-link-list\">\n\t<li class=\"t2-link-list-item wp-block-t2-link-list-item\">\n\t\t<a\n\t\t\thref=\"https:\/\/www.downssyndrom.no\/oslo\/kontaktoss\/\"\n\t\t\tclass=\"t2-link-list-item__link t2-link-list__icon--right\"\n\t\t\t\t\t>\n\t\t\t<span class=\"t2-link-list-item__icon\"><span class=\"t2-link-list-item__icon-box\"><\/span><svg xmlns=\"http:\/\/www.w3.org\/2000\/svg\" viewBox=\"0 0 24 24\" height=\"24\" width=\"24\" class=\"t2-icon t2-icon-arrowforward\" aria-hidden=\"true\" focusable=\"false\"><path d=\"M11.3 19.3c-.2-.2-.3-.4-.3-.7 0-.3.1-.5.3-.7l4.9-4.9H5c-.3 0-.5-.1-.7-.3-.2-.2-.3-.4-.3-.7s.1-.5.3-.7c.2-.2.4-.3.7-.3h11.2l-4.9-4.9c-.2-.2-.3-.4-.3-.7 0-.3.1-.5.3-.7.2-.2.4-.3.7-.3s.5.1.7.3l6.6 6.6c.1.1.2.2.2.3 0 .1.1.3.1.4 0 .1 0 .3-.1.4 0 .1-.1.2-.2.3l-6.6 6.6c-.2.2-.4.3-.7.3s-.5-.1-.7-.3z\" fill=\"currentColor\" \/><\/svg><\/span>\t\t\t<div class=\"t2-link-list-item__content\">\n\n\t\t\t\t\n\t\t\t\t<span id=\"link-list-item-text\" class=\"t2-link-list-item__text\">\n\t\t\t\t\tTa kontakt\t\t\t\t<\/span>\n\t\t\t\t\t\t\t<\/div>\n\t\t<\/a>\n\t<\/li>\n\t\n<\/ul>","protected":false},"excerpt":{"rendered":"","protected":false},"author":54,"featured_media":989,"parent":0,"menu_order":0,"comment_status":"closed","ping_status":"closed","template":"","meta":{"alternative_post_author":"","footnotes":""},"class_list":["post-591","page","type-page","status-publish","has-post-thumbnail","hentry"],"yoast_head":"<!-- This site is optimized with the Yoast SEO Premium plugin v26.4-RC2 (Yoast SEO v26.4-RC2) - https:\/\/yoast.com\/wordpress\/plugins\/seo\/ -->\n<title>Bli medlem - Downs Syndrom Oslo<\/title>\n<meta name=\"robots\" content=\"index, follow, max-snippet:-1, max-image-preview:large, max-video-preview:-1\" \/>\n<link rel=\"canonical\" href=\"https:\/\/www.downssyndrom.no\/oslo\/medlem\/\" \/>\n<meta property=\"og:locale\" content=\"nb_NO\" \/>\n<meta property=\"og:type\" content=\"article\" \/>\n<meta property=\"og:title\" content=\"Bli medlem\" \/>\n<meta property=\"og:url\" content=\"https:\/\/www.downssyndrom.no\/oslo\/medlem\/\" \/>\n<meta property=\"og:site_name\" content=\"Downs Syndrom Oslo\" \/>\n<meta property=\"article:modified_time\" content=\"2024-04-08T19:37:10+00:00\" \/>\n<meta property=\"og:image\" content=\"https:\/\/www.downssyndrom.no\/content\/uploads\/sites\/4\/2024\/01\/IMG_5019.jpeg\" \/>\n\t<meta property=\"og:image:width\" content=\"1601\" \/>\n\t<meta property=\"og:image:height\" content=\"1963\" \/>\n\t<meta property=\"og:image:type\" content=\"image\/jpeg\" \/>\n<meta name=\"twitter:card\" content=\"summary_large_image\" \/>\n<meta name=\"twitter:label1\" content=\"Ansl. lesetid\" \/>\n\t<meta name=\"twitter:data1\" content=\"1 minutt\" \/>\n<script type=\"application\/ld+json\" class=\"yoast-schema-graph\">{\"@context\":\"https:\/\/schema.org\",\"@graph\":[{\"@type\":\"WebPage\",\"@id\":\"https:\/\/www.downssyndrom.no\/oslo\/medlem\/\",\"url\":\"https:\/\/www.downssyndrom.no\/oslo\/medlem\/\",\"name\":\"Bli medlem - Downs Syndrom Oslo\",\"isPartOf\":{\"@id\":\"https:\/\/www.downssyndrom.no\/oslo\/#website\"},\"primaryImageOfPage\":{\"@id\":\"https:\/\/www.downssyndrom.no\/oslo\/medlem\/#primaryimage\"},\"image\":{\"@id\":\"https:\/\/www.downssyndrom.no\/oslo\/medlem\/#primaryimage\"},\"thumbnailUrl\":\"https:\/\/www.downssyndrom.no\/content\/uploads\/sites\/4\/2024\/01\/IMG_5019.jpeg\",\"datePublished\":\"2021-10-24T09:19:48+00:00\",\"dateModified\":\"2024-04-08T19:37:10+00:00\",\"breadcrumb\":{\"@id\":\"https:\/\/www.downssyndrom.no\/oslo\/medlem\/#breadcrumb\"},\"inLanguage\":\"nb-NO\",\"potentialAction\":[{\"@type\":\"ReadAction\",\"target\":[\"https:\/\/www.downssyndrom.no\/oslo\/medlem\/\"]}]},{\"@type\":\"ImageObject\",\"inLanguage\":\"nb-NO\",\"@id\":\"https:\/\/www.downssyndrom.no\/oslo\/medlem\/#primaryimage\",\"url\":\"https:\/\/www.downssyndrom.no\/content\/uploads\/sites\/4\/2024\/01\/IMG_5019.jpeg\",\"contentUrl\":\"https:\/\/www.downssyndrom.no\/content\/uploads\/sites\/4\/2024\/01\/IMG_5019.jpeg\",\"width\":1601,\"height\":1963},{\"@type\":\"BreadcrumbList\",\"@id\":\"https:\/\/www.downssyndrom.no\/oslo\/medlem\/#breadcrumb\",\"itemListElement\":[{\"@type\":\"ListItem\",\"position\":1,\"name\":\"Hjem\",\"item\":\"https:\/\/www.downssyndrom.no\/oslo\/\"},{\"@type\":\"ListItem\",\"position\":2,\"name\":\"Bli medlem\"}]},{\"@type\":\"WebSite\",\"@id\":\"https:\/\/www.downssyndrom.no\/oslo\/#website\",\"url\":\"https:\/\/www.downssyndrom.no\/oslo\/\",\"name\":\"Downs Syndrom Oslo\",\"description\":\"\",\"publisher\":{\"@id\":\"https:\/\/www.downssyndrom.no\/oslo\/#organization\"},\"potentialAction\":[{\"@type\":\"SearchAction\",\"target\":{\"@type\":\"EntryPoint\",\"urlTemplate\":\"https:\/\/www.downssyndrom.no\/oslo\/?s={search_term_string}\"},\"query-input\":{\"@type\":\"PropertyValueSpecification\",\"valueRequired\":true,\"valueName\":\"search_term_string\"}}],\"inLanguage\":\"nb-NO\"},{\"@type\":\"Organization\",\"@id\":\"https:\/\/www.downssyndrom.no\/oslo\/#organization\",\"name\":\"Downs Syndrom Oslo\",\"url\":\"https:\/\/www.downssyndrom.no\/oslo\/\",\"logo\":{\"@type\":\"ImageObject\",\"inLanguage\":\"nb-NO\",\"@id\":\"https:\/\/www.downssyndrom.no\/oslo\/#\/schema\/logo\/image\/\",\"url\":\"https:\/\/www.downssyndrom.no\/content\/uploads\/sites\/4\/2024\/03\/cropped-logo-downs-syndrom-oslo.png\",\"contentUrl\":\"https:\/\/www.downssyndrom.no\/content\/uploads\/sites\/4\/2024\/03\/cropped-logo-downs-syndrom-oslo.png\",\"width\":1478,\"height\":386,\"caption\":\"Downs Syndrom Oslo\"},\"image\":{\"@id\":\"https:\/\/www.downssyndrom.no\/oslo\/#\/schema\/logo\/image\/\"}}]}<\/script>\n<!-- \/ Yoast SEO Premium plugin. -->","yoast_head_json":{"title":"Bli medlem - Downs Syndrom Oslo","robots":{"index":"index","follow":"follow","max-snippet":"max-snippet:-1","max-image-preview":"max-image-preview:large","max-video-preview":"max-video-preview:-1"},"canonical":"https:\/\/www.downssyndrom.no\/oslo\/medlem\/","og_locale":"nb_NO","og_type":"article","og_title":"Bli medlem","og_url":"https:\/\/www.downssyndrom.no\/oslo\/medlem\/","og_site_name":"Downs Syndrom Oslo","article_modified_time":"2024-04-08T19:37:10+00:00","og_image":[{"width":1601,"height":1963,"url":"https:\/\/www.downssyndrom.no\/content\/uploads\/sites\/4\/2024\/01\/IMG_5019.jpeg","type":"image\/jpeg"}],"twitter_card":"summary_large_image","twitter_misc":{"Ansl. lesetid":"1 minutt"},"schema":{"@context":"https:\/\/schema.org","@graph":[{"@type":"WebPage","@id":"https:\/\/www.downssyndrom.no\/oslo\/medlem\/","url":"https:\/\/www.downssyndrom.no\/oslo\/medlem\/","name":"Bli medlem - Downs Syndrom Oslo","isPartOf":{"@id":"https:\/\/www.downssyndrom.no\/oslo\/#website"},"primaryImageOfPage":{"@id":"https:\/\/www.downssyndrom.no\/oslo\/medlem\/#primaryimage"},"image":{"@id":"https:\/\/www.downssyndrom.no\/oslo\/medlem\/#primaryimage"},"thumbnailUrl":"https:\/\/www.downssyndrom.no\/content\/uploads\/sites\/4\/2024\/01\/IMG_5019.jpeg","datePublished":"2021-10-24T09:19:48+00:00","dateModified":"2024-04-08T19:37:10+00:00","breadcrumb":{"@id":"https:\/\/www.downssyndrom.no\/oslo\/medlem\/#breadcrumb"},"inLanguage":"nb-NO","potentialAction":[{"@type":"ReadAction","target":["https:\/\/www.downssyndrom.no\/oslo\/medlem\/"]}]},{"@type":"ImageObject","inLanguage":"nb-NO","@id":"https:\/\/www.downssyndrom.no\/oslo\/medlem\/#primaryimage","url":"https:\/\/www.downssyndrom.no\/content\/uploads\/sites\/4\/2024\/01\/IMG_5019.jpeg","contentUrl":"https:\/\/www.downssyndrom.no\/content\/uploads\/sites\/4\/2024\/01\/IMG_5019.jpeg","width":1601,"height":1963},{"@type":"BreadcrumbList","@id":"https:\/\/www.downssyndrom.no\/oslo\/medlem\/#breadcrumb","itemListElement":[{"@type":"ListItem","position":1,"name":"Hjem","item":"https:\/\/www.downssyndrom.no\/oslo\/"},{"@type":"ListItem","position":2,"name":"Bli medlem"}]},{"@type":"WebSite","@id":"https:\/\/www.downssyndrom.no\/oslo\/#website","url":"https:\/\/www.downssyndrom.no\/oslo\/","name":"Downs Syndrom Oslo","description":"","publisher":{"@id":"https:\/\/www.downssyndrom.no\/oslo\/#organization"},"potentialAction":[{"@type":"SearchAction","target":{"@type":"EntryPoint","urlTemplate":"https:\/\/www.downssyndrom.no\/oslo\/?s={search_term_string}"},"query-input":{"@type":"PropertyValueSpecification","valueRequired":true,"valueName":"search_term_string"}}],"inLanguage":"nb-NO"},{"@type":"Organization","@id":"https:\/\/www.downssyndrom.no\/oslo\/#organization","name":"Downs Syndrom Oslo","url":"https:\/\/www.downssyndrom.no\/oslo\/","logo":{"@type":"ImageObject","inLanguage":"nb-NO","@id":"https:\/\/www.downssyndrom.no\/oslo\/#\/schema\/logo\/image\/","url":"https:\/\/www.downssyndrom.no\/content\/uploads\/sites\/4\/2024\/03\/cropped-logo-downs-syndrom-oslo.png","contentUrl":"https:\/\/www.downssyndrom.no\/content\/uploads\/sites\/4\/2024\/03\/cropped-logo-downs-syndrom-oslo.png","width":1478,"height":386,"caption":"Downs Syndrom Oslo"},"image":{"@id":"https:\/\/www.downssyndrom.no\/oslo\/#\/schema\/logo\/image\/"}}]}},"_links":{"self":[{"href":"https:\/\/www.downssyndrom.no\/oslo\/wp-json\/wp\/v2\/pages\/591","targetHints":{"allow":["GET"]}}],"collection":[{"href":"https:\/\/www.downssyndrom.no\/oslo\/wp-json\/wp\/v2\/pages"}],"about":[{"href":"https:\/\/www.downssyndrom.no\/oslo\/wp-json\/wp\/v2\/types\/page"}],"author":[{"embeddable":true,"href":"https:\/\/www.downssyndrom.no\/oslo\/wp-json\/wp\/v2\/users\/54"}],"replies":[{"embeddable":true,"href":"https:\/\/www.downssyndrom.no\/oslo\/wp-json\/wp\/v2\/comments?post=591"}],"version-history":[{"count":4,"href":"https:\/\/www.downssyndrom.no\/oslo\/wp-json\/wp\/v2\/pages\/591\/revisions"}],"predecessor-version":[{"id":1602,"href":"https:\/\/www.downssyndrom.no\/oslo\/wp-json\/wp\/v2\/pages\/591\/revisions\/1602"}],"wp:featuredmedia":[{"embeddable":true,"href":"https:\/\/www.downssyndrom.no\/oslo\/wp-json\/wp\/v2\/media\/989"}],"wp:attachment":[{"href":"https:\/\/www.downssyndrom.no\/oslo\/wp-json\/wp\/v2\/media?parent=591"}],"curies":[{"name":"wp","href":"https:\/\/api.w.org\/{rel}","templated":true}]}}