{"id":14,"date":"2014-10-19T21:04:33","date_gmt":"2014-10-19T19:04:33","guid":{"rendered":"http:\/\/www.upsanddownsoslo.no\/wp\/?page_id=14"},"modified":"2024-04-08T21:38:12","modified_gmt":"2024-04-08T19:38:12","slug":"linker","status":"publish","type":"page","link":"https:\/\/www.downssyndrom.no\/oslo\/linker\/","title":{"rendered":"Fritidsaktiviteter"},"content":{"rendered":"\n\t<div class=\"dsn-hero has-global-padding is-layout-constrained alignfull is-style-default wp-block-dsn-hero has-background has-antique-white-background-color\">\n\t\t<div class=\"dsn-hero__content alignwide\">\n\t\t\t<div class=\"dsn-hero__blocks\">\n\t\t\t\t\n<h1 class=\"wp-block-post-title\">Fritidsaktiviteter<\/h1>\n\n\n<p>Nedenfor finner du en oversikt over trenings- og fritidsaktiviteter i Oslo. Du finner ogs\u00e5 flere andre nyttige lenker nederst.<\/p>\n\n\n\n<p><em>Tips oss gjerne om det er tilbud som ikke er i denne lista. <\/em><\/p>\n\n\n\n<p class=\"has-text-align-right\">Foto: Norges Bryteforbund <\/p>\n\n\n\n<div class=\"wp-block-buttons is-layout-flex wp-block-buttons-is-layout-flex\">\n<div class=\"wp-block-button has-icon has-icon-email\"><a class=\"wp-block-button__link wp-element-button\" href=\"mailto:oslo@downssyndrom.no\" target=\"_blank\" rel=\"noreferrer noopener\">Kontakt oss<svg xmlns=\"http:\/\/www.w3.org\/2000\/svg\" viewBox=\"0 0 24 24\" height=\"24\" width=\"24\" class=\"t2-icon t2-icon-email\" aria-hidden=\"true\" focusable=\"false\"><path d=\"M12 22c-1.4 0-2.7-.3-3.9-.8-1.2-.5-2.3-1.2-3.2-2.1s-1.6-2-2.1-3.2S2 13.4 2 12s.3-2.7.8-3.9S4 5.8 4.9 4.9s2-1.6 3.2-2.2S10.6 2 12 2s2.7.3 3.9.8S18.2 4 19.1 5s1.6 2 2.1 3.2c.5 1.1.8 2.4.8 3.8v1.4c0 1-.3 1.8-1 2.5s-1.5 1-2.5 1c-.6 0-1.2-.1-1.7-.4-.5-.3-.9-.6-1.3-1.1-.4.4-1 .8-1.6 1.1-.6.3-1.3.4-2 .4-1.4 0-2.6-.5-3.5-1.5S7 13.4 7 12s.5-2.6 1.5-3.5S10.6 7 12 7s2.6.5 3.5 1.5S17 10.6 17 12v1.4c0 .5.1.9.5 1.1.3.3.6.4 1 .4s.8-.1 1.1-.4c.3-.3.4-.7.4-1.1V12c0-2.2-.8-4.1-2.4-5.6C16.1 4.8 14.2 4 12 4s-4.1.8-5.6 2.4S4 9.8 4 12s.8 4.1 2.4 5.6C7.9 19.2 9.8 20 12 20h4c.3 0 .5.1.7.3.2.2.3.4.3.7s-.1.5-.3.7c-.2.2-.4.3-.7.3h-4zm0-7c.8 0 1.5-.3 2.1-.9s.9-1.3.9-2.1-.3-1.5-.9-2.1c-.6-.6-1.3-.9-2.1-.9s-1.5.3-2.1.9c-.6.6-.9 1.3-.9 2.1s.3 1.5.9 2.1c.6.6 1.3.9 2.1.9z\" fill=\"currentColor\" \/><\/svg><\/a><\/div>\n<\/div>\n\n\t\t\t<\/div>\n\t\t\t<img fetchpriority=\"high\" decoding=\"async\" width=\"1024\" height=\"768\" src=\"https:\/\/www.downssyndrom.no\/content\/uploads\/sites\/4\/2024\/04\/image00006-1024x768.jpeg\" class=\"dsn-hero__image\" alt=\"\" style=\"object-position: 79% 20%\" loading=\"eager\" \/>\t\t<\/div>\n\t<\/div>\n\t\n\n\n<div class=\"wp-block-group alignfull has-colombia-blue-background-color has-background has-global-padding is-layout-constrained wp-block-group-is-layout-constrained\">\n<h2 class=\"wp-block-heading\" id=\"trening\">Trening<\/h2>\n\n\n\n<p>Det finnes en rekke tilpassede treningstilbud i Oslo. <\/p>\n\n\n\n<ul class=\"wp-block-list\">\n<li><a href=\"https:\/\/www.heming.no\/Parasport.html\" target=\"_blank\" rel=\"noreferrer noopener\">Heming parasport<\/a><br>Heming har et variert tilpasset tilbud til barn og ungdom. Blant annet allidrett, dans, langrenn og alpint.  <\/li>\n\n\n\n<li><a href=\"https:\/\/www.linderudil.no\/p\/35383\/om-linderudlinje-5-handball\" target=\"_blank\" rel=\"noreferrer noopener\">H\u00e5ndball p\u00e5 Linderud &#8211; Superlinja<\/a><br>Tilrettelagt h\u00e5ndballtrening i Linderudhallen tirsdager kl. 17.30. Ta kontakt med Eirin Berg, <a href=\"mailto:sportssjef@linderudil.no\">sportssjef@linderudil.no<\/a>. <\/li>\n\n\n\n<li><a rel=\"noreferrer noopener\" href=\"https:\/\/www.roail.no\/portal\/arego\/club\/1244\/contentcategory\/948556183\" data-type=\"URL\" data-id=\"https:\/\/www.roail.no\/portal\/arego\/club\/1244\/contentcategory\/948556183\" target=\"_blank\">R\u00f8a IL &#8211; R\u00f8a Unified &#8211; fotball<\/a><br>Fotballgruppe for voksne\/ungdom med funksjonsnedsettelser. Oppstart barne\/ungdomsgruppe n\u00e5. Trening p\u00e5 R\u00f8a, torsdager kl. 18-19 (inne vinter, ute sommer).<\/li>\n\n\n\n<li><a href=\"https:\/\/bryting.no\/brytegrener\/para\/\">Bryting, Bj\u00f8lsenhallen, Sportsklubben av 1909<\/a><br>Parabryting, l\u00f8rdager kl. 12-13<br>Ta kontakt med Emilie K. Kristiansen <a href=\"https:\/\/bryting.no\/brytegrener\/para\/\" target=\"_blank\" rel=\"noreferrer noopener\">Emilie.Kristiansen@nif.idrett.no<\/a><\/li>\n\n\n\n<li><a href=\"https:\/\/www.nordstrand-if.no\/parasport\" target=\"_blank\" rel=\"noreferrer noopener\">Nordstrand Idrettsforening<\/a><br>Tilbyr en rekke aktiviteter: Basis, h\u00e5ndball, fotball, bowling, klatring, innebandy og kampsport. I tillegg har de et samarbeid med Gr\u00f8nmo Golfklubb om et tilrettelagt golftilbud. De arrangerer ogs\u00e5 aktivitetsleir p\u00e5 sommeren. <\/li>\n\n\n\n<li><a href=\"https:\/\/turn.njaard.no\/p\/46372\/paraturn\" target=\"_blank\" rel=\"noreferrer noopener\">Turn p\u00e5 Nj\u00e5rd<\/a><br>Turngruppe for barn med utviklingshemming. Trening i Nj\u00e5rdhallen p\u00e5 torsdager og l\u00f8rdager. <\/li>\n\n\n\n<li><a href=\"https:\/\/www.kjelsaas.no\/next\/p\/49083\/ipu\" target=\"_blank\" rel=\"noreferrer noopener\">Gymsal barn, Kjels\u00e5s IPU<\/a> <strong> <\/strong><br>Gymsaltrening l\u00f8rdager kl. 11-12.30, Grefsen stadion<br>Kjels\u00e5s IPU har ogs\u00e5 sv\u00f8mming for barn og voksne, og bocha for voksne<\/li>\n\n\n\n<li><a title=\"Allidrett Rustad Idrettslag\" href=\"http:\/\/www.rustad-idrettslag.no\/\" target=\"_blank\" rel=\"noopener\">Allidrett Rustad<\/a><\/li>\n\n\n\n<li><a title=\"Lambertseter sv\u00f8mmeklubb\" rel=\"noopener\" href=\"http:\/\/lsvk.no\/\" target=\"_blank\">Lambertseter sv\u00f8mmeklubb<\/a><\/li>\n\n\n\n<li><a title=\"Sv\u00f8mmekurs\" href=\"http:\/\/www.kursguiden.no\/skole\/Oslo-Idrettslag-sv%C3%B8mming\/\" target=\"_blank\" rel=\"noopener\">Sv\u00f8mmekurs Oslo Idrettslag sv\u00f8mming<\/a><\/li>\n\n\n\n<li><a title=\"Bj\u00f8rg Gretes Danseskole\" rel=\"noopener\" href=\"http:\/\/danseforum.no\/%20\" target=\"_blank\">Bj\u00f8rg Gretes Danseskole<\/a><\/li>\n\n\n\n<li><a title=\"Enkel Jympa - saltrening med Friskis og Svettis\" href=\"http:\/\/www.nfunorge.org\/no\/Om-NFU\/Organisasjonsstruktur\/Fylkes-og-lokallag\/Oslo\/Oslo-fylkeslag\/Oslo-Fylkeslag\/Fritidstilbud\/Enkeljympa-treningstilbud\/\" target=\"_blank\" rel=\"noopener\">Enkel Jympa &#8211; salgymnastikk med Friskis og Svettis<\/a><\/li>\n\n\n\n<li><a title=\"Alna Ridesenter\" rel=\"noopener\" href=\"http:\/\/www.alnaridesenter.no\/\" target=\"_blank\">Alna Ridesenter<\/a><\/li>\n\n\n\n<li><a href=\"https:\/\/www.nfunorge.org\/Fylkes-og-lokallag\/Oslo\/Oslo-fylkeslag\/Oslo-Fylkeslag\/Fritidstilbud\/\" target=\"_blank\" rel=\"noreferrer noopener\">NFU Oslo &#8211; fritidstilbud<\/a><br>Lokalaget til Norsk forbund for utviklingshemmede har en oversikt over fritidstilbud for barn og unge med utviklingshemming.<\/li>\n<\/ul>\n<\/div>\n\n\n\n<h2 class=\"wp-block-heading\" id=\"fritid\">Fritid<\/h2>\n\n\n\n<p>Her finner du en oversikt over fritidsaktiviteter i Oslo. <\/p>\n\n\n\n<ul class=\"wp-block-list\">\n<li><a href=\"https:\/\/www.frysja33.no\/civitan\" target=\"_blank\" rel=\"noreferrer noopener\">Disco p\u00e5 Frysja 33<\/a><br>Hver torsdag arrangerer Civitan diskotek for psykisk utviklingshemmede ungdom fra kl. 18.30 &#8211;&nbsp;20.30. Det selges mat og drikke, samtidig som dansegulvet blir flittig brukt. Som regel er det mellom 70-90 deltakere hver torsdag. Adresse: Kjels\u00e5sveien 151.<\/li>\n\n\n\n<li><a href=\"http:\/\/www.torshovkorpset.no\/\" target=\"_blank\" rel=\"noreferrer noopener\">Torshovkorpset<\/a><br>Torshovkorpset er et korps for barn og ungdom med psykisk utviklingshemming og l\u00e6revansker. Korpset ble stiftet i 1972 og har i dag rundt 80 aktive musikanter, i alderen fra 11 til 55 \u00e5r.<\/li>\n\n\n\n<li><a href=\"https:\/\/www.oslo.kommune.no\/natur-kultur-og-fritid\/kunst-og-kultur\/oslo-kulturskole\/undervisningstilbud\/musikk\/musikkterapi\/\" target=\"_blank\" rel=\"noreferrer noopener\">Oslo musikk- og kulturskole, tilrettelagt<\/a><br>Oslo kulturskole tilbyr musikkterapi og tilrettelagt musikkundervisning fra 7 \u00e5r og oppover.<\/li>\n\n\n\n<li><a href=\"http:\/\/www.dissimilis.no\/\" target=\"_blank\" rel=\"noreferrer noopener\">Dissimilis<\/a><br>Dissimilis arbeider for \u00e5 skape livskvalitet for mennesker med utviklingshemming og funksjonsnedsettelser gjennom \u00e5 tilby kulturaktiviteter som gir positive opplevelser, mestring og anerkjennelse.<\/li>\n\n\n\n<li>Diskoteket, Eventhallen Bryn<br>Arrangerer disko for ungdom fra 14 \u00e5r og oppover et par ganger hvert halv\u00e5r. Kontaktinformasjon: <a href=\"mailto:t.essie@online.no\" target=\"_blank\" rel=\"noreferrer noopener\">t.essie@online.no<\/a><\/li>\n<\/ul>\n\n\n\n<div class=\"wp-block-group alignfull has-colombia-blue-block-background-color has-background has-global-padding is-layout-constrained wp-block-group-is-layout-constrained\">\n<h2 class=\"wp-block-heading\" id=\"h-andre-lenker\">Andre lenker<\/h2>\n\n\n\n<p>Her finner du lenker til nyttige instanser og tilbud i Oslo.<\/p>\n\n\n\n<ul class=\"wp-block-list\">\n<li><a href=\"https:\/\/www.oslo.kommune.no\/skole-og-utdanning\/spesialundervisning\/#gref\" target=\"_blank\" rel=\"noreferrer noopener\">Informasjon om spesialundervisning og spesialklasser\/skoler<\/a><\/li>\n\n\n\n<li><a href=\"https:\/\/www.oslo.kommune.no\/helse-og-omsorg\/nedsatt-funksjonsevne\/#gref\" target=\"_blank\" rel=\"noreferrer noopener\">Samlesider for tjenester for personer med funksjonsnedsettelser i Oslo kommune<\/a><\/li>\n\n\n\n<li><a href=\"https:\/\/unicare.no\/tjenester\/boliger-avlastning-og-bistand\/dagsenter\/\" target=\"_blank\" rel=\"noreferrer noopener\">Unicare dagtilbud<\/a><\/li>\n\n\n\n<li><a href=\"https:\/\/www.oslo-universitetssykehus.no\/avdelinger\/barne-og-ungdomsklinikken\/barneavdeling-for-nevrofag\/seksjon-for-nevrohabilitering-barn-ulleval\/\" target=\"_blank\" rel=\"noreferrer noopener\">Ullev\u00e5l barnehabilitering<\/a><\/li>\n<\/ul>\n<\/div>\n\n\n\n<h2 class=\"wp-block-heading\" id=\"h-tips-oss\">Tips oss!<\/h2>\n\n\n\n<p>Har du andre tips til aktiviteter eller lenker til disse sidene, send oss gjerne en e-post.   <\/p>\n\n\n\n<div class=\"wp-block-buttons is-layout-flex wp-block-buttons-is-layout-flex\">\n<div class=\"wp-block-button has-icon has-icon-email\"><a class=\"wp-block-button__link wp-element-button\" href=\"mailto:oslo@downssyndrom.no\" target=\"_blank\" rel=\"noreferrer noopener\">Kontakt oss<svg xmlns=\"http:\/\/www.w3.org\/2000\/svg\" viewBox=\"0 0 24 24\" height=\"24\" width=\"24\" class=\"t2-icon t2-icon-email\" aria-hidden=\"true\" focusable=\"false\"><path d=\"M12 22c-1.4 0-2.7-.3-3.9-.8-1.2-.5-2.3-1.2-3.2-2.1s-1.6-2-2.1-3.2S2 13.4 2 12s.3-2.7.8-3.9S4 5.8 4.9 4.9s2-1.6 3.2-2.2S10.6 2 12 2s2.7.3 3.9.8S18.2 4 19.1 5s1.6 2 2.1 3.2c.5 1.1.8 2.4.8 3.8v1.4c0 1-.3 1.8-1 2.5s-1.5 1-2.5 1c-.6 0-1.2-.1-1.7-.4-.5-.3-.9-.6-1.3-1.1-.4.4-1 .8-1.6 1.1-.6.3-1.3.4-2 .4-1.4 0-2.6-.5-3.5-1.5S7 13.4 7 12s.5-2.6 1.5-3.5S10.6 7 12 7s2.6.5 3.5 1.5S17 10.6 17 12v1.4c0 .5.1.9.5 1.1.3.3.6.4 1 .4s.8-.1 1.1-.4c.3-.3.4-.7.4-1.1V12c0-2.2-.8-4.1-2.4-5.6C16.1 4.8 14.2 4 12 4s-4.1.8-5.6 2.4S4 9.8 4 12s.8 4.1 2.4 5.6C7.9 19.2 9.8 20 12 20h4c.3 0 .5.1.7.3.2.2.3.4.3.7s-.1.5-.3.7c-.2.2-.4.3-.7.3h-4zm0-7c.8 0 1.5-.3 2.1-.9s.9-1.3.9-2.1-.3-1.5-.9-2.1c-.6-.6-1.3-.9-2.1-.9s-1.5.3-2.1.9c-.6.6-.9 1.3-.9 2.1s.3 1.5.9 2.1c.6.6 1.3.9 2.1.9z\" fill=\"currentColor\" \/><\/svg><\/a><\/div>\n<\/div>\n","protected":false},"excerpt":{"rendered":"","protected":false},"author":5,"featured_media":1008,"parent":0,"menu_order":0,"comment_status":"open","ping_status":"open","template":"","meta":{"alternative_post_author":"","footnotes":""},"class_list":["post-14","page","type-page","status-publish","has-post-thumbnail","hentry"],"yoast_head":"<!-- This site is optimized with the Yoast SEO Premium plugin v26.4-RC2 (Yoast SEO v26.4-RC2) - https:\/\/yoast.com\/wordpress\/plugins\/seo\/ -->\n<title>Fritidsaktiviteter - Downs Syndrom Oslo<\/title>\n<meta name=\"robots\" content=\"index, follow, max-snippet:-1, max-image-preview:large, max-video-preview:-1\" \/>\n<link rel=\"canonical\" href=\"https:\/\/www.downssyndrom.no\/oslo\/linker\/\" \/>\n<meta property=\"og:locale\" content=\"nb_NO\" \/>\n<meta property=\"og:type\" content=\"article\" \/>\n<meta property=\"og:title\" content=\"Fritidsaktiviteter\" \/>\n<meta property=\"og:url\" content=\"https:\/\/www.downssyndrom.no\/oslo\/linker\/\" \/>\n<meta property=\"og:site_name\" content=\"Downs Syndrom Oslo\" \/>\n<meta property=\"article:modified_time\" content=\"2024-04-08T19:38:12+00:00\" \/>\n<meta property=\"og:image\" content=\"https:\/\/www.downssyndrom.no\/content\/uploads\/sites\/4\/2024\/01\/IMG_4923.jpeg\" \/>\n\t<meta property=\"og:image:width\" content=\"1700\" \/>\n\t<meta property=\"og:image:height\" content=\"1849\" \/>\n\t<meta property=\"og:image:type\" content=\"image\/jpeg\" \/>\n<meta name=\"twitter:card\" content=\"summary_large_image\" \/>\n<meta name=\"twitter:label1\" content=\"Ansl. lesetid\" \/>\n\t<meta name=\"twitter:data1\" content=\"3 minutter\" \/>\n<script type=\"application\/ld+json\" class=\"yoast-schema-graph\">{\"@context\":\"https:\/\/schema.org\",\"@graph\":[{\"@type\":\"WebPage\",\"@id\":\"https:\/\/www.downssyndrom.no\/oslo\/linker\/\",\"url\":\"https:\/\/www.downssyndrom.no\/oslo\/linker\/\",\"name\":\"Fritidsaktiviteter - Downs Syndrom Oslo\",\"isPartOf\":{\"@id\":\"https:\/\/www.downssyndrom.no\/oslo\/#website\"},\"primaryImageOfPage\":{\"@id\":\"https:\/\/www.downssyndrom.no\/oslo\/linker\/#primaryimage\"},\"image\":{\"@id\":\"https:\/\/www.downssyndrom.no\/oslo\/linker\/#primaryimage\"},\"thumbnailUrl\":\"https:\/\/www.downssyndrom.no\/content\/uploads\/sites\/4\/2024\/01\/IMG_4923.jpeg\",\"datePublished\":\"2014-10-19T19:04:33+00:00\",\"dateModified\":\"2024-04-08T19:38:12+00:00\",\"breadcrumb\":{\"@id\":\"https:\/\/www.downssyndrom.no\/oslo\/linker\/#breadcrumb\"},\"inLanguage\":\"nb-NO\",\"potentialAction\":[{\"@type\":\"ReadAction\",\"target\":[\"https:\/\/www.downssyndrom.no\/oslo\/linker\/\"]}]},{\"@type\":\"ImageObject\",\"inLanguage\":\"nb-NO\",\"@id\":\"https:\/\/www.downssyndrom.no\/oslo\/linker\/#primaryimage\",\"url\":\"https:\/\/www.downssyndrom.no\/content\/uploads\/sites\/4\/2024\/01\/IMG_4923.jpeg\",\"contentUrl\":\"https:\/\/www.downssyndrom.no\/content\/uploads\/sites\/4\/2024\/01\/IMG_4923.jpeg\",\"width\":1700,\"height\":1849,\"caption\":\"Jente som sitter ved PC\"},{\"@type\":\"BreadcrumbList\",\"@id\":\"https:\/\/www.downssyndrom.no\/oslo\/linker\/#breadcrumb\",\"itemListElement\":[{\"@type\":\"ListItem\",\"position\":1,\"name\":\"Hjem\",\"item\":\"https:\/\/www.downssyndrom.no\/oslo\/\"},{\"@type\":\"ListItem\",\"position\":2,\"name\":\"Fritidsaktiviteter\"}]},{\"@type\":\"WebSite\",\"@id\":\"https:\/\/www.downssyndrom.no\/oslo\/#website\",\"url\":\"https:\/\/www.downssyndrom.no\/oslo\/\",\"name\":\"Downs Syndrom Oslo\",\"description\":\"\",\"publisher\":{\"@id\":\"https:\/\/www.downssyndrom.no\/oslo\/#organization\"},\"potentialAction\":[{\"@type\":\"SearchAction\",\"target\":{\"@type\":\"EntryPoint\",\"urlTemplate\":\"https:\/\/www.downssyndrom.no\/oslo\/?s={search_term_string}\"},\"query-input\":{\"@type\":\"PropertyValueSpecification\",\"valueRequired\":true,\"valueName\":\"search_term_string\"}}],\"inLanguage\":\"nb-NO\"},{\"@type\":\"Organization\",\"@id\":\"https:\/\/www.downssyndrom.no\/oslo\/#organization\",\"name\":\"Downs Syndrom Oslo\",\"url\":\"https:\/\/www.downssyndrom.no\/oslo\/\",\"logo\":{\"@type\":\"ImageObject\",\"inLanguage\":\"nb-NO\",\"@id\":\"https:\/\/www.downssyndrom.no\/oslo\/#\/schema\/logo\/image\/\",\"url\":\"https:\/\/www.downssyndrom.no\/content\/uploads\/sites\/4\/2024\/03\/cropped-logo-downs-syndrom-oslo.png\",\"contentUrl\":\"https:\/\/www.downssyndrom.no\/content\/uploads\/sites\/4\/2024\/03\/cropped-logo-downs-syndrom-oslo.png\",\"width\":1478,\"height\":386,\"caption\":\"Downs Syndrom Oslo\"},\"image\":{\"@id\":\"https:\/\/www.downssyndrom.no\/oslo\/#\/schema\/logo\/image\/\"}}]}<\/script>\n<!-- \/ Yoast SEO Premium plugin. -->","yoast_head_json":{"title":"Fritidsaktiviteter - Downs Syndrom Oslo","robots":{"index":"index","follow":"follow","max-snippet":"max-snippet:-1","max-image-preview":"max-image-preview:large","max-video-preview":"max-video-preview:-1"},"canonical":"https:\/\/www.downssyndrom.no\/oslo\/linker\/","og_locale":"nb_NO","og_type":"article","og_title":"Fritidsaktiviteter","og_url":"https:\/\/www.downssyndrom.no\/oslo\/linker\/","og_site_name":"Downs Syndrom Oslo","article_modified_time":"2024-04-08T19:38:12+00:00","og_image":[{"width":1700,"height":1849,"url":"https:\/\/www.downssyndrom.no\/content\/uploads\/sites\/4\/2024\/01\/IMG_4923.jpeg","type":"image\/jpeg"}],"twitter_card":"summary_large_image","twitter_misc":{"Ansl. lesetid":"3 minutter"},"schema":{"@context":"https:\/\/schema.org","@graph":[{"@type":"WebPage","@id":"https:\/\/www.downssyndrom.no\/oslo\/linker\/","url":"https:\/\/www.downssyndrom.no\/oslo\/linker\/","name":"Fritidsaktiviteter - Downs Syndrom Oslo","isPartOf":{"@id":"https:\/\/www.downssyndrom.no\/oslo\/#website"},"primaryImageOfPage":{"@id":"https:\/\/www.downssyndrom.no\/oslo\/linker\/#primaryimage"},"image":{"@id":"https:\/\/www.downssyndrom.no\/oslo\/linker\/#primaryimage"},"thumbnailUrl":"https:\/\/www.downssyndrom.no\/content\/uploads\/sites\/4\/2024\/01\/IMG_4923.jpeg","datePublished":"2014-10-19T19:04:33+00:00","dateModified":"2024-04-08T19:38:12+00:00","breadcrumb":{"@id":"https:\/\/www.downssyndrom.no\/oslo\/linker\/#breadcrumb"},"inLanguage":"nb-NO","potentialAction":[{"@type":"ReadAction","target":["https:\/\/www.downssyndrom.no\/oslo\/linker\/"]}]},{"@type":"ImageObject","inLanguage":"nb-NO","@id":"https:\/\/www.downssyndrom.no\/oslo\/linker\/#primaryimage","url":"https:\/\/www.downssyndrom.no\/content\/uploads\/sites\/4\/2024\/01\/IMG_4923.jpeg","contentUrl":"https:\/\/www.downssyndrom.no\/content\/uploads\/sites\/4\/2024\/01\/IMG_4923.jpeg","width":1700,"height":1849,"caption":"Jente som sitter ved PC"},{"@type":"BreadcrumbList","@id":"https:\/\/www.downssyndrom.no\/oslo\/linker\/#breadcrumb","itemListElement":[{"@type":"ListItem","position":1,"name":"Hjem","item":"https:\/\/www.downssyndrom.no\/oslo\/"},{"@type":"ListItem","position":2,"name":"Fritidsaktiviteter"}]},{"@type":"WebSite","@id":"https:\/\/www.downssyndrom.no\/oslo\/#website","url":"https:\/\/www.downssyndrom.no\/oslo\/","name":"Downs Syndrom Oslo","description":"","publisher":{"@id":"https:\/\/www.downssyndrom.no\/oslo\/#organization"},"potentialAction":[{"@type":"SearchAction","target":{"@type":"EntryPoint","urlTemplate":"https:\/\/www.downssyndrom.no\/oslo\/?s={search_term_string}"},"query-input":{"@type":"PropertyValueSpecification","valueRequired":true,"valueName":"search_term_string"}}],"inLanguage":"nb-NO"},{"@type":"Organization","@id":"https:\/\/www.downssyndrom.no\/oslo\/#organization","name":"Downs Syndrom Oslo","url":"https:\/\/www.downssyndrom.no\/oslo\/","logo":{"@type":"ImageObject","inLanguage":"nb-NO","@id":"https:\/\/www.downssyndrom.no\/oslo\/#\/schema\/logo\/image\/","url":"https:\/\/www.downssyndrom.no\/content\/uploads\/sites\/4\/2024\/03\/cropped-logo-downs-syndrom-oslo.png","contentUrl":"https:\/\/www.downssyndrom.no\/content\/uploads\/sites\/4\/2024\/03\/cropped-logo-downs-syndrom-oslo.png","width":1478,"height":386,"caption":"Downs Syndrom Oslo"},"image":{"@id":"https:\/\/www.downssyndrom.no\/oslo\/#\/schema\/logo\/image\/"}}]}},"_links":{"self":[{"href":"https:\/\/www.downssyndrom.no\/oslo\/wp-json\/wp\/v2\/pages\/14","targetHints":{"allow":["GET"]}}],"collection":[{"href":"https:\/\/www.downssyndrom.no\/oslo\/wp-json\/wp\/v2\/pages"}],"about":[{"href":"https:\/\/www.downssyndrom.no\/oslo\/wp-json\/wp\/v2\/types\/page"}],"author":[{"embeddable":true,"href":"https:\/\/www.downssyndrom.no\/oslo\/wp-json\/wp\/v2\/users\/5"}],"replies":[{"embeddable":true,"href":"https:\/\/www.downssyndrom.no\/oslo\/wp-json\/wp\/v2\/comments?post=14"}],"version-history":[{"count":5,"href":"https:\/\/www.downssyndrom.no\/oslo\/wp-json\/wp\/v2\/pages\/14\/revisions"}],"predecessor-version":[{"id":1603,"href":"https:\/\/www.downssyndrom.no\/oslo\/wp-json\/wp\/v2\/pages\/14\/revisions\/1603"}],"wp:featuredmedia":[{"embeddable":true,"href":"https:\/\/www.downssyndrom.no\/oslo\/wp-json\/wp\/v2\/media\/1008"}],"wp:attachment":[{"href":"https:\/\/www.downssyndrom.no\/oslo\/wp-json\/wp\/v2\/media?parent=14"}],"curies":[{"name":"wp","href":"https:\/\/api.w.org\/{rel}","templated":true}]}}