{"id":2,"date":"2024-02-21T13:41:38","date_gmt":"2024-02-21T12:41:38","guid":{"rendered":"https:\/\/www.downssyndrom.no\/nordland\/?page_id=2"},"modified":"2026-03-17T08:55:34","modified_gmt":"2026-03-17T07:55:34","slug":"testside","status":"publish","type":"page","link":"https:\/\/www.downssyndrom.no\/nordland\/","title":{"rendered":"Ups &amp; Downs Nordland"},"content":{"rendered":"\n\t<div class=\"dsn-hero has-global-padding is-layout-constrained alignfull is-style-default wp-block-dsn-hero has-background has-secondary-100-background-color\">\n\t\t<div class=\"dsn-hero__content alignwide\">\n\t\t\t<div class=\"dsn-hero__blocks\">\n\t\t\t\t\n\n<h1 class=\"wp-block-heading\" id=\"h-velkommen-til-ups-amp-downs-nordland\">Velkommen til Ups&amp;Downs Nordland<\/h1>\n\n\n<p class=\"t2-ingress wp-block-t2-ingress\">Ups &amp; Downs Nordland er et lokallag for medlemmer av Downs Syndrom Norge i Nordland omr\u00e5det.\u00a0<\/p>\n\n\n<div class=\"wp-block-buttons is-layout-flex wp-block-buttons-is-layout-flex\">\n<div class=\"wp-block-button is-style-fill has-icon has-icon-arrowOutward\"><a class=\"wp-block-button__link wp-element-button\" href=\"https:\/\/www.downssyndrom.no\/bli-medlem\/\">Bli medlem<svg xmlns=\"http:\/\/www.w3.org\/2000\/svg\" viewBox=\"0 0 24 24\" height=\"24\" width=\"24\" class=\"t2-icon t2-icon-arrowoutward\" aria-hidden=\"true\" focusable=\"false\"><path d=\"m16 8.398438-8.875 8.902343c-.199219.199219-.4375.300781-.710938.300781-.277343 0-.515624-.101562-.714843-.300781-.199219-.199219-.300781-.4375-.300781-.714843 0-.273438.101562-.511719.300781-.710938L14.601562 7H7c-.285156 0-.519531-.097656-.710938-.289062C6.097656 6.519531 6 6.285156 6 6c0-.285156.097656-.519531.289062-.710938C6.480469 5.097656 6.714844 5 7 5h10c.285156 0 .519531.097656.710938.289062C17.902344 5.480469 18 5.714844 18 6v10c0 .285156-.097656.519531-.289062.710938C17.519531 16.902344 17.285156 17 17 17c-.285156 0-.519531-.097656-.710938-.289062C16.097656 16.519531 16 16.285156 16 16Zm0 0\" fill=\"currentColor\" \/><\/svg><\/a><\/div>\n\n\n\n<div class=\"wp-block-button is-style-link-button has-icon has-icon-facebook\"><a class=\"wp-block-button__link wp-element-button\" href=\"https:\/\/www.facebook.com\/groups\/221022914619553\" target=\"_blank\" rel=\"noreferrer noopener\">Bes\u00f8k oss p\u00e5 Facebook<svg xmlns=\"http:\/\/www.w3.org\/2000\/svg\" viewBox=\"0 0 24 24\" height=\"24\" width=\"24\" class=\"t2-icon t2-icon-facebook\" aria-hidden=\"true\" focusable=\"false\"><path d=\"M5 3h14a2 2 0 0 1 2 2v14a2 2 0 0 1-2 2H5a2 2 0 0 1-2-2V5a2 2 0 0 1 2-2m13 2h-2.5A3.5 3.5 0 0 0 12 8.5V11h-2v3h2v7h3v-7h3v-3h-3V9a1 1 0 0 1 1-1h2V5z\" fill=\"currentColor\" \/><\/svg><\/a><\/div>\n<\/div>\n\n\t\t\t<\/div>\n\t\t\t<img fetchpriority=\"high\" decoding=\"async\" width=\"960\" height=\"720\" src=\"https:\/\/www.downssyndrom.no\/content\/uploads\/sites\/9\/2024\/04\/Amalie-og-Nikolai.jpg\" class=\"dsn-hero__image\" alt=\"\" style=\"object-position: 44% 50%\" loading=\"eager\" \/>\t\t<\/div>\n\t<\/div>\n\t\n\n\n<div class=\"wp-block-group alignfull has-primary-100-background-color has-background has-global-padding is-layout-constrained wp-block-group-is-layout-constrained\">\n<h2 class=\"wp-block-heading alignwide\" id=\"se-hva-som-skjer-i-oslo-1\">Se hva som skjer i Nordland:<\/h2>\n\n\n\n<div class=\"wp-block-group alignfull has-global-padding is-layout-constrained wp-block-group-is-layout-constrained\">\n<div class=\"wp-block-media-text alignwide has-media-on-the-right is-stacked-on-mobile\" style=\"grid-template-columns:auto 40%\"><div class=\"wp-block-media-text__content\">\n<h3 class=\"wp-block-heading\" id=\"h-verdensdagen-for-downs-syndrom-lordag-21-mars-2026\">Verdensdagen for Downs syndrom l\u00f8rdag 21. mars 2026<\/h3>\n\n\n\n<p>I Bod\u00f8 vil dagen bli markert med pizza hos Peppes Pizza kl 14.00 og bowling p\u00e5 Royal bowling kl. 15.30. Ta p\u00e5 rockesokker og bli med! P\u00e5melding til <a href=\"mailto:nordland@downssyndrom.no\" target=\"_blank\" rel=\"noreferrer noopener\">nordland@downssyndrom.no<\/a> innen torsdag 19.3.<\/p>\n\n\n\n<p>Dersom noen \u00f8nsker \u00e5 dra i gang samlinger andre plasser i fylket, s\u00e5 dekker foreningen felles mat og en aktivitet for medlemmer. Ta kontakt p\u00e5 telefon 412 00 185 eller epost til <a href=\"mailto:nordland@downssyndrom.no\" target=\"_blank\" rel=\"noreferrer noopener\">nordland@downssyndrom.no<\/a><\/p>\n\n\n\n<div class=\"wp-block-buttons is-layout-flex wp-block-buttons-is-layout-flex\">\n<div class=\"wp-block-button has-icon has-icon-arrowOutward\"><a class=\"wp-block-button__link wp-element-button\" href=\"https:\/\/www.facebook.com\/groups\/221022914619553\" target=\"_blank\" rel=\"noreferrer noopener\">G\u00e5 til Facebook for mer informasjon<svg xmlns=\"http:\/\/www.w3.org\/2000\/svg\" viewBox=\"0 0 24 24\" height=\"24\" width=\"24\" class=\"t2-icon t2-icon-arrowoutward\" aria-hidden=\"true\" focusable=\"false\"><path d=\"m16 8.398438-8.875 8.902343c-.199219.199219-.4375.300781-.710938.300781-.277343 0-.515624-.101562-.714843-.300781-.199219-.199219-.300781-.4375-.300781-.714843 0-.273438.101562-.511719.300781-.710938L14.601562 7H7c-.285156 0-.519531-.097656-.710938-.289062C6.097656 6.519531 6 6.285156 6 6c0-.285156.097656-.519531.289062-.710938C6.480469 5.097656 6.714844 5 7 5h10c.285156 0 .519531.097656.710938.289062C17.902344 5.480469 18 5.714844 18 6v10c0 .285156-.097656.519531-.289062.710938C17.519531 16.902344 17.285156 17 17 17c-.285156 0-.519531-.097656-.710938-.289062C16.097656 16.519531 16 16.285156 16 16Zm0 0\" fill=\"currentColor\" \/><\/svg><\/a><\/div>\n<\/div>\n<\/div><figure class=\"wp-block-media-text__media\"><a href=\"https:\/\/www.facebook.com\/groups\/221022914619553\" target=\"_blank\" rel=\" noreferrer noopener\"><img loading=\"lazy\" decoding=\"async\" width=\"1024\" height=\"536\" src=\"https:\/\/www.downssyndrom.no\/content\/uploads\/sites\/9\/2026\/03\/Rockesokk.-Verdensdagen-for-Down-syndrom.-Fra-Menneskeverd-1-1024x536.webp\" alt=\"rockesokker\" class=\"wp-image-266 size-full\" srcset=\"https:\/\/www.downssyndrom.no\/content\/uploads\/sites\/9\/2026\/03\/Rockesokk.-Verdensdagen-for-Down-syndrom.-Fra-Menneskeverd-1-1024x536.webp 1024w, https:\/\/www.downssyndrom.no\/content\/uploads\/sites\/9\/2026\/03\/Rockesokk.-Verdensdagen-for-Down-syndrom.-Fra-Menneskeverd-1-300x157.webp 300w, https:\/\/www.downssyndrom.no\/content\/uploads\/sites\/9\/2026\/03\/Rockesokk.-Verdensdagen-for-Down-syndrom.-Fra-Menneskeverd-1-768x402.webp 768w, https:\/\/www.downssyndrom.no\/content\/uploads\/sites\/9\/2026\/03\/Rockesokk.-Verdensdagen-for-Down-syndrom.-Fra-Menneskeverd-1.webp 1200w\" sizes=\"auto, (max-width: 1024px) 100vw, 1024px\" \/><\/a><\/figure><\/div>\n<\/div>\n\n\n<\/div>\n\n\n\n<div class=\"wp-block-columns alignwide is-layout-flex wp-container-core-columns-is-layout-28f84493 wp-block-columns-is-layout-flex\">\n<div class=\"wp-block-column is-layout-flow wp-block-column-is-layout-flow\">\n<figure class=\"wp-block-image size-full\"><img loading=\"lazy\" decoding=\"async\" width=\"1000\" height=\"750\" src=\"https:\/\/www.downssyndrom.no\/content\/uploads\/sites\/9\/2024\/04\/Rockesokker-6.png\" alt=\"\" class=\"wp-image-95\" srcset=\"https:\/\/www.downssyndrom.no\/content\/uploads\/sites\/9\/2024\/04\/Rockesokker-6.png 1000w, https:\/\/www.downssyndrom.no\/content\/uploads\/sites\/9\/2024\/04\/Rockesokker-6-300x225.png 300w, https:\/\/www.downssyndrom.no\/content\/uploads\/sites\/9\/2024\/04\/Rockesokker-6-768x576.png 768w\" sizes=\"auto, (max-width: 1000px) 100vw, 1000px\" \/><\/figure>\n<\/div>\n\n\n\n<div class=\"wp-block-column is-vertically-aligned-center is-layout-flow wp-block-column-is-layout-flow\">\n<h2 class=\"wp-block-heading\" id=\"h-stott-oss-ved-a-bli-grasrotgiver\">St\u00f8tt oss ved \u00e5 bli Grasrotgiver!<\/h2>\n\n\n\n<p>Du m\u00e5 v\u00e6re kunde hos Norsk Tipping for \u00e5 bli grasrotgiver. Du kan sende SMS Grasrotandelen \u00aborg.nr\u00bb (org nr= 993303305) til 2020 (tjenesten er gratis).<\/p>\n\n\n\n<div class=\"wp-block-buttons is-layout-flex wp-block-buttons-is-layout-flex\">\n<div class=\"wp-block-button has-icon has-icon-linkExternal\"><a class=\"wp-block-button__link wp-element-button\" href=\"https:\/\/www.norsk-tipping.no\/grasrotandelen\/din-mottaker\/993303305\" target=\"_blank\" rel=\"noreferrer noopener\">Les mer om \u00e5 bli Grasrotgiver<svg xmlns=\"http:\/\/www.w3.org\/2000\/svg\" viewBox=\"0 0 24 24\" height=\"24\" width=\"24\" class=\"t2-icon t2-icon-linkexternal\" aria-hidden=\"true\" focusable=\"false\"><path d=\"M5 21c-.5 0-1-.2-1.4-.6S3 19.6 3 19V5c0-.6.2-1 .6-1.4S4.5 3 5 3h6c.3 0 .5.1.7.3.2.2.3.4.3.7 0 .3-.1.5-.3.7-.2.2-.4.3-.7.3H5v14h14v-6c0-.3.1-.5.3-.7.2-.2.4-.3.7-.3s.5.1.7.3c.2.2.3.4.3.7v6c0 .6-.2 1-.6 1.4s-.8.6-1.4.6H5zm4-6c-.2-.2-.3-.4-.3-.7s.1-.5.3-.7L17.6 5H15c-.3 0-.5-.1-.7-.3-.2-.2-.3-.4-.3-.7 0-.3.1-.5.3-.7.2-.2.4-.3.7-.3h5c.3 0 .5.1.7.3.2.2.3.4.3.7v5c0 .3-.1.5-.3.7-.2.2-.4.3-.7.3s-.5-.1-.7-.3c-.2-.2-.3-.4-.3-.7V6.4L10.4 15c-.2.2-.4.3-.7.3s-.5-.1-.7-.3z\" fill=\"currentColor\" \/><\/svg><\/a><\/div>\n<\/div>\n<\/div>\n<\/div>\n\n\n\n<div class=\"wp-block-columns alignwide is-layout-flex wp-container-core-columns-is-layout-28f84493 wp-block-columns-is-layout-flex\">\n<div class=\"wp-block-column is-vertically-aligned-center is-layout-flow wp-block-column-is-layout-flow\">\n<h2 class=\"wp-block-heading\" id=\"kjaere-nybakte-foreldre\">Kj\u00e6re nybakte foreldre!<\/h2>\n\n\n\n<p>Velkommen til oss! Her kan du bli kjent med andre i samme situasjon, og f\u00e5 gode r\u00e5d fra noen som har barn et par \u00e5r eldre enn ditt.<\/p>\n\n\n\n<div class=\"wp-block-buttons is-layout-flex wp-block-buttons-is-layout-flex\">\n<div class=\"wp-block-button is-style-outline is-style-outline--1 has-icon has-icon-person\"><a class=\"wp-block-button__link wp-element-button\" href=\"http:\/\/downssyndrom.no\/nordland\/kontaktpersoner\/\"><strong>Kontaktpersoner<\/strong><svg xmlns=\"http:\/\/www.w3.org\/2000\/svg\" viewBox=\"0 0 24 24\" height=\"24\" width=\"24\" class=\"t2-icon t2-icon-person\" aria-hidden=\"true\" focusable=\"false\"><path d=\"M12 12c-1.1 0-2-.4-2.8-1.2C8.4 10 8 9.1 8 8s.4-2 1.2-2.8S10.9 4 12 4s2 .4 2.8 1.2S16 6.9 16 8s-.4 2-1.2 2.8c-.8.8-1.7 1.2-2.8 1.2zm-6 8c-.5 0-1-.2-1.4-.6S4 18.6 4 18v-.8c0-.6.1-1.1.4-1.6.3-.5.7-.8 1.2-1.1 1-.5 2.1-.9 3.2-1.2 1-.2 2.1-.3 3.2-.3s2.2.1 3.2.4c1.1.3 2.1.6 3.1 1.2.5.2.9.6 1.2 1.1.3.5.4 1 .4 1.6v.7c0 .6-.2 1-.6 1.4s-.7.6-1.3.6H6z\" fill=\"currentColor\" \/><\/svg><\/a><\/div>\n\n\n\n<div class=\"wp-block-button is-style-outline is-style-outline--2 has-icon has-icon-facebook\"><a class=\"wp-block-button__link wp-element-button\" href=\"https:\/\/www.facebook.com\/groups\/221022914619553\" target=\"_blank\" rel=\"noreferrer noopener\">Kontakt oss<svg xmlns=\"http:\/\/www.w3.org\/2000\/svg\" viewBox=\"0 0 24 24\" height=\"24\" width=\"24\" class=\"t2-icon t2-icon-facebook\" aria-hidden=\"true\" focusable=\"false\"><path d=\"M5 3h14a2 2 0 0 1 2 2v14a2 2 0 0 1-2 2H5a2 2 0 0 1-2-2V5a2 2 0 0 1 2-2m13 2h-2.5A3.5 3.5 0 0 0 12 8.5V11h-2v3h2v7h3v-7h3v-3h-3V9a1 1 0 0 1 1-1h2V5z\" fill=\"currentColor\" \/><\/svg><\/a><\/div>\n<\/div>\n<\/div>\n\n\n\n<div class=\"wp-block-column is-layout-flow wp-block-column-is-layout-flow\">\n<figure class=\"wp-block-image size-large\"><img decoding=\"async\" src=\"https:\/\/www.downssyndrom.no\/content\/uploads\/sites\/4\/2024\/01\/VU_Kompetanse_Bildebank_Mars_2022_027-819x1024.jpg\" alt=\"Babyf\u00f8tter\" class=\"wp-image-1020\" style=\"aspect-ratio:4\/3;object-fit:cover\"\/><\/figure>\n<\/div>\n<\/div>\n\n\n\n<div class=\"wp-block-columns alignwide is-layout-flex wp-container-core-columns-is-layout-28f84493 wp-block-columns-is-layout-flex\">\n<div class=\"wp-block-column is-layout-flow wp-block-column-is-layout-flow\">\n<figure class=\"wp-block-image size-large\"><img decoding=\"async\" src=\"https:\/\/www.downssyndrom.no\/content\/uploads\/sites\/4\/2024\/01\/IMG_5019-835x1024.jpeg\" alt=\"\" class=\"wp-image-989\" style=\"aspect-ratio:4\/3;object-fit:cover\"\/><\/figure>\n<\/div>\n\n\n\n<div class=\"wp-block-column is-vertically-aligned-center is-layout-flow wp-block-column-is-layout-flow\">\n<h2 class=\"wp-block-heading\" id=\"trenger-du-noen-a-snakke-med\">Trenger du noen \u00e5 snakke med?<\/h2>\n\n\n\n<p>Vil du snakke med en likeperson som har erfaring med hverdagslivet med Downs syndrom? Da er du velkommen til \u00e5 ringe inn til v\u00e5r likepersontelefon p\u00e5 tlf: 462 87 348.<\/p>\n\n\n\n<div class=\"wp-block-buttons is-layout-flex wp-block-buttons-is-layout-flex\">\n<div class=\"wp-block-button is-style-outline is-style-outline--3 has-icon has-icon-arrowOutward\"><a class=\"wp-block-button__link wp-element-button\" href=\"https:\/\/www.downssyndrom.no\/kontakt-oss\/likepersontelefon\/\" target=\"_blank\" rel=\"noreferrer noopener\">Ring likepersontelefonen<svg xmlns=\"http:\/\/www.w3.org\/2000\/svg\" viewBox=\"0 0 24 24\" height=\"24\" width=\"24\" class=\"t2-icon t2-icon-arrowoutward\" aria-hidden=\"true\" focusable=\"false\"><path d=\"m16 8.398438-8.875 8.902343c-.199219.199219-.4375.300781-.710938.300781-.277343 0-.515624-.101562-.714843-.300781-.199219-.199219-.300781-.4375-.300781-.714843 0-.273438.101562-.511719.300781-.710938L14.601562 7H7c-.285156 0-.519531-.097656-.710938-.289062C6.097656 6.519531 6 6.285156 6 6c0-.285156.097656-.519531.289062-.710938C6.480469 5.097656 6.714844 5 7 5h10c.285156 0 .519531.097656.710938.289062C17.902344 5.480469 18 5.714844 18 6v10c0 .285156-.097656.519531-.289062.710938C17.519531 16.902344 17.285156 17 17 17c-.285156 0-.519531-.097656-.710938-.289062C16.097656 16.519531 16 16.285156 16 16Zm0 0\" fill=\"currentColor\" \/><\/svg><\/a><\/div>\n<\/div>\n<\/div>\n<\/div>\n\n\n\n<p><\/p>\n","protected":false},"excerpt":{"rendered":"","protected":false},"author":1,"featured_media":0,"parent":0,"menu_order":0,"comment_status":"closed","ping_status":"open","template":"","meta":{"alternative_post_author":"","footnotes":""},"class_list":["post-2","page","type-page","status-publish","hentry"],"yoast_head":"<!-- This site is optimized with the Yoast SEO Premium plugin v26.4-RC2 (Yoast SEO v26.4-RC2) - https:\/\/yoast.com\/wordpress\/plugins\/seo\/ -->\n<title>Ups &amp; Downs Nordland - Ups &amp; Downs Nordland<\/title>\n<meta name=\"robots\" content=\"index, follow, max-snippet:-1, max-image-preview:large, max-video-preview:-1\" \/>\n<link rel=\"canonical\" href=\"https:\/\/www.downssyndrom.no\/nordland\/\" \/>\n<meta property=\"og:locale\" content=\"nb_NO\" \/>\n<meta property=\"og:type\" content=\"article\" \/>\n<meta property=\"og:title\" content=\"Ups &amp; Downs Nordland\" \/>\n<meta property=\"og:url\" content=\"https:\/\/www.downssyndrom.no\/nordland\/\" \/>\n<meta property=\"og:site_name\" content=\"Ups &amp; Downs Nordland\" \/>\n<meta property=\"article:modified_time\" content=\"2026-03-17T07:55:34+00:00\" \/>\n<meta property=\"og:image\" content=\"https:\/\/www.downssyndrom.no\/content\/uploads\/sites\/9\/2026\/03\/Rockesokk.-Verdensdagen-for-Down-syndrom.-Fra-Menneskeverd-1-1024x536.webp\" \/>\n<meta name=\"twitter:card\" content=\"summary_large_image\" \/>\n<meta name=\"twitter:label1\" content=\"Ansl. lesetid\" \/>\n\t<meta name=\"twitter:data1\" content=\"2 minutter\" \/>\n<script type=\"application\/ld+json\" class=\"yoast-schema-graph\">{\"@context\":\"https:\/\/schema.org\",\"@graph\":[{\"@type\":\"WebPage\",\"@id\":\"https:\/\/www.downssyndrom.no\/nordland\/\",\"url\":\"https:\/\/www.downssyndrom.no\/nordland\/\",\"name\":\"Ups &amp; Downs Nordland - Ups &amp; Downs Nordland\",\"isPartOf\":{\"@id\":\"https:\/\/www.downssyndrom.no\/nordland\/#website\"},\"primaryImageOfPage\":{\"@id\":\"https:\/\/www.downssyndrom.no\/nordland\/#primaryimage\"},\"image\":{\"@id\":\"https:\/\/www.downssyndrom.no\/nordland\/#primaryimage\"},\"thumbnailUrl\":\"https:\/\/www.downssyndrom.no\/content\/uploads\/sites\/9\/2026\/03\/Rockesokk.-Verdensdagen-for-Down-syndrom.-Fra-Menneskeverd-1-1024x536.webp\",\"datePublished\":\"2024-02-21T12:41:38+00:00\",\"dateModified\":\"2026-03-17T07:55:34+00:00\",\"breadcrumb\":{\"@id\":\"https:\/\/www.downssyndrom.no\/nordland\/#breadcrumb\"},\"inLanguage\":\"nb-NO\",\"potentialAction\":[{\"@type\":\"ReadAction\",\"target\":[\"https:\/\/www.downssyndrom.no\/nordland\/\"]}]},{\"@type\":\"ImageObject\",\"inLanguage\":\"nb-NO\",\"@id\":\"https:\/\/www.downssyndrom.no\/nordland\/#primaryimage\",\"url\":\"https:\/\/www.downssyndrom.no\/content\/uploads\/sites\/9\/2026\/03\/Rockesokk.-Verdensdagen-for-Down-syndrom.-Fra-Menneskeverd-1-1024x536.webp\",\"contentUrl\":\"https:\/\/www.downssyndrom.no\/content\/uploads\/sites\/9\/2026\/03\/Rockesokk.-Verdensdagen-for-Down-syndrom.-Fra-Menneskeverd-1-1024x536.webp\"},{\"@type\":\"BreadcrumbList\",\"@id\":\"https:\/\/www.downssyndrom.no\/nordland\/#breadcrumb\",\"itemListElement\":[{\"@type\":\"ListItem\",\"position\":1,\"name\":\"Hjem\",\"item\":\"https:\/\/www.downssyndrom.no\/nordland\/\"},{\"@type\":\"ListItem\",\"position\":2,\"name\":\"Ups &amp; Downs Nordland\"}]},{\"@type\":\"WebSite\",\"@id\":\"https:\/\/www.downssyndrom.no\/nordland\/#website\",\"url\":\"https:\/\/www.downssyndrom.no\/nordland\/\",\"name\":\"Ups &amp; Downs Nordland\",\"description\":\"\",\"publisher\":{\"@id\":\"https:\/\/www.downssyndrom.no\/nordland\/#organization\"},\"potentialAction\":[{\"@type\":\"SearchAction\",\"target\":{\"@type\":\"EntryPoint\",\"urlTemplate\":\"https:\/\/www.downssyndrom.no\/nordland\/?s={search_term_string}\"},\"query-input\":{\"@type\":\"PropertyValueSpecification\",\"valueRequired\":true,\"valueName\":\"search_term_string\"}}],\"inLanguage\":\"nb-NO\"},{\"@type\":\"Organization\",\"@id\":\"https:\/\/www.downssyndrom.no\/nordland\/#organization\",\"name\":\"Ups &amp; Downs Nordland\",\"url\":\"https:\/\/www.downssyndrom.no\/nordland\/\",\"logo\":{\"@type\":\"ImageObject\",\"inLanguage\":\"nb-NO\",\"@id\":\"https:\/\/www.downssyndrom.no\/nordland\/#\/schema\/logo\/image\/\",\"url\":\"https:\/\/www.downssyndrom.no\/content\/uploads\/sites\/9\/2024\/03\/cropped-logo-ups-downs-nordland.png\",\"contentUrl\":\"https:\/\/www.downssyndrom.no\/content\/uploads\/sites\/9\/2024\/03\/cropped-logo-ups-downs-nordland.png\",\"width\":1523,\"height\":387,\"caption\":\"Ups &amp; Downs Nordland\"},\"image\":{\"@id\":\"https:\/\/www.downssyndrom.no\/nordland\/#\/schema\/logo\/image\/\"}}]}<\/script>\n<!-- \/ Yoast SEO Premium plugin. -->","yoast_head_json":{"title":"Ups &amp; Downs Nordland - Ups &amp; Downs Nordland","robots":{"index":"index","follow":"follow","max-snippet":"max-snippet:-1","max-image-preview":"max-image-preview:large","max-video-preview":"max-video-preview:-1"},"canonical":"https:\/\/www.downssyndrom.no\/nordland\/","og_locale":"nb_NO","og_type":"article","og_title":"Ups &amp; Downs Nordland","og_url":"https:\/\/www.downssyndrom.no\/nordland\/","og_site_name":"Ups &amp; Downs Nordland","article_modified_time":"2026-03-17T07:55:34+00:00","og_image":[{"url":"https:\/\/www.downssyndrom.no\/content\/uploads\/sites\/9\/2026\/03\/Rockesokk.-Verdensdagen-for-Down-syndrom.-Fra-Menneskeverd-1-1024x536.webp","type":"","width":"","height":""}],"twitter_card":"summary_large_image","twitter_misc":{"Ansl. lesetid":"2 minutter"},"schema":{"@context":"https:\/\/schema.org","@graph":[{"@type":"WebPage","@id":"https:\/\/www.downssyndrom.no\/nordland\/","url":"https:\/\/www.downssyndrom.no\/nordland\/","name":"Ups &amp; Downs Nordland - Ups &amp; Downs Nordland","isPartOf":{"@id":"https:\/\/www.downssyndrom.no\/nordland\/#website"},"primaryImageOfPage":{"@id":"https:\/\/www.downssyndrom.no\/nordland\/#primaryimage"},"image":{"@id":"https:\/\/www.downssyndrom.no\/nordland\/#primaryimage"},"thumbnailUrl":"https:\/\/www.downssyndrom.no\/content\/uploads\/sites\/9\/2026\/03\/Rockesokk.-Verdensdagen-for-Down-syndrom.-Fra-Menneskeverd-1-1024x536.webp","datePublished":"2024-02-21T12:41:38+00:00","dateModified":"2026-03-17T07:55:34+00:00","breadcrumb":{"@id":"https:\/\/www.downssyndrom.no\/nordland\/#breadcrumb"},"inLanguage":"nb-NO","potentialAction":[{"@type":"ReadAction","target":["https:\/\/www.downssyndrom.no\/nordland\/"]}]},{"@type":"ImageObject","inLanguage":"nb-NO","@id":"https:\/\/www.downssyndrom.no\/nordland\/#primaryimage","url":"https:\/\/www.downssyndrom.no\/content\/uploads\/sites\/9\/2026\/03\/Rockesokk.-Verdensdagen-for-Down-syndrom.-Fra-Menneskeverd-1-1024x536.webp","contentUrl":"https:\/\/www.downssyndrom.no\/content\/uploads\/sites\/9\/2026\/03\/Rockesokk.-Verdensdagen-for-Down-syndrom.-Fra-Menneskeverd-1-1024x536.webp"},{"@type":"BreadcrumbList","@id":"https:\/\/www.downssyndrom.no\/nordland\/#breadcrumb","itemListElement":[{"@type":"ListItem","position":1,"name":"Hjem","item":"https:\/\/www.downssyndrom.no\/nordland\/"},{"@type":"ListItem","position":2,"name":"Ups &amp; Downs Nordland"}]},{"@type":"WebSite","@id":"https:\/\/www.downssyndrom.no\/nordland\/#website","url":"https:\/\/www.downssyndrom.no\/nordland\/","name":"Ups &amp; Downs Nordland","description":"","publisher":{"@id":"https:\/\/www.downssyndrom.no\/nordland\/#organization"},"potentialAction":[{"@type":"SearchAction","target":{"@type":"EntryPoint","urlTemplate":"https:\/\/www.downssyndrom.no\/nordland\/?s={search_term_string}"},"query-input":{"@type":"PropertyValueSpecification","valueRequired":true,"valueName":"search_term_string"}}],"inLanguage":"nb-NO"},{"@type":"Organization","@id":"https:\/\/www.downssyndrom.no\/nordland\/#organization","name":"Ups &amp; Downs Nordland","url":"https:\/\/www.downssyndrom.no\/nordland\/","logo":{"@type":"ImageObject","inLanguage":"nb-NO","@id":"https:\/\/www.downssyndrom.no\/nordland\/#\/schema\/logo\/image\/","url":"https:\/\/www.downssyndrom.no\/content\/uploads\/sites\/9\/2024\/03\/cropped-logo-ups-downs-nordland.png","contentUrl":"https:\/\/www.downssyndrom.no\/content\/uploads\/sites\/9\/2024\/03\/cropped-logo-ups-downs-nordland.png","width":1523,"height":387,"caption":"Ups &amp; Downs Nordland"},"image":{"@id":"https:\/\/www.downssyndrom.no\/nordland\/#\/schema\/logo\/image\/"}}]}},"_links":{"self":[{"href":"https:\/\/www.downssyndrom.no\/nordland\/wp-json\/wp\/v2\/pages\/2","targetHints":{"allow":["GET"]}}],"collection":[{"href":"https:\/\/www.downssyndrom.no\/nordland\/wp-json\/wp\/v2\/pages"}],"about":[{"href":"https:\/\/www.downssyndrom.no\/nordland\/wp-json\/wp\/v2\/types\/page"}],"author":[{"embeddable":true,"href":"https:\/\/www.downssyndrom.no\/nordland\/wp-json\/wp\/v2\/users\/1"}],"replies":[{"embeddable":true,"href":"https:\/\/www.downssyndrom.no\/nordland\/wp-json\/wp\/v2\/comments?post=2"}],"version-history":[{"count":5,"href":"https:\/\/www.downssyndrom.no\/nordland\/wp-json\/wp\/v2\/pages\/2\/revisions"}],"predecessor-version":[{"id":288,"href":"https:\/\/www.downssyndrom.no\/nordland\/wp-json\/wp\/v2\/pages\/2\/revisions\/288"}],"wp:attachment":[{"href":"https:\/\/www.downssyndrom.no\/nordland\/wp-json\/wp\/v2\/media?parent=2"}],"curies":[{"name":"wp","href":"https:\/\/api.w.org\/{rel}","templated":true}]}}