{"id":111,"date":"2024-10-26T12:25:03","date_gmt":"2024-10-26T10:25:03","guid":{"rendered":"https:\/\/www.downssyndrom.no\/nordland\/?page_id=111"},"modified":"2026-03-13T12:06:34","modified_gmt":"2026-03-13T11:06:34","slug":"kontaktpersoner","status":"publish","type":"page","link":"https:\/\/www.downssyndrom.no\/nordland\/kontaktpersoner\/","title":{"rendered":"Kontaktpersoner"},"content":{"rendered":"<h1 class=\"wp-block-post-title\">Kontaktpersoner<\/h1>\n\n<p class=\"t2-ingress wp-block-t2-ingress\">Nedenfor finner du navn og telefonnummer til de som er kontaktpersoner i n\u00e6rheten av sykehus i Nordland.<\/p>\n\n\n<ul class=\"wp-block-list\">\n<li>Bod\u00f8: MonaLisa Bakkelund, tlf 936 47 664<\/li>\n\n\n\n<li>Lofoten: Renate Rinde Ving\u00e5s, tlf 997 02 422<\/li>\n\n\n\n<li>Narvik: Torill Nordberg, tlf 415 64 621<\/li>\n\n\n\n<li>Mosj\u00f8en: J\u00f8rdi Jacobsen, tlf 411 22 730<\/li>\n\n\n\n<li>Sandnessj\u00f8en: Marit Brandsnes Pedersen, tlf 980 70 899<\/li>\n\n\n\n<li>Mo: Lisa Ditlefsen, tlf 916 04 065<\/li>\n\n\n\n<li>Stokmarknes: Tine Nordrum, tlf 470 10 092<\/li>\n\n\n\n<li>Br\u00f8nn\u00f8ysund: Henriette M\u00e5s\u00f8y, tlf 450 76 121<\/li>\n<\/ul>\n\n\n\n<p><\/p>\n","protected":false},"excerpt":{"rendered":"","protected":false},"author":32,"featured_media":0,"parent":0,"menu_order":0,"comment_status":"closed","ping_status":"closed","template":"","meta":{"alternative_post_author":"","footnotes":""},"class_list":["post-111","page","type-page","status-publish","hentry"],"yoast_head":"<!-- This site is optimized with the Yoast SEO Premium plugin v26.4-RC2 (Yoast SEO v26.4-RC2) - https:\/\/yoast.com\/wordpress\/plugins\/seo\/ -->\n<title>Kontaktpersoner - Ups &amp; Downs Nordland<\/title>\n<meta name=\"robots\" content=\"index, follow, max-snippet:-1, max-image-preview:large, max-video-preview:-1\" \/>\n<link rel=\"canonical\" href=\"https:\/\/www.downssyndrom.no\/nordland\/kontaktpersoner\/\" \/>\n<meta property=\"og:locale\" content=\"nb_NO\" \/>\n<meta property=\"og:type\" content=\"article\" \/>\n<meta property=\"og:title\" content=\"Kontaktpersoner\" \/>\n<meta property=\"og:url\" content=\"https:\/\/www.downssyndrom.no\/nordland\/kontaktpersoner\/\" \/>\n<meta property=\"og:site_name\" content=\"Ups &amp; Downs Nordland\" \/>\n<meta property=\"article:modified_time\" content=\"2026-03-13T11:06:34+00:00\" \/>\n<meta name=\"twitter:card\" content=\"summary_large_image\" \/>\n<meta name=\"twitter:label1\" content=\"Ansl. lesetid\" \/>\n\t<meta name=\"twitter:data1\" content=\"1 minutt\" \/>\n<script type=\"application\/ld+json\" class=\"yoast-schema-graph\">{\"@context\":\"https:\/\/schema.org\",\"@graph\":[{\"@type\":\"WebPage\",\"@id\":\"https:\/\/www.downssyndrom.no\/nordland\/kontaktpersoner\/\",\"url\":\"https:\/\/www.downssyndrom.no\/nordland\/kontaktpersoner\/\",\"name\":\"Kontaktpersoner - Ups &amp; Downs Nordland\",\"isPartOf\":{\"@id\":\"https:\/\/www.downssyndrom.no\/nordland\/#website\"},\"datePublished\":\"2024-10-26T10:25:03+00:00\",\"dateModified\":\"2026-03-13T11:06:34+00:00\",\"breadcrumb\":{\"@id\":\"https:\/\/www.downssyndrom.no\/nordland\/kontaktpersoner\/#breadcrumb\"},\"inLanguage\":\"nb-NO\",\"potentialAction\":[{\"@type\":\"ReadAction\",\"target\":[\"https:\/\/www.downssyndrom.no\/nordland\/kontaktpersoner\/\"]}]},{\"@type\":\"BreadcrumbList\",\"@id\":\"https:\/\/www.downssyndrom.no\/nordland\/kontaktpersoner\/#breadcrumb\",\"itemListElement\":[{\"@type\":\"ListItem\",\"position\":1,\"name\":\"Hjem\",\"item\":\"https:\/\/www.downssyndrom.no\/nordland\/\"},{\"@type\":\"ListItem\",\"position\":2,\"name\":\"Kontaktpersoner\"}]},{\"@type\":\"WebSite\",\"@id\":\"https:\/\/www.downssyndrom.no\/nordland\/#website\",\"url\":\"https:\/\/www.downssyndrom.no\/nordland\/\",\"name\":\"Ups &amp; Downs Nordland\",\"description\":\"\",\"publisher\":{\"@id\":\"https:\/\/www.downssyndrom.no\/nordland\/#organization\"},\"potentialAction\":[{\"@type\":\"SearchAction\",\"target\":{\"@type\":\"EntryPoint\",\"urlTemplate\":\"https:\/\/www.downssyndrom.no\/nordland\/?s={search_term_string}\"},\"query-input\":{\"@type\":\"PropertyValueSpecification\",\"valueRequired\":true,\"valueName\":\"search_term_string\"}}],\"inLanguage\":\"nb-NO\"},{\"@type\":\"Organization\",\"@id\":\"https:\/\/www.downssyndrom.no\/nordland\/#organization\",\"name\":\"Ups &amp; Downs Nordland\",\"url\":\"https:\/\/www.downssyndrom.no\/nordland\/\",\"logo\":{\"@type\":\"ImageObject\",\"inLanguage\":\"nb-NO\",\"@id\":\"https:\/\/www.downssyndrom.no\/nordland\/#\/schema\/logo\/image\/\",\"url\":\"https:\/\/www.downssyndrom.no\/content\/uploads\/sites\/9\/2024\/03\/cropped-logo-ups-downs-nordland.png\",\"contentUrl\":\"https:\/\/www.downssyndrom.no\/content\/uploads\/sites\/9\/2024\/03\/cropped-logo-ups-downs-nordland.png\",\"width\":1523,\"height\":387,\"caption\":\"Ups &amp; Downs Nordland\"},\"image\":{\"@id\":\"https:\/\/www.downssyndrom.no\/nordland\/#\/schema\/logo\/image\/\"}}]}<\/script>\n<!-- \/ Yoast SEO Premium plugin. -->","yoast_head_json":{"title":"Kontaktpersoner - Ups &amp; Downs Nordland","robots":{"index":"index","follow":"follow","max-snippet":"max-snippet:-1","max-image-preview":"max-image-preview:large","max-video-preview":"max-video-preview:-1"},"canonical":"https:\/\/www.downssyndrom.no\/nordland\/kontaktpersoner\/","og_locale":"nb_NO","og_type":"article","og_title":"Kontaktpersoner","og_url":"https:\/\/www.downssyndrom.no\/nordland\/kontaktpersoner\/","og_site_name":"Ups &amp; Downs Nordland","article_modified_time":"2026-03-13T11:06:34+00:00","twitter_card":"summary_large_image","twitter_misc":{"Ansl. lesetid":"1 minutt"},"schema":{"@context":"https:\/\/schema.org","@graph":[{"@type":"WebPage","@id":"https:\/\/www.downssyndrom.no\/nordland\/kontaktpersoner\/","url":"https:\/\/www.downssyndrom.no\/nordland\/kontaktpersoner\/","name":"Kontaktpersoner - Ups &amp; Downs Nordland","isPartOf":{"@id":"https:\/\/www.downssyndrom.no\/nordland\/#website"},"datePublished":"2024-10-26T10:25:03+00:00","dateModified":"2026-03-13T11:06:34+00:00","breadcrumb":{"@id":"https:\/\/www.downssyndrom.no\/nordland\/kontaktpersoner\/#breadcrumb"},"inLanguage":"nb-NO","potentialAction":[{"@type":"ReadAction","target":["https:\/\/www.downssyndrom.no\/nordland\/kontaktpersoner\/"]}]},{"@type":"BreadcrumbList","@id":"https:\/\/www.downssyndrom.no\/nordland\/kontaktpersoner\/#breadcrumb","itemListElement":[{"@type":"ListItem","position":1,"name":"Hjem","item":"https:\/\/www.downssyndrom.no\/nordland\/"},{"@type":"ListItem","position":2,"name":"Kontaktpersoner"}]},{"@type":"WebSite","@id":"https:\/\/www.downssyndrom.no\/nordland\/#website","url":"https:\/\/www.downssyndrom.no\/nordland\/","name":"Ups &amp; Downs Nordland","description":"","publisher":{"@id":"https:\/\/www.downssyndrom.no\/nordland\/#organization"},"potentialAction":[{"@type":"SearchAction","target":{"@type":"EntryPoint","urlTemplate":"https:\/\/www.downssyndrom.no\/nordland\/?s={search_term_string}"},"query-input":{"@type":"PropertyValueSpecification","valueRequired":true,"valueName":"search_term_string"}}],"inLanguage":"nb-NO"},{"@type":"Organization","@id":"https:\/\/www.downssyndrom.no\/nordland\/#organization","name":"Ups &amp; Downs Nordland","url":"https:\/\/www.downssyndrom.no\/nordland\/","logo":{"@type":"ImageObject","inLanguage":"nb-NO","@id":"https:\/\/www.downssyndrom.no\/nordland\/#\/schema\/logo\/image\/","url":"https:\/\/www.downssyndrom.no\/content\/uploads\/sites\/9\/2024\/03\/cropped-logo-ups-downs-nordland.png","contentUrl":"https:\/\/www.downssyndrom.no\/content\/uploads\/sites\/9\/2024\/03\/cropped-logo-ups-downs-nordland.png","width":1523,"height":387,"caption":"Ups &amp; Downs Nordland"},"image":{"@id":"https:\/\/www.downssyndrom.no\/nordland\/#\/schema\/logo\/image\/"}}]}},"_links":{"self":[{"href":"https:\/\/www.downssyndrom.no\/nordland\/wp-json\/wp\/v2\/pages\/111","targetHints":{"allow":["GET"]}}],"collection":[{"href":"https:\/\/www.downssyndrom.no\/nordland\/wp-json\/wp\/v2\/pages"}],"about":[{"href":"https:\/\/www.downssyndrom.no\/nordland\/wp-json\/wp\/v2\/types\/page"}],"author":[{"embeddable":true,"href":"https:\/\/www.downssyndrom.no\/nordland\/wp-json\/wp\/v2\/users\/32"}],"replies":[{"embeddable":true,"href":"https:\/\/www.downssyndrom.no\/nordland\/wp-json\/wp\/v2\/comments?post=111"}],"version-history":[{"count":4,"href":"https:\/\/www.downssyndrom.no\/nordland\/wp-json\/wp\/v2\/pages\/111\/revisions"}],"predecessor-version":[{"id":256,"href":"https:\/\/www.downssyndrom.no\/nordland\/wp-json\/wp\/v2\/pages\/111\/revisions\/256"}],"wp:attachment":[{"href":"https:\/\/www.downssyndrom.no\/nordland\/wp-json\/wp\/v2\/media?parent=111"}],"curies":[{"name":"wp","href":"https:\/\/api.w.org\/{rel}","templated":true}]}}