{"id":45,"date":"2024-04-04T23:35:26","date_gmt":"2024-04-04T21:35:26","guid":{"rendered":"https:\/\/www.downssyndrom.no\/hedmark\/?page_id=45"},"modified":"2024-06-05T15:43:26","modified_gmt":"2024-06-05T13:43:26","slug":"aktiviteter-gjennom-aret","status":"publish","type":"page","link":"https:\/\/www.downssyndrom.no\/hedmark\/aktiviteter-gjennom-aret\/","title":{"rendered":"Aktiviteter gjennom \u00e5ret i Hedmark fylke"},"content":{"rendered":"\n\t<div class=\"dsn-hero has-global-padding is-layout-constrained alignfull wp-block-dsn-hero has-background has-colombia-blue-background-color\">\n\t\t<div class=\"dsn-hero__content alignwide\">\n\t\t\t<div class=\"dsn-hero__blocks\">\n\t\t\t\t\n<h1 class=\"wp-block-post-title\">Aktiviteter gjennom \u00e5ret i Hedmark fylke<\/h1>\n\n\n<p>Downs Syndrom Hedmark er en aktiv og velfungerende forening. Vi har faste aktiviteter og en rekke enkeltst\u00e5ende aktiviteter spredt ut over \u00e5ret. <\/p>\n\n\t\t\t<\/div>\n\t\t\t<img fetchpriority=\"high\" decoding=\"async\" width=\"1024\" height=\"768\" src=\"https:\/\/www.downssyndrom.no\/content\/uploads\/sites\/11\/2024\/04\/image00019-1024x768.jpeg\" class=\"dsn-hero__image\" alt=\"\" style=\"object-position: 50% 50%\" loading=\"eager\" \/>\t\t<\/div>\n\t<\/div>\n\t\n\n\n<h2 class=\"wp-block-heading\" id=\"h-faste-aktiviteter-over-hele-aret\">Faste aktiviteter over hele \u00e5ret<\/h2>\n\n\n\n<h3 class=\"wp-block-heading\" id=\"h-idrettsgruppe\">Idrettsgruppe<\/h3>\n\n\n\n<p>Vi har en idrettsgruppe som trener hver onsdag.<br>Her er det allidrett og fotball, og idrettsgleden er stor!<\/p>\n\n\n\n<h3 class=\"wp-block-heading\" id=\"h-musikk-med-hege\">Musikk med Hege<\/h3>\n\n\n\n<p>For de mindre barn har vi hver torsdag musikk med Hege. Her blir det fokusert p\u00e5 sanger, sanser, tegn og musikkglede. Dette foreg\u00e5r p\u00e5 Missionshuset Yndlingen p\u00e5 Hamar.<\/p>\n\n\n\n<figure class=\"wp-block-image size-large\"><img loading=\"lazy\" decoding=\"async\" width=\"779\" height=\"1024\" src=\"https:\/\/www.downssyndrom.no\/content\/uploads\/sites\/11\/2024\/06\/IMG_8488-779x1024.jpeg\" alt=\"\" class=\"wp-image-225\" srcset=\"https:\/\/www.downssyndrom.no\/content\/uploads\/sites\/11\/2024\/06\/IMG_8488-779x1024.jpeg 779w, https:\/\/www.downssyndrom.no\/content\/uploads\/sites\/11\/2024\/06\/IMG_8488-228x300.jpeg 228w, https:\/\/www.downssyndrom.no\/content\/uploads\/sites\/11\/2024\/06\/IMG_8488-768x1010.jpeg 768w, https:\/\/www.downssyndrom.no\/content\/uploads\/sites\/11\/2024\/06\/IMG_8488-1168x1536.jpeg 1168w, https:\/\/www.downssyndrom.no\/content\/uploads\/sites\/11\/2024\/06\/IMG_8488-1557x2048.jpeg 1557w, https:\/\/www.downssyndrom.no\/content\/uploads\/sites\/11\/2024\/06\/IMG_8488-scaled.jpeg 1947w\" sizes=\"auto, (max-width: 779px) 100vw, 779px\" \/><\/figure>\n\n\n\n<h2 class=\"wp-block-heading\" id=\"h-kommende-arrangementer\">Kommende arrangementer<\/h2>\n\n\n\n<h2 class=\"wp-block-heading\" id=\"h-enkeltarrangementer\">Enkeltarrangementer<\/h2>\n\n\n\n<h3 class=\"wp-block-heading\" id=\"h-juletrefest\">Juletrefest<\/h3>\n\n\n\n<p>Det er juletrefest tidlig i januar. Festen holdes p\u00e5 misjonshuset p\u00e5 Holsetgate 3, Hamar. Det er gang rundt juletreet, sang og&nbsp;musikk for barna og julenissen kommer med overraskelser!<\/p>\n\n\n\n<h3 class=\"wp-block-heading\" id=\"h-21-mars-pa-budor\">21. mars p\u00e5 Budor<\/h3>\n\n\n\n<p>Sammen med Ups &amp; Downs Oppland har vi flere \u00e5r arrangert skitreff p\u00e5 Budor i anledningen av verdensdagen for Downs syndrom 21. mars. Foreningen spanderer liftkort til ski eller aking og det blir grillet p\u00f8lser og spist kake. En hyggelig m\u00e5te \u00e5 m\u00f8tes i hele Innlandet.  <\/p>\n\n\n\n<h3 class=\"wp-block-heading\" id=\"h-hotellhelg\">Hotellhelg<\/h3>\n\n\n\n<p>Vi arrangerer \u00e5rlig en hotelhelg, som regel p\u00e5 v\u00e5ren og kombinerer med \u00e5rsm\u00f8te. Hotellhelgen er gratis for alle medlemmer med barn med Downs syndrom.<\/p>\n\n\n\n<h3 class=\"wp-block-heading\" id=\"h-vivil-lekene\">Vivil-lekene<\/h3>\n\n\n\n<p>I m\u00e5nedsskiftet mai-juni arrangeres Vivil-lekene, et idrettsarrangement&nbsp;for psykisk utviklingshemmede p\u00e5 Nadderud Stadion i B\u00e6rum. Ups &amp; Downs Hedmark stiller i 2024 med deltakere i ulike \u00f8velser.<\/p>\n\n\n\n<h3 class=\"wp-block-heading\" id=\"h-sommertreff\">Sommertreff<\/h3>\n\n\n\n<p>Vi organiserer et sommertreff i l\u00f8pet av sensommeren der grilling, bading og sosialt samv\u00e6r er det viktigste.<\/p>\n\n\n\n<h3 class=\"wp-block-heading\" id=\"h-diskokveld\">Diskokveld<\/h3>\n\n\n\n<p>I samarbeid med Ups &amp; Downs Oppland arrangerer vi diskokveld for de st\u00f8rre unge ca. 2 ganger i \u00e5ret.<\/p>\n\n\n\n<h3 class=\"wp-block-heading\" id=\"h-fagdag\">Fagdag<\/h3>\n\n\n\n<p>Vi arrangerer en fagdag i \u00e5ret i samarbeid med Habiliteringstjenesten i Hedmark. Her kan foreldre, fagpersoner og andre f\u00e5 informasjon om viktige temaer.<\/p>\n","protected":false},"excerpt":{"rendered":"","protected":false},"author":44,"featured_media":0,"parent":0,"menu_order":0,"comment_status":"closed","ping_status":"closed","template":"","meta":{"alternative_post_author":"","footnotes":""},"class_list":["post-45","page","type-page","status-publish","hentry"],"yoast_head":"<!-- This site is optimized with the Yoast SEO Premium plugin v26.4-RC2 (Yoast SEO v26.4-RC2) - https:\/\/yoast.com\/wordpress\/plugins\/seo\/ -->\n<title>Aktiviteter gjennom \u00e5ret i Hedmark fylke - Downs Syndrom Hedmark<\/title>\n<meta name=\"robots\" content=\"index, follow, max-snippet:-1, max-image-preview:large, max-video-preview:-1\" \/>\n<link rel=\"canonical\" href=\"https:\/\/www.downssyndrom.no\/hedmark\/aktiviteter-gjennom-aret\/\" \/>\n<meta property=\"og:locale\" content=\"nb_NO\" \/>\n<meta property=\"og:type\" content=\"article\" \/>\n<meta property=\"og:title\" content=\"Aktiviteter gjennom \u00e5ret i Hedmark fylke\" \/>\n<meta property=\"og:url\" content=\"https:\/\/www.downssyndrom.no\/hedmark\/aktiviteter-gjennom-aret\/\" \/>\n<meta property=\"og:site_name\" content=\"Downs Syndrom Hedmark\" \/>\n<meta property=\"article:modified_time\" content=\"2024-06-05T13:43:26+00:00\" \/>\n<meta property=\"og:image\" content=\"https:\/\/www.downssyndrom.no\/content\/uploads\/sites\/11\/2024\/06\/IMG_8488-779x1024.jpeg\" \/>\n<meta name=\"twitter:card\" content=\"summary_large_image\" \/>\n<meta name=\"twitter:label1\" content=\"Ansl. lesetid\" \/>\n\t<meta name=\"twitter:data1\" content=\"2 minutter\" \/>\n<script type=\"application\/ld+json\" class=\"yoast-schema-graph\">{\"@context\":\"https:\/\/schema.org\",\"@graph\":[{\"@type\":\"WebPage\",\"@id\":\"https:\/\/www.downssyndrom.no\/hedmark\/aktiviteter-gjennom-aret\/\",\"url\":\"https:\/\/www.downssyndrom.no\/hedmark\/aktiviteter-gjennom-aret\/\",\"name\":\"Aktiviteter gjennom \u00e5ret i Hedmark fylke - Downs Syndrom Hedmark\",\"isPartOf\":{\"@id\":\"https:\/\/www.downssyndrom.no\/hedmark\/#website\"},\"primaryImageOfPage\":{\"@id\":\"https:\/\/www.downssyndrom.no\/hedmark\/aktiviteter-gjennom-aret\/#primaryimage\"},\"image\":{\"@id\":\"https:\/\/www.downssyndrom.no\/hedmark\/aktiviteter-gjennom-aret\/#primaryimage\"},\"thumbnailUrl\":\"https:\/\/www.downssyndrom.no\/content\/uploads\/sites\/11\/2024\/06\/IMG_8488-779x1024.jpeg\",\"datePublished\":\"2024-04-04T21:35:26+00:00\",\"dateModified\":\"2024-06-05T13:43:26+00:00\",\"breadcrumb\":{\"@id\":\"https:\/\/www.downssyndrom.no\/hedmark\/aktiviteter-gjennom-aret\/#breadcrumb\"},\"inLanguage\":\"nb-NO\",\"potentialAction\":[{\"@type\":\"ReadAction\",\"target\":[\"https:\/\/www.downssyndrom.no\/hedmark\/aktiviteter-gjennom-aret\/\"]}]},{\"@type\":\"ImageObject\",\"inLanguage\":\"nb-NO\",\"@id\":\"https:\/\/www.downssyndrom.no\/hedmark\/aktiviteter-gjennom-aret\/#primaryimage\",\"url\":\"https:\/\/www.downssyndrom.no\/content\/uploads\/sites\/11\/2024\/06\/IMG_8488-779x1024.jpeg\",\"contentUrl\":\"https:\/\/www.downssyndrom.no\/content\/uploads\/sites\/11\/2024\/06\/IMG_8488-779x1024.jpeg\"},{\"@type\":\"BreadcrumbList\",\"@id\":\"https:\/\/www.downssyndrom.no\/hedmark\/aktiviteter-gjennom-aret\/#breadcrumb\",\"itemListElement\":[{\"@type\":\"ListItem\",\"position\":1,\"name\":\"Hjem\",\"item\":\"https:\/\/www.downssyndrom.no\/hedmark\/\"},{\"@type\":\"ListItem\",\"position\":2,\"name\":\"Aktiviteter gjennom \u00e5ret i Hedmark fylke\"}]},{\"@type\":\"WebSite\",\"@id\":\"https:\/\/www.downssyndrom.no\/hedmark\/#website\",\"url\":\"https:\/\/www.downssyndrom.no\/hedmark\/\",\"name\":\"Downs Syndrom Hedmark\",\"description\":\"\",\"publisher\":{\"@id\":\"https:\/\/www.downssyndrom.no\/hedmark\/#organization\"},\"potentialAction\":[{\"@type\":\"SearchAction\",\"target\":{\"@type\":\"EntryPoint\",\"urlTemplate\":\"https:\/\/www.downssyndrom.no\/hedmark\/?s={search_term_string}\"},\"query-input\":{\"@type\":\"PropertyValueSpecification\",\"valueRequired\":true,\"valueName\":\"search_term_string\"}}],\"inLanguage\":\"nb-NO\"},{\"@type\":\"Organization\",\"@id\":\"https:\/\/www.downssyndrom.no\/hedmark\/#organization\",\"name\":\"Downs Syndrom Hedmark\",\"url\":\"https:\/\/www.downssyndrom.no\/hedmark\/\",\"logo\":{\"@type\":\"ImageObject\",\"inLanguage\":\"nb-NO\",\"@id\":\"https:\/\/www.downssyndrom.no\/hedmark\/#\/schema\/logo\/image\/\",\"url\":\"https:\/\/www.downssyndrom.no\/content\/uploads\/sites\/11\/2024\/03\/cropped-logo-downs-syndrom-hedmark.png\",\"contentUrl\":\"https:\/\/www.downssyndrom.no\/content\/uploads\/sites\/11\/2024\/03\/cropped-logo-downs-syndrom-hedmark.png\",\"width\":1523,\"height\":387,\"caption\":\"Downs Syndrom Hedmark\"},\"image\":{\"@id\":\"https:\/\/www.downssyndrom.no\/hedmark\/#\/schema\/logo\/image\/\"}}]}<\/script>\n<!-- \/ Yoast SEO Premium plugin. -->","yoast_head_json":{"title":"Aktiviteter gjennom \u00e5ret i Hedmark fylke - Downs Syndrom Hedmark","robots":{"index":"index","follow":"follow","max-snippet":"max-snippet:-1","max-image-preview":"max-image-preview:large","max-video-preview":"max-video-preview:-1"},"canonical":"https:\/\/www.downssyndrom.no\/hedmark\/aktiviteter-gjennom-aret\/","og_locale":"nb_NO","og_type":"article","og_title":"Aktiviteter gjennom \u00e5ret i Hedmark fylke","og_url":"https:\/\/www.downssyndrom.no\/hedmark\/aktiviteter-gjennom-aret\/","og_site_name":"Downs Syndrom Hedmark","article_modified_time":"2024-06-05T13:43:26+00:00","og_image":[{"url":"https:\/\/www.downssyndrom.no\/content\/uploads\/sites\/11\/2024\/06\/IMG_8488-779x1024.jpeg","type":"","width":"","height":""}],"twitter_card":"summary_large_image","twitter_misc":{"Ansl. lesetid":"2 minutter"},"schema":{"@context":"https:\/\/schema.org","@graph":[{"@type":"WebPage","@id":"https:\/\/www.downssyndrom.no\/hedmark\/aktiviteter-gjennom-aret\/","url":"https:\/\/www.downssyndrom.no\/hedmark\/aktiviteter-gjennom-aret\/","name":"Aktiviteter gjennom \u00e5ret i Hedmark fylke - Downs Syndrom Hedmark","isPartOf":{"@id":"https:\/\/www.downssyndrom.no\/hedmark\/#website"},"primaryImageOfPage":{"@id":"https:\/\/www.downssyndrom.no\/hedmark\/aktiviteter-gjennom-aret\/#primaryimage"},"image":{"@id":"https:\/\/www.downssyndrom.no\/hedmark\/aktiviteter-gjennom-aret\/#primaryimage"},"thumbnailUrl":"https:\/\/www.downssyndrom.no\/content\/uploads\/sites\/11\/2024\/06\/IMG_8488-779x1024.jpeg","datePublished":"2024-04-04T21:35:26+00:00","dateModified":"2024-06-05T13:43:26+00:00","breadcrumb":{"@id":"https:\/\/www.downssyndrom.no\/hedmark\/aktiviteter-gjennom-aret\/#breadcrumb"},"inLanguage":"nb-NO","potentialAction":[{"@type":"ReadAction","target":["https:\/\/www.downssyndrom.no\/hedmark\/aktiviteter-gjennom-aret\/"]}]},{"@type":"ImageObject","inLanguage":"nb-NO","@id":"https:\/\/www.downssyndrom.no\/hedmark\/aktiviteter-gjennom-aret\/#primaryimage","url":"https:\/\/www.downssyndrom.no\/content\/uploads\/sites\/11\/2024\/06\/IMG_8488-779x1024.jpeg","contentUrl":"https:\/\/www.downssyndrom.no\/content\/uploads\/sites\/11\/2024\/06\/IMG_8488-779x1024.jpeg"},{"@type":"BreadcrumbList","@id":"https:\/\/www.downssyndrom.no\/hedmark\/aktiviteter-gjennom-aret\/#breadcrumb","itemListElement":[{"@type":"ListItem","position":1,"name":"Hjem","item":"https:\/\/www.downssyndrom.no\/hedmark\/"},{"@type":"ListItem","position":2,"name":"Aktiviteter gjennom \u00e5ret i Hedmark fylke"}]},{"@type":"WebSite","@id":"https:\/\/www.downssyndrom.no\/hedmark\/#website","url":"https:\/\/www.downssyndrom.no\/hedmark\/","name":"Downs Syndrom Hedmark","description":"","publisher":{"@id":"https:\/\/www.downssyndrom.no\/hedmark\/#organization"},"potentialAction":[{"@type":"SearchAction","target":{"@type":"EntryPoint","urlTemplate":"https:\/\/www.downssyndrom.no\/hedmark\/?s={search_term_string}"},"query-input":{"@type":"PropertyValueSpecification","valueRequired":true,"valueName":"search_term_string"}}],"inLanguage":"nb-NO"},{"@type":"Organization","@id":"https:\/\/www.downssyndrom.no\/hedmark\/#organization","name":"Downs Syndrom Hedmark","url":"https:\/\/www.downssyndrom.no\/hedmark\/","logo":{"@type":"ImageObject","inLanguage":"nb-NO","@id":"https:\/\/www.downssyndrom.no\/hedmark\/#\/schema\/logo\/image\/","url":"https:\/\/www.downssyndrom.no\/content\/uploads\/sites\/11\/2024\/03\/cropped-logo-downs-syndrom-hedmark.png","contentUrl":"https:\/\/www.downssyndrom.no\/content\/uploads\/sites\/11\/2024\/03\/cropped-logo-downs-syndrom-hedmark.png","width":1523,"height":387,"caption":"Downs Syndrom Hedmark"},"image":{"@id":"https:\/\/www.downssyndrom.no\/hedmark\/#\/schema\/logo\/image\/"}}]}},"_links":{"self":[{"href":"https:\/\/www.downssyndrom.no\/hedmark\/wp-json\/wp\/v2\/pages\/45","targetHints":{"allow":["GET"]}}],"collection":[{"href":"https:\/\/www.downssyndrom.no\/hedmark\/wp-json\/wp\/v2\/pages"}],"about":[{"href":"https:\/\/www.downssyndrom.no\/hedmark\/wp-json\/wp\/v2\/types\/page"}],"author":[{"embeddable":true,"href":"https:\/\/www.downssyndrom.no\/hedmark\/wp-json\/wp\/v2\/users\/44"}],"replies":[{"embeddable":true,"href":"https:\/\/www.downssyndrom.no\/hedmark\/wp-json\/wp\/v2\/comments?post=45"}],"version-history":[{"count":5,"href":"https:\/\/www.downssyndrom.no\/hedmark\/wp-json\/wp\/v2\/pages\/45\/revisions"}],"predecessor-version":[{"id":226,"href":"https:\/\/www.downssyndrom.no\/hedmark\/wp-json\/wp\/v2\/pages\/45\/revisions\/226"}],"wp:attachment":[{"href":"https:\/\/www.downssyndrom.no\/hedmark\/wp-json\/wp\/v2\/media?parent=45"}],"curies":[{"name":"wp","href":"https:\/\/api.w.org\/{rel}","templated":true}]}}