{"id":94,"date":"2024-04-05T14:18:04","date_gmt":"2024-04-05T12:18:04","guid":{"rendered":"https:\/\/www.downssyndrom.no\/baerum\/?page_id=94"},"modified":"2024-04-08T13:20:16","modified_gmt":"2024-04-08T11:20:16","slug":"hva-skjer-i-baerum","status":"publish","type":"page","link":"https:\/\/www.downssyndrom.no\/baerum\/hva-skjer-i-baerum\/","title":{"rendered":"Hva skjer i B\u00e6rum?"},"content":{"rendered":"\n\t<div class=\"dsn-hero has-global-padding is-layout-constrained alignfull wp-block-dsn-hero has-background has-colombia-blue-background-color\">\n\t\t<div class=\"dsn-hero__content alignwide\">\n\t\t\t<div class=\"dsn-hero__blocks\">\n\t\t\t\t\n<h1 class=\"wp-block-post-title\">Hva skjer i B\u00e6rum?<\/h1>\n\n\n<p>Her kommer en oversikt over hva som skjer i Downs Syndrom B\u00e6rum. Inntil videre kan du bes\u00f8ke v\u00e5r <a href=\"https:\/\/www.facebook.com\/groups\/755310717838558\" target=\"_blank\" rel=\"noreferrer noopener\">Facebookside<\/a>. Arrangementene er som regel for v\u00e5re medlemmer.<\/p>\n\n\n\n<div class=\"wp-block-buttons is-layout-flex wp-block-buttons-is-layout-flex\">\n<div class=\"wp-block-button has-icon has-icon-arrowOutward\"><a class=\"wp-block-button__link wp-element-button\" href=\"https:\/\/www.downssyndrom.no\/bli-medlem\/\">Bli medlem her<svg xmlns=\"http:\/\/www.w3.org\/2000\/svg\" viewBox=\"0 0 24 24\" height=\"24\" width=\"24\" class=\"t2-icon t2-icon-arrowoutward\" aria-hidden=\"true\" focusable=\"false\"><path d=\"m16 8.398438-8.875 8.902343c-.199219.199219-.4375.300781-.710938.300781-.277343 0-.515624-.101562-.714843-.300781-.199219-.199219-.300781-.4375-.300781-.714843 0-.273438.101562-.511719.300781-.710938L14.601562 7H7c-.285156 0-.519531-.097656-.710938-.289062C6.097656 6.519531 6 6.285156 6 6c0-.285156.097656-.519531.289062-.710938C6.480469 5.097656 6.714844 5 7 5h10c.285156 0 .519531.097656.710938.289062C17.902344 5.480469 18 5.714844 18 6v10c0 .285156-.097656.519531-.289062.710938C17.519531 16.902344 17.285156 17 17 17c-.285156 0-.519531-.097656-.710938-.289062C16.097656 16.519531 16 16.285156 16 16Zm0 0\" fill=\"currentColor\" \/><\/svg><\/a><\/div>\n<\/div>\n\n\t\t\t<\/div>\n\t\t\t<img fetchpriority=\"high\" decoding=\"async\" width=\"1000\" height=\"750\" src=\"https:\/\/www.downssyndrom.no\/content\/uploads\/sites\/12\/2024\/04\/Rockesokker-6.png\" class=\"dsn-hero__image\" alt=\"\" style=\"object-position: 50% 50%\" loading=\"eager\" \/>\t\t<\/div>\n\t<\/div>\n\t\n\n<div class=\"t2-query is-post-type-event with-taxonomy-filters with-sort-by-dropdown with-active-filters-pills wp-block-t2-query\" data-args=\"{&quot;id&quot;:&quot;&quot;,&quot;query&quot;:{&quot;is_t2_query&quot;:true,&quot;meta_query&quot;:[{&quot;key&quot;:&quot;event_start_datetime_ts&quot;,&quot;value&quot;:1777623492,&quot;compare&quot;:&quot;&gt;=&quot;,&quot;type&quot;:&quot;NUMERIC&quot;}],&quot;meta_key&quot;:&quot;event_start_datetime_ts&quot;,&quot;post_type&quot;:&quot;event&quot;,&quot;posts_per_page&quot;:9,&quot;order&quot;:&quot;ASC&quot;,&quot;orderby&quot;:&quot;meta_value_num&quot;},&quot;taxonomies&quot;:[],&quot;display_active_filters&quot;:true,&quot;display_pagination&quot;:true,&quot;display_post_type_filter&quot;:false}\"><form action=\"#\" method=\"get\" class=\"query-filters with-1-filters\"><fieldset class=\"t2-query__fieldset filter-sortby\">\n\t\t\t\t<label for=\"filter-select-sortby\">Sorter etter<\/label>\n\t\t\t\t<select id=\"filter-select-sortby\" name=\"sortby\" class=\"use-tom-select\">\n\t\t\t\t\t<option value=\"upcoming\" selected='selected'>Kommende arrangementer<\/option><option value=\"all\">Tidligere og kommende arrangementer<\/option>\n\t\t\t\t<\/select>\n\t\t\t<\/fieldset><\/form><ul class=\"query-active-filters no-active-filters\"><\/ul><ul class=\"query-results no-results\"><li>Ingen resultater funnet.<\/li><\/ul><nav class=\"query-pagination\" aria-label=\"Paginering\"><\/nav><\/div>","protected":false},"excerpt":{"rendered":"","protected":false},"author":4,"featured_media":0,"parent":0,"menu_order":0,"comment_status":"closed","ping_status":"closed","template":"","meta":{"alternative_post_author":"","footnotes":""},"class_list":["post-94","page","type-page","status-publish","hentry"],"yoast_head":"<!-- This site is optimized with the Yoast SEO Premium plugin v26.4-RC2 (Yoast SEO v26.4-RC2) - https:\/\/yoast.com\/wordpress\/plugins\/seo\/ -->\n<title>Hva skjer i B\u00e6rum? - Downs Syndrom B\u00e6rum<\/title>\n<meta name=\"robots\" content=\"index, follow, max-snippet:-1, max-image-preview:large, max-video-preview:-1\" \/>\n<link rel=\"canonical\" href=\"https:\/\/www.downssyndrom.no\/baerum\/hva-skjer-i-baerum\/\" \/>\n<meta property=\"og:locale\" content=\"nb_NO\" \/>\n<meta property=\"og:type\" content=\"article\" \/>\n<meta property=\"og:title\" content=\"Hva skjer i B\u00e6rum?\" \/>\n<meta property=\"og:url\" content=\"https:\/\/www.downssyndrom.no\/baerum\/hva-skjer-i-baerum\/\" \/>\n<meta property=\"og:site_name\" content=\"Downs Syndrom B\u00e6rum\" \/>\n<meta property=\"article:modified_time\" content=\"2024-04-08T11:20:16+00:00\" \/>\n<meta name=\"twitter:card\" content=\"summary_large_image\" \/>\n<meta name=\"twitter:label1\" content=\"Ansl. lesetid\" \/>\n\t<meta name=\"twitter:data1\" content=\"1 minutt\" \/>\n<script type=\"application\/ld+json\" class=\"yoast-schema-graph\">{\"@context\":\"https:\/\/schema.org\",\"@graph\":[{\"@type\":\"WebPage\",\"@id\":\"https:\/\/www.downssyndrom.no\/baerum\/hva-skjer-i-baerum\/\",\"url\":\"https:\/\/www.downssyndrom.no\/baerum\/hva-skjer-i-baerum\/\",\"name\":\"Hva skjer i B\u00e6rum? - Downs Syndrom B\u00e6rum\",\"isPartOf\":{\"@id\":\"https:\/\/www.downssyndrom.no\/baerum\/#website\"},\"datePublished\":\"2024-04-05T12:18:04+00:00\",\"dateModified\":\"2024-04-08T11:20:16+00:00\",\"breadcrumb\":{\"@id\":\"https:\/\/www.downssyndrom.no\/baerum\/hva-skjer-i-baerum\/#breadcrumb\"},\"inLanguage\":\"nb-NO\",\"potentialAction\":[{\"@type\":\"ReadAction\",\"target\":[\"https:\/\/www.downssyndrom.no\/baerum\/hva-skjer-i-baerum\/\"]}]},{\"@type\":\"BreadcrumbList\",\"@id\":\"https:\/\/www.downssyndrom.no\/baerum\/hva-skjer-i-baerum\/#breadcrumb\",\"itemListElement\":[{\"@type\":\"ListItem\",\"position\":1,\"name\":\"Hjem\",\"item\":\"https:\/\/www.downssyndrom.no\/baerum\/\"},{\"@type\":\"ListItem\",\"position\":2,\"name\":\"Hva skjer i B\u00e6rum?\"}]},{\"@type\":\"WebSite\",\"@id\":\"https:\/\/www.downssyndrom.no\/baerum\/#website\",\"url\":\"https:\/\/www.downssyndrom.no\/baerum\/\",\"name\":\"Downs Syndrom B\u00e6rum\",\"description\":\"\",\"publisher\":{\"@id\":\"https:\/\/www.downssyndrom.no\/baerum\/#organization\"},\"potentialAction\":[{\"@type\":\"SearchAction\",\"target\":{\"@type\":\"EntryPoint\",\"urlTemplate\":\"https:\/\/www.downssyndrom.no\/baerum\/?s={search_term_string}\"},\"query-input\":{\"@type\":\"PropertyValueSpecification\",\"valueRequired\":true,\"valueName\":\"search_term_string\"}}],\"inLanguage\":\"nb-NO\"},{\"@type\":\"Organization\",\"@id\":\"https:\/\/www.downssyndrom.no\/baerum\/#organization\",\"name\":\"Downs Syndrom B\u00e6rum\",\"url\":\"https:\/\/www.downssyndrom.no\/baerum\/\",\"logo\":{\"@type\":\"ImageObject\",\"inLanguage\":\"nb-NO\",\"@id\":\"https:\/\/www.downssyndrom.no\/baerum\/#\/schema\/logo\/image\/\",\"url\":\"https:\/\/www.downssyndrom.no\/content\/uploads\/sites\/12\/2024\/03\/cropped-logo-downs-syndrom-baerum.png\",\"contentUrl\":\"https:\/\/www.downssyndrom.no\/content\/uploads\/sites\/12\/2024\/03\/cropped-logo-downs-syndrom-baerum.png\",\"width\":1523,\"height\":387,\"caption\":\"Downs Syndrom B\u00e6rum\"},\"image\":{\"@id\":\"https:\/\/www.downssyndrom.no\/baerum\/#\/schema\/logo\/image\/\"}}]}<\/script>\n<!-- \/ Yoast SEO Premium plugin. -->","yoast_head_json":{"title":"Hva skjer i B\u00e6rum? - Downs Syndrom B\u00e6rum","robots":{"index":"index","follow":"follow","max-snippet":"max-snippet:-1","max-image-preview":"max-image-preview:large","max-video-preview":"max-video-preview:-1"},"canonical":"https:\/\/www.downssyndrom.no\/baerum\/hva-skjer-i-baerum\/","og_locale":"nb_NO","og_type":"article","og_title":"Hva skjer i B\u00e6rum?","og_url":"https:\/\/www.downssyndrom.no\/baerum\/hva-skjer-i-baerum\/","og_site_name":"Downs Syndrom B\u00e6rum","article_modified_time":"2024-04-08T11:20:16+00:00","twitter_card":"summary_large_image","twitter_misc":{"Ansl. lesetid":"1 minutt"},"schema":{"@context":"https:\/\/schema.org","@graph":[{"@type":"WebPage","@id":"https:\/\/www.downssyndrom.no\/baerum\/hva-skjer-i-baerum\/","url":"https:\/\/www.downssyndrom.no\/baerum\/hva-skjer-i-baerum\/","name":"Hva skjer i B\u00e6rum? - Downs Syndrom B\u00e6rum","isPartOf":{"@id":"https:\/\/www.downssyndrom.no\/baerum\/#website"},"datePublished":"2024-04-05T12:18:04+00:00","dateModified":"2024-04-08T11:20:16+00:00","breadcrumb":{"@id":"https:\/\/www.downssyndrom.no\/baerum\/hva-skjer-i-baerum\/#breadcrumb"},"inLanguage":"nb-NO","potentialAction":[{"@type":"ReadAction","target":["https:\/\/www.downssyndrom.no\/baerum\/hva-skjer-i-baerum\/"]}]},{"@type":"BreadcrumbList","@id":"https:\/\/www.downssyndrom.no\/baerum\/hva-skjer-i-baerum\/#breadcrumb","itemListElement":[{"@type":"ListItem","position":1,"name":"Hjem","item":"https:\/\/www.downssyndrom.no\/baerum\/"},{"@type":"ListItem","position":2,"name":"Hva skjer i B\u00e6rum?"}]},{"@type":"WebSite","@id":"https:\/\/www.downssyndrom.no\/baerum\/#website","url":"https:\/\/www.downssyndrom.no\/baerum\/","name":"Downs Syndrom B\u00e6rum","description":"","publisher":{"@id":"https:\/\/www.downssyndrom.no\/baerum\/#organization"},"potentialAction":[{"@type":"SearchAction","target":{"@type":"EntryPoint","urlTemplate":"https:\/\/www.downssyndrom.no\/baerum\/?s={search_term_string}"},"query-input":{"@type":"PropertyValueSpecification","valueRequired":true,"valueName":"search_term_string"}}],"inLanguage":"nb-NO"},{"@type":"Organization","@id":"https:\/\/www.downssyndrom.no\/baerum\/#organization","name":"Downs Syndrom B\u00e6rum","url":"https:\/\/www.downssyndrom.no\/baerum\/","logo":{"@type":"ImageObject","inLanguage":"nb-NO","@id":"https:\/\/www.downssyndrom.no\/baerum\/#\/schema\/logo\/image\/","url":"https:\/\/www.downssyndrom.no\/content\/uploads\/sites\/12\/2024\/03\/cropped-logo-downs-syndrom-baerum.png","contentUrl":"https:\/\/www.downssyndrom.no\/content\/uploads\/sites\/12\/2024\/03\/cropped-logo-downs-syndrom-baerum.png","width":1523,"height":387,"caption":"Downs Syndrom B\u00e6rum"},"image":{"@id":"https:\/\/www.downssyndrom.no\/baerum\/#\/schema\/logo\/image\/"}}]}},"_links":{"self":[{"href":"https:\/\/www.downssyndrom.no\/baerum\/wp-json\/wp\/v2\/pages\/94","targetHints":{"allow":["GET"]}}],"collection":[{"href":"https:\/\/www.downssyndrom.no\/baerum\/wp-json\/wp\/v2\/pages"}],"about":[{"href":"https:\/\/www.downssyndrom.no\/baerum\/wp-json\/wp\/v2\/types\/page"}],"author":[{"embeddable":true,"href":"https:\/\/www.downssyndrom.no\/baerum\/wp-json\/wp\/v2\/users\/4"}],"replies":[{"embeddable":true,"href":"https:\/\/www.downssyndrom.no\/baerum\/wp-json\/wp\/v2\/comments?post=94"}],"version-history":[{"count":5,"href":"https:\/\/www.downssyndrom.no\/baerum\/wp-json\/wp\/v2\/pages\/94\/revisions"}],"predecessor-version":[{"id":137,"href":"https:\/\/www.downssyndrom.no\/baerum\/wp-json\/wp\/v2\/pages\/94\/revisions\/137"}],"wp:attachment":[{"href":"https:\/\/www.downssyndrom.no\/baerum\/wp-json\/wp\/v2\/media?parent=94"}],"curies":[{"name":"wp","href":"https:\/\/api.w.org\/{rel}","templated":true}]}}